{"id":91,"date":"2018-04-11T12:30:43","date_gmt":"2018-04-11T10:30:43","guid":{"rendered":"http:\/\/ribeiro-avocat.com\/?page_id=91"},"modified":"2022-10-08T18:55:31","modified_gmt":"2022-10-08T16:55:31","slug":"avantage-acquisition","status":"publish","type":"page","link":"https:\/\/ribeiro-avocat.com\/index.php\/avantage-acquisition\/","title":{"rendered":"Avantage Acquisition"},"content":{"rendered":"\n  <div class=\"banner has-hover\" id=\"banner-419103933\">\n          <div class=\"banner-inner fill\">\n        <div class=\"banner-bg fill\" >\n            <img loading=\"lazy\" decoding=\"async\" width=\"1020\" height=\"680\" src=\"https:\/\/ribeiro-avocat.com\/wp-content\/uploads\/2022\/10\/architecture-22039_1920-1024x683.jpg\" class=\"bg attachment-large size-large\" alt=\"\" \/>                                    \n                    <\/div>\n\t\t\n        <div class=\"banner-layers container\">\n            <div class=\"fill banner-link\"><\/div>            \n   <div id=\"text-box-1362213181\" class=\"text-box banner-layer x50 md-x50 lg-x50 y50 md-y50 lg-y50 res-text\">\n                                <div class=\"text-box-content text dark\">\n              \n              <div class=\"text-inner text-center\">\n                  \n<h3 class=\"uppercase\"><b>les avantages d&rsquo;acheter un bien AVEC UN AVOCAT MANDATAIRE\u00a0<\/b><\/h3>\n<h5><em>Confiance, Comp\u00e9tence, Confidentialit\u00e9<\/em><\/h5>\n              <\/div>\n           <\/div>\n                            \n<style>\n#text-box-1362213181 {\n  width: 60%;\n}\n#text-box-1362213181 .text-box-content {\n  font-size: 100%;\n}\n<\/style>\n    <\/div>\n \n        <\/div>\n      <\/div>\n\n            \n<style>\n#banner-419103933 {\n  padding-top: 230px;\n}\n<\/style>\n  <\/div>\n\n\n<p style=\"text-align: center;\">En exer\u00e7ant l&rsquo;activit\u00e9 de mandataire immobilier, Ma\u00eetre Ribeiro de Carvalho peut tout d&rsquo;abord vous aider \u00e0 trouver le bien qui vous correspond et conforme au prix du march\u00e9. Vous pouvez ensuite\u00a0<a href=\"https:\/\/ribeiro-avocat.com\/index.php\/biens-a-vendre\/\">consultez<\/a> les biens qu&rsquo;il met \u00e0 la vente.\u00a0 En confiant un mandat de recherche \u00e0 votre avocat mandataire, vous vous assurez les conseils d&rsquo;un professionnel du droit ind\u00e9pendant, qualifi\u00e9 et surtout soumis \u00e0 une stricte d\u00e9ontologie. Afin d&rsquo;\u00eatre continuellement au fait du march\u00e9 immobilier et de l&rsquo;actualit\u00e9 juridique, Ma\u00eetre Ribeiro de Carvalho est membre de <a href=\"https:\/\/www.avocat-immo.fr\/\">l&rsquo;AAMTI<\/a> (Association des avocats en transaction immobili\u00e8re).<\/p>\n\n\t<section class=\"section\" id=\"section_386772680\">\n\t\t<div class=\"section-bg fill\" >\n\t\t\t\t\t\t\t\t\t\n\t\t\t\n\n\t\t<\/div>\n\n\t\t\n\n\t\t<div class=\"section-content relative\">\n\t\t\t\n<div class=\"row row-large align-center row-divided\"  id=\"row-530264132\">\n\n\t<div id=\"col-1789684011\" class=\"col medium-4 large-4\"  >\n\t\t\t\t<div class=\"col-inner text-center\"  >\n\t\t\t\n\t\t\t\n    <div class=\"box has-hover has-hover box-text-bottom\" >\n\n                  <div class=\"box-image \" style=\"width:47%;\">\n           <div class=\"box-image-inner image-cover\" style=\"border-radius:100%;padding-top:100%;\">\n              <img loading=\"lazy\" decoding=\"async\" width=\"800\" height=\"600\" src=\"https:\/\/ribeiro-avocat.com\/wp-content\/uploads\/2018\/04\/code-civil.jpg\" class=\"attachment- size-\" alt=\"\" srcset=\"https:\/\/ribeiro-avocat.com\/wp-content\/uploads\/2018\/04\/code-civil.jpg 800w, https:\/\/ribeiro-avocat.com\/wp-content\/uploads\/2018\/04\/code-civil-300x225.jpg 300w, https:\/\/ribeiro-avocat.com\/wp-content\/uploads\/2018\/04\/code-civil-768x576.jpg 768w, https:\/\/ribeiro-avocat.com\/wp-content\/uploads\/2018\/04\/code-civil-600x450.jpg 600w\" sizes=\"auto, (max-width: 800px) 100vw, 800px\" \/>                         <\/div>\n          <\/div>\n         \n          <div class=\"box-text text-center\" >\n                <div class=\"box-text-inner\">\n                  <h4 class=\"uppercase\">\n                    <span class=\"person-name\">accompagnement juridique<\/span><br\/>\n                    <span class=\"person-title is-small thin-font op-7\">\n                                          <\/span>\n                  <\/h4>\n\t\t\t\t\t\n<ul>\n<li style=\"text-align: center;\">Contr\u00f4le de la Copropri\u00e9t\u00e9 (r\u00e8glement de copropri\u00e9t\u00e9, Assembl\u00e9e g\u00e9n\u00e9rale etc).<\/li>\n<li style=\"text-align: center;\">V\u00e9rification des servitudes et droit de pr\u00e9emption.<\/li>\n<li style=\"text-align: center;\">R\u00e9daction statuts de Soci\u00e9t\u00e9.<\/li>\n<li style=\"text-align: center;\">Pr\u00e9paration de l&rsquo;offre d&rsquo;achat.<\/li>\n<li style=\"text-align: center;\">Pr\u00e9paration ou R\u00e9daction du compromis de vente.<\/li>\n<li>Revue de l&rsquo;acte de vente du Notaire.<\/li>\n<\/ul>\n                <\/div>\n          <\/div>\n    <\/div>\n\n\t\n    \n<a href=\"https:\/\/ribeiro-avocat.com\/index.php\/conseil-juridique\/\" class=\"button primary\" style=\"border-radius:99px;\">\n\t\t<span>en savoir plus<\/span>\n\t<\/a>\n\n\t\t<\/div>\n\t\t\t\t\t<\/div>\n\n\t\n\n\t<div id=\"col-720188\" class=\"col medium-4 large-4\"  >\n\t\t\t\t<div class=\"col-inner text-center\"  >\n\t\t\t\n\t\t\t\n    <div class=\"box has-hover has-hover box-text-bottom\" >\n\n                  <div class=\"box-image \" style=\"width:47%;\">\n           <div class=\"box-image-inner image-cover\" style=\"border-radius:100%;padding-top:100%;\">\n              <img loading=\"lazy\" decoding=\"async\" width=\"800\" height=\"536\" src=\"https:\/\/ribeiro-avocat.com\/wp-content\/uploads\/2018\/04\/avocat-robe-1.jpg\" class=\"attachment- size-\" alt=\"\" srcset=\"https:\/\/ribeiro-avocat.com\/wp-content\/uploads\/2018\/04\/avocat-robe-1.jpg 800w, https:\/\/ribeiro-avocat.com\/wp-content\/uploads\/2018\/04\/avocat-robe-1-300x201.jpg 300w, https:\/\/ribeiro-avocat.com\/wp-content\/uploads\/2018\/04\/avocat-robe-1-768x515.jpg 768w, https:\/\/ribeiro-avocat.com\/wp-content\/uploads\/2018\/04\/avocat-robe-1-600x402.jpg 600w\" sizes=\"auto, (max-width: 800px) 100vw, 800px\" \/>                         <\/div>\n          <\/div>\n         \n          <div class=\"box-text text-center\" >\n                <div class=\"box-text-inner\">\n                  <h4 class=\"uppercase\">\n                    <span class=\"person-name\">SECRET PROFESSIONNEL<\/span><br\/>\n                    <span class=\"person-title is-small thin-font op-7\">\n                                          <\/span>\n                  <\/h4>\n\t\t\t\t\t\n<ul>\n<li>Garantie contre le conflit d&rsquo;int\u00e9r\u00eat.<\/li>\n<li>Protection du secret des affaires.<\/li>\n<\/ul>\n<p>\u00a0<\/p>\n<p>\u00a0<\/p>\n<p>\u00a0<\/p>\n<p>\u00a0<\/p>\n<p>\u00a0<\/p>\n<p>\u00a0<\/p>\n<p>\u00a0<\/p>\n<p>\u00a0<\/p>\n                <\/div>\n          <\/div>\n    <\/div>\n\n\t\n    \n<a href=\"https:\/\/ribeiro-avocat.com\/index.php\/secret-professionnel\/\" class=\"button primary\" style=\"border-radius:99px;\">\n\t\t<span>en savoir plus<\/span>\n\t<\/a>\n\n\t\t<\/div>\n\t\t\t\t\t<\/div>\n\n\t\n\n\t<div id=\"col-218321000\" class=\"col medium-4 large-4\"  >\n\t\t\t\t<div class=\"col-inner text-center\"  >\n\t\t\t\n\t\t\t\n    <div class=\"box has-hover has-hover box-text-bottom\" >\n\n                  <div class=\"box-image \" style=\"width:47%;\">\n           <div class=\"box-image-inner image-cover\" style=\"border-radius:100%;padding-top:100%;\">\n              <img loading=\"lazy\" decoding=\"async\" width=\"4000\" height=\"3000\" src=\"https:\/\/ribeiro-avocat.com\/wp-content\/uploads\/2018\/04\/7385180-11372774.jpg\" class=\"attachment- size-\" alt=\"\" srcset=\"https:\/\/ribeiro-avocat.com\/wp-content\/uploads\/2018\/04\/7385180-11372774.jpg 4000w, https:\/\/ribeiro-avocat.com\/wp-content\/uploads\/2018\/04\/7385180-11372774-300x225.jpg 300w, https:\/\/ribeiro-avocat.com\/wp-content\/uploads\/2018\/04\/7385180-11372774-768x576.jpg 768w, https:\/\/ribeiro-avocat.com\/wp-content\/uploads\/2018\/04\/7385180-11372774-1024x768.jpg 1024w, https:\/\/ribeiro-avocat.com\/wp-content\/uploads\/2018\/04\/7385180-11372774-600x450.jpg 600w\" sizes=\"auto, (max-width: 4000px) 100vw, 4000px\" \/>                         <\/div>\n          <\/div>\n         \n          <div class=\"box-text text-center\" >\n                <div class=\"box-text-inner\">\n                  <h4 class=\"uppercase\">\n                    <span class=\"person-name\">fiscalite<\/span><br\/>\n                    <span class=\"person-title is-small thin-font op-7\">\n                                          <\/span>\n                  <\/h4>\n\t\t\t\t\t\n<ul>\n<li>Accompagnement sur les enjeux fiscaux du projet.<\/li>\n<li>Le cabinet travaille r\u00e9guli\u00e8rement avec des fiscalistes pour optimiser votre projet.<\/li>\n<\/ul>\n<p>\u00a0<\/p>\n<p>\u00a0<\/p>\n<p>\u00a0<\/p>\n<p>\u00a0<\/p>\n<p>\u00a0<\/p>\n<p>\u00a0<\/p>\n                <\/div>\n          <\/div>\n    <\/div>\n\n\t\n    \n<a href=\"https:\/\/ribeiro-avocat.com\/index.php\/exemple-deduction-fiscale\/\" class=\"button primary\" style=\"border-radius:99px;\">\n\t\t<span>en savoir plus<\/span>\n\t<\/a>\n\n\t\t<\/div>\n\t\t\t\t\t<\/div>\n\n\t\n<\/div>\n\t\t<\/div>\n\n\t\t\n<style>\n#section_386772680 {\n  padding-top: 30px;\n  padding-bottom: 30px;\n  background-color: rgb(255, 255, 255);\n}\n<\/style>\n\t<\/section>\n\t\n","protected":false},"excerpt":{"rendered":"<p>En exer\u00e7ant l&rsquo;activit\u00e9 de mandataire immobilier, Ma\u00eetre Ribeiro de Carvalho peut tout d&rsquo;abord vous aider \u00e0 trouver le bien qui vous correspond et conforme au prix du march\u00e9. Vous pouvez ensuite\u00a0consultez les biens qu&rsquo;il met \u00e0 la vente.\u00a0 En confiant un mandat de recherche \u00e0 votre avocat mandataire, vous vous assurez les conseils d&rsquo;un professionnel [&#8230;]\n","protected":false},"author":1,"featured_media":0,"parent":0,"menu_order":0,"comment_status":"closed","ping_status":"closed","template":"page-blank.php","meta":{"footnotes":""},"class_list":["post-91","page","type-page","status-publish","hentry"],"_links":{"self":[{"href":"https:\/\/ribeiro-avocat.com\/index.php\/wp-json\/wp\/v2\/pages\/91","targetHints":{"allow":["GET"]}}],"collection":[{"href":"https:\/\/ribeiro-avocat.com\/index.php\/wp-json\/wp\/v2\/pages"}],"about":[{"href":"https:\/\/ribeiro-avocat.com\/index.php\/wp-json\/wp\/v2\/types\/page"}],"author":[{"embeddable":true,"href":"https:\/\/ribeiro-avocat.com\/index.php\/wp-json\/wp\/v2\/users\/1"}],"replies":[{"embeddable":true,"href":"https:\/\/ribeiro-avocat.com\/index.php\/wp-json\/wp\/v2\/comments?post=91"}],"version-history":[{"count":87,"href":"https:\/\/ribeiro-avocat.com\/index.php\/wp-json\/wp\/v2\/pages\/91\/revisions"}],"predecessor-version":[{"id":2169,"href":"https:\/\/ribeiro-avocat.com\/index.php\/wp-json\/wp\/v2\/pages\/91\/revisions\/2169"}],"wp:attachment":[{"href":"https:\/\/ribeiro-avocat.com\/index.php\/wp-json\/wp\/v2\/media?parent=91"}],"curies":[{"name":"wp","href":"https:\/\/api.w.org\/{rel}","templated":true}]}}