{"id":659,"date":"2018-11-05T18:05:01","date_gmt":"2018-11-05T17:05:01","guid":{"rendered":"https:\/\/ribeiro-avocat.com\/?page_id=659"},"modified":"2019-04-22T20:34:38","modified_gmt":"2019-04-22T18:34:38","slug":"conseil-juridique-vente","status":"publish","type":"page","link":"https:\/\/ribeiro-avocat.com\/index.php\/conseil-juridique-vente\/","title":{"rendered":"Conseil juridique vente"},"content":{"rendered":"    <div class=\"box has-hover has-hover box-text-bottom\" >\n\n                  <div class=\"box-image \" style=\"width:18%;\">\n           <div class=\"box-image-inner image-cover\" style=\"border-radius:100%;padding-top:100%;\">\n              <img loading=\"lazy\" decoding=\"async\" width=\"800\" height=\"600\" src=\"https:\/\/ribeiro-avocat.com\/wp-content\/uploads\/2018\/04\/code-civil.jpg\" class=\"attachment- size-\" alt=\"\" srcset=\"https:\/\/ribeiro-avocat.com\/wp-content\/uploads\/2018\/04\/code-civil.jpg 800w, https:\/\/ribeiro-avocat.com\/wp-content\/uploads\/2018\/04\/code-civil-300x225.jpg 300w, https:\/\/ribeiro-avocat.com\/wp-content\/uploads\/2018\/04\/code-civil-768x576.jpg 768w, https:\/\/ribeiro-avocat.com\/wp-content\/uploads\/2018\/04\/code-civil-600x450.jpg 600w\" sizes=\"auto, (max-width: 800px) 100vw, 800px\" \/>                         <\/div>\n          <\/div>\n         \n          <div class=\"box-text text-center is-large\" >\n                <div class=\"box-text-inner\">\n                  <h4 class=\"uppercase\">\n                    <span class=\"person-name\">CONSEIL JURIDIQUE<\/span><br\/>\n                    <span class=\"person-title is-small thin-font op-7\">\n                                          <\/span>\n                  <\/h4>\n\t\t\t\t\t\n                <\/div>\n          <\/div>\n    <\/div>\n\n\t\n    \n<p>Choisir de passer par un avocat mandataire pour vendre son bien immobilier, c&rsquo;est avant tout opter pour la s\u00e9curit\u00e9 de son op\u00e9ration immobili\u00e8re.<\/p>\n<p>L&rsquo;avocat vous assiste en amont de la vente sur les cons\u00e9quences fiscales notamment pour le calcul de la plus value ou sur les normes internationales pour les personnes \u00e9trang\u00e8res.<\/p>\n<p>Ma\u00eetre Ribeiro de Carvalho a acquis une solide ex\u00e9p\u00e9rience du march\u00e9 immobilier de\u00a0 sa r\u00e9gion et sera \u00e0 m\u00eame de vous fournir une \u00e9valuation pr\u00e9cise et concordante de votre bien.<\/p>\n<p>Il est \u00e9galement \u00e0 m\u00eame de r\u00e9diger le compromis de vente et de v\u00e9rifier que vos int\u00e9r\u00eats sont parfaitement prot\u00e9g\u00e9s.<\/p>\n<p>Ma\u00eetre Ribeiro de Carvalho vous accompagne ainsi tout au long de l&rsquo;op\u00e9ration que ce soit avant, pendant ou apr\u00e8s la vente.<\/p>\n<p>Il convient \u00e9galement de pr\u00e9ciser qu&rsquo;en tant que professionnel soumis \u00e0 une r\u00e9glementation stricte, les avocats du Barreau de Nice b\u00e9n\u00e9ficient d&rsquo;une assurance professionnelle adapt\u00e9e aux enjeux.<\/p>\n    <div class=\"box has-hover has-hover box-text-bottom\" >\n\n                  <div class=\"box-image \" style=\"width:18%;\">\n           <div class=\"box-image-inner image-cover\" style=\"border-radius:100%;padding-top:100%;\">\n              <img loading=\"lazy\" decoding=\"async\" width=\"800\" height=\"536\" src=\"https:\/\/ribeiro-avocat.com\/wp-content\/uploads\/2018\/04\/avocat-robe-1.jpg\" class=\"attachment- size-\" alt=\"\" srcset=\"https:\/\/ribeiro-avocat.com\/wp-content\/uploads\/2018\/04\/avocat-robe-1.jpg 800w, https:\/\/ribeiro-avocat.com\/wp-content\/uploads\/2018\/04\/avocat-robe-1-300x201.jpg 300w, https:\/\/ribeiro-avocat.com\/wp-content\/uploads\/2018\/04\/avocat-robe-1-768x515.jpg 768w, https:\/\/ribeiro-avocat.com\/wp-content\/uploads\/2018\/04\/avocat-robe-1-600x402.jpg 600w\" sizes=\"auto, (max-width: 800px) 100vw, 800px\" \/>                         <\/div>\n          <\/div>\n         \n          <div class=\"box-text text-center is-large\" >\n                <div class=\"box-text-inner\">\n                  <h4 class=\"uppercase\">\n                    <span class=\"person-name\">negociations deontologiques<\/span><br\/>\n                    <span class=\"person-title is-small thin-font op-7\">\n                                          <\/span>\n                  <\/h4>\n\t\t\t\t\t\n<a href=\"https:\/\/ribeiro-avocat.com\/?page_id=668&#038;preview=true\" class=\"button primary\" style=\"border-radius:99px;\">\n\t\t<span>SUIVANT<\/span>\n\t<\/a>\n\n                <\/div>\n          <\/div>\n    <\/div>\n\n\t\n    \n","protected":false},"excerpt":{"rendered":"<p>Choisir de passer par un avocat mandataire pour vendre son bien immobilier, c&rsquo;est avant tout opter pour la s\u00e9curit\u00e9 de son op\u00e9ration immobili\u00e8re. L&rsquo;avocat vous assiste en amont de la vente sur les cons\u00e9quences fiscales notamment pour le calcul de la plus value ou sur les normes internationales pour les personnes \u00e9trang\u00e8res. Ma\u00eetre Ribeiro de [&#8230;]\n","protected":false},"author":1,"featured_media":0,"parent":0,"menu_order":0,"comment_status":"closed","ping_status":"closed","template":"","meta":{"footnotes":""},"class_list":["post-659","page","type-page","status-publish","hentry"],"_links":{"self":[{"href":"https:\/\/ribeiro-avocat.com\/index.php\/wp-json\/wp\/v2\/pages\/659","targetHints":{"allow":["GET"]}}],"collection":[{"href":"https:\/\/ribeiro-avocat.com\/index.php\/wp-json\/wp\/v2\/pages"}],"about":[{"href":"https:\/\/ribeiro-avocat.com\/index.php\/wp-json\/wp\/v2\/types\/page"}],"author":[{"embeddable":true,"href":"https:\/\/ribeiro-avocat.com\/index.php\/wp-json\/wp\/v2\/users\/1"}],"replies":[{"embeddable":true,"href":"https:\/\/ribeiro-avocat.com\/index.php\/wp-json\/wp\/v2\/comments?post=659"}],"version-history":[{"count":11,"href":"https:\/\/ribeiro-avocat.com\/index.php\/wp-json\/wp\/v2\/pages\/659\/revisions"}],"predecessor-version":[{"id":720,"href":"https:\/\/ribeiro-avocat.com\/index.php\/wp-json\/wp\/v2\/pages\/659\/revisions\/720"}],"wp:attachment":[{"href":"https:\/\/ribeiro-avocat.com\/index.php\/wp-json\/wp\/v2\/media?parent=659"}],"curies":[{"name":"wp","href":"https:\/\/api.w.org\/{rel}","templated":true}]}}