{"id":469,"date":"2018-08-21T10:37:08","date_gmt":"2018-08-21T08:37:08","guid":{"rendered":"http:\/\/ribeiro-avocat.com\/?page_id=469"},"modified":"2019-05-09T08:35:37","modified_gmt":"2019-05-09T06:35:37","slug":"publicite-internationale","status":"publish","type":"page","link":"https:\/\/ribeiro-avocat.com\/index.php\/publicite-internationale\/","title":{"rendered":"Publicit\u00e9 internationale"},"content":{"rendered":"    <div class=\"box has-hover has-hover box-text-bottom\" >\n\n                  <div class=\"box-image \" style=\"width:18%;\">\n           <div class=\"box-image-inner image-cover\" style=\"border-radius:100%;padding-top:100%;\">\n              <img loading=\"lazy\" decoding=\"async\" width=\"1024\" height=\"640\" src=\"https:\/\/ribeiro-avocat.com\/wp-content\/uploads\/2018\/08\/City-Landscape-Eiffel-Tower-Paris-France-1024x640.jpg\" class=\"attachment- size-\" alt=\"\" srcset=\"https:\/\/ribeiro-avocat.com\/wp-content\/uploads\/2018\/08\/City-Landscape-Eiffel-Tower-Paris-France-1024x640.jpg 1024w, https:\/\/ribeiro-avocat.com\/wp-content\/uploads\/2018\/08\/City-Landscape-Eiffel-Tower-Paris-France-1024x640-300x188.jpg 300w, https:\/\/ribeiro-avocat.com\/wp-content\/uploads\/2018\/08\/City-Landscape-Eiffel-Tower-Paris-France-1024x640-768x480.jpg 768w, https:\/\/ribeiro-avocat.com\/wp-content\/uploads\/2018\/08\/City-Landscape-Eiffel-Tower-Paris-France-1024x640-600x375.jpg 600w\" sizes=\"auto, (max-width: 1024px) 100vw, 1024px\" \/>                         <\/div>\n          <\/div>\n         \n          <div class=\"box-text text-center is-large\" >\n                <div class=\"box-text-inner\">\n                  <h4 class=\"uppercase\">\n                    <span class=\"person-name\">publicite internationale<\/span><br\/>\n                    <span class=\"person-title is-small thin-font op-7\">\n                                          <\/span>\n                  <\/h4>\n\t\t\t\t\t\n<p><strong>Pr\u00e8s de 18 mllions de visiteurs possible<\/strong><\/p>\n                <\/div>\n          <\/div>\n    <\/div>\n\n\t\n    \n<p>Le Cabinet de Me Ribeiro de Carvalho s&rsquo;occupe des moyens de diffusion de votre bien immobilier. Il travaille en collaboration avec des experts immobiliers.<\/p>\n<p>Issu d&rsquo;une nouvelle g\u00e9n\u00e9ration, Me Ribeiro contr\u00f4le aussi bien\u00a0 les r\u00e9seaux de diffusion classiques comme les annonces l\u00e9gales que les plateformes sur internet.<\/p>\n<p>Ma\u00eetre Ribeiro diffuse r\u00e9guli\u00e8rement sur des sites tels que Se Loger, Bienici, ParuVendu, Surface priv\u00e9e etc.<\/p>\n<p>Il diffuse \u00e9galement pour les biens de grand prestige sur Belles demeures, Le Figaro immobilier ou Luxe r\u00e9sidence par exemple.<\/p>\n<p>Bien \u00e9videmment, les r\u00e9seaux sociaux sont \u00e9galement un formidable outil de communication notamment via Linkedin.<\/p>\n<p>Ma\u00eetre Ribeiro de Carvalho est \u00e9galement\u00a0membre de l&rsquo;association des avocats mandataires en transaction immobili\u00e8re (A.A.M.T.I).<\/p>\n<p>L&rsquo;AAMTI est le premier r\u00e9seau des avocats mandataires en France. Elle b\u00e9n\u00e9ficie d&rsquo;antennes dans tous les plus grands barreaux de France. (Paris, Nice, Lyon, Marseille, Bordeaux&#8230;). Mais \u00e9galement \u00e0 l&rsquo;\u00e9tranger comme Londres, Rome ou Lisbonne.<\/p>\n<p>Cette plateforme r\u00e9serv\u00e9e aux avocats permet ainsi de diffuser le bien non seulement sur la France enti\u00e8re mais \u00e9galement dans le monde gr\u00e2ce \u00e0 ses diff\u00e9rents partenariats.<\/p>\n<p style=\"text-align: center;\"><strong>Enfin, Ma\u00eetre Ribeiro de Carvalho est affili\u00e9 \u00e0 ListGlobally qui est l&rsquo;un des plus grands r\u00e9seaux mondial de diffusion des biens immobiliers.<\/strong><\/p>\n<p>Listglobally c&rsquo;est la certitude de proposer son bien immobilier \u00e0 plus de 75 pays et pr\u00e8s de 18 millions de personne.<\/p>\n","protected":false},"excerpt":{"rendered":"<p>Le Cabinet de Me Ribeiro de Carvalho s&rsquo;occupe des moyens de diffusion de votre bien immobilier. Il travaille en collaboration avec des experts immobiliers. Issu d&rsquo;une nouvelle g\u00e9n\u00e9ration, Me Ribeiro contr\u00f4le aussi bien\u00a0 les r\u00e9seaux de diffusion classiques comme les annonces l\u00e9gales que les plateformes sur internet. Ma\u00eetre Ribeiro diffuse r\u00e9guli\u00e8rement sur des sites tels [&#8230;]\n","protected":false},"author":1,"featured_media":0,"parent":0,"menu_order":0,"comment_status":"closed","ping_status":"closed","template":"","meta":{"footnotes":""},"class_list":["post-469","page","type-page","status-publish","hentry"],"_links":{"self":[{"href":"https:\/\/ribeiro-avocat.com\/index.php\/wp-json\/wp\/v2\/pages\/469","targetHints":{"allow":["GET"]}}],"collection":[{"href":"https:\/\/ribeiro-avocat.com\/index.php\/wp-json\/wp\/v2\/pages"}],"about":[{"href":"https:\/\/ribeiro-avocat.com\/index.php\/wp-json\/wp\/v2\/types\/page"}],"author":[{"embeddable":true,"href":"https:\/\/ribeiro-avocat.com\/index.php\/wp-json\/wp\/v2\/users\/1"}],"replies":[{"embeddable":true,"href":"https:\/\/ribeiro-avocat.com\/index.php\/wp-json\/wp\/v2\/comments?post=469"}],"version-history":[{"count":17,"href":"https:\/\/ribeiro-avocat.com\/index.php\/wp-json\/wp\/v2\/pages\/469\/revisions"}],"predecessor-version":[{"id":1227,"href":"https:\/\/ribeiro-avocat.com\/index.php\/wp-json\/wp\/v2\/pages\/469\/revisions\/1227"}],"wp:attachment":[{"href":"https:\/\/ribeiro-avocat.com\/index.php\/wp-json\/wp\/v2\/media?parent=469"}],"curies":[{"name":"wp","href":"https:\/\/api.w.org\/{rel}","templated":true}]}}