{"id":381,"date":"2018-07-27T14:19:45","date_gmt":"2018-07-27T12:19:45","guid":{"rendered":"http:\/\/ribeiro-avocat.com\/?page_id=381"},"modified":"2019-05-07T17:00:35","modified_gmt":"2019-05-07T15:00:35","slug":"tax-benefit","status":"publish","type":"page","link":"https:\/\/ribeiro-avocat.com\/index.php\/en\/tax-benefit\/","title":{"rendered":"Honoraires transparents anglais"},"content":{"rendered":"    <div class=\"box has-hover has-hover box-text-bottom\" >\n\n                  <div class=\"box-image \" style=\"width:18%;\">\n           <div class=\"box-image-inner image-cover\" style=\"border-radius:100%;padding-top:100%;\">\n              <img loading=\"lazy\" decoding=\"async\" width=\"4000\" height=\"3000\" src=\"https:\/\/ribeiro-avocat.com\/wp-content\/uploads\/2018\/04\/7385180-11372774.jpg\" class=\"attachment- size-\" alt=\"\" srcset=\"https:\/\/ribeiro-avocat.com\/wp-content\/uploads\/2018\/04\/7385180-11372774.jpg 4000w, https:\/\/ribeiro-avocat.com\/wp-content\/uploads\/2018\/04\/7385180-11372774-300x225.jpg 300w, https:\/\/ribeiro-avocat.com\/wp-content\/uploads\/2018\/04\/7385180-11372774-768x576.jpg 768w, https:\/\/ribeiro-avocat.com\/wp-content\/uploads\/2018\/04\/7385180-11372774-1024x768.jpg 1024w, https:\/\/ribeiro-avocat.com\/wp-content\/uploads\/2018\/04\/7385180-11372774-600x450.jpg 600w\" sizes=\"auto, (max-width: 4000px) 100vw, 4000px\" \/>                         <\/div>\n          <\/div>\n         \n          <div class=\"box-text text-center is-large\" >\n                <div class=\"box-text-inner\">\n                  <h4 class=\"uppercase\">\n                    <span class=\"person-name\">TAX BENEFIT<\/span><br\/>\n                    <span class=\"person-title is-small thin-font op-7\">\n                                          <\/span>\n                  <\/h4>\n\t\t\t\t\t\n                <\/div>\n          <\/div>\n    <\/div>\n\n\t\n    \n<p style=\"text-align: center;\"><strong>NEGOTIATING FEES OF YOUR LAWYER DO NOT ENTER INTO THE MUTATION TAX AND DOESN&rsquo;T CREATE ADDITIONAL COAST FOR YOU IF YOU BUY A PROPERTY<\/strong><\/p>\n<div id=\"gt-src-c\" class=\"g-unit\">\n<div id=\"gt-src-p\">\n<div id=\"gt-src-wrap\" class=\"\">\n<div id=\"gt-src-tools\">\n<div id=\"gt-src-tools-l\">\n<div id=\"gt-input-tool\">\n<div id=\"itamenu\">\n<div class=\"goog-container goog-container-vertical\" tabindex=\"-1\"><span style=\"color: #555555;\">When an individual buys a property, the posted selling price includes:<\/span><\/div>\n<\/div>\n<\/div>\n<\/div>\n<\/div>\n<\/div>\n<\/div>\n<\/div>\n<div id=\"gt-res-c\" class=\"g-unit\">\n<div id=\"gt-res-p\">\n<div id=\"gt-res-data\">\n<div id=\"gt-res-wrap\">\n<div id=\"gt-res-content\">\n<div id=\"gt-res-dir-ctr\" class=\"trans-verified-button-small\" dir=\"ltr\">\n<p><span title=\"Le prix net du bien (ce que touchera le vendeur) \">&#8211; The net price of the property (which will affect the seller)<br \/><\/span><span title=\"Les honoraires de l'agent immobilier ayant le mandat de vente \">&#8211; The fees of the real estate agent with the mandate of sale<br \/><\/span><\/p>\n<\/div>\n<div dir=\"ltr\"><span style=\"color: #555555;\">However, the french law\u00a0 requires to indicate in the mandate the negotiation fees of the real estate agent (also called agency fees or commission).<\/span><\/div>\n<div class=\"trans-verified-button-small\" dir=\"ltr\">\n<p><span title=\"La cons\u00e9quence est que d\u00e8s qu'un agent immobilier met \u00e0 la vente un produit, ses honoraires son &quot;charge vendeur&quot; : cela signifie que les frais de mutations (aussi appel\u00e9 \u00e0 tort frais de notaire) entre dans l'assiette d'imposition. \">The consequence is that as soon as a real estate agent sells a product, his fees his \u00ab\u00a0seller load\u00a0\u00bb: that mean that the notary tax enters into the tax base.<\/span><\/p>\n<h4><span style=\"text-decoration: underline;\"><span title=\"Exemple : un bien est pr\u00e9sent\u00e9 \u00e0 la vente pour une valeur de 500.000 \u20ac comprenant 5 % de frais d'agence soit 25.000 \u20ac. \">Example 1 :<\/span><\/span><\/h4>\n<p><span title=\"Exemple : un bien est pr\u00e9sent\u00e9 \u00e0 la vente pour une valeur de 500.000 \u20ac comprenant 5 % de frais d'agence soit 25.000 \u20ac. \">A property is presented for sale for a value of 500,000 \u20ac including 5% agency fees or\u00a0 (25,000 \u20ac).<\/span><\/p>\n<p><span title=\"L'acheteur paiera des frais de mutations sur les 500.000 \u20ac soit environ 35.000 \u20ac. \">The buyer will pay a notary tax on a sum of 500.000 \u20ac. That means the buyer will pay 35.000 \u20ac.<\/span><\/p>\n<p><span title=\"N\u00e9anmoins, si vous mandatez votre Avocat pour\u00a0acheter un bien immmobilier, le montant de ses honoraires ne seront pas compris dans l'assiette d'imposition car ses honoraires sont obligatoirement \u00e0 votre charge. \">However, if you mandate your lawyer to buy the same property, the amount of his fees will not be included in the notary tax.<\/span><\/p>\n<h4><span title=\"Exemple 2 : un bien est pr\u00e9sent\u00e9 \u00e0 la vente pour une valeur de 500.000 \u20ac comprenant 5% de frais d'agence dont 2,5 % \u00e0 votre charge car vous\u00a0 avez un avocat. \"><span style=\"text-decoration: underline;\">Example 2 :<\/span> <\/span><\/h4>\n<p><span title=\"Exemple 2 : un bien est pr\u00e9sent\u00e9 \u00e0 la vente pour une valeur de 500.000 \u20ac comprenant 5% de frais d'agence dont 2,5 % \u00e0 votre charge car vous\u00a0 avez un avocat. \">A<\/span><span title=\"Exemple 2 : un bien est pr\u00e9sent\u00e9 \u00e0 la vente pour une valeur de 500.000 \u20ac comprenant 5% de frais d'agence dont 2,5 % \u00e0 votre charge car vous\u00a0 avez un avocat. \">\u00a0property is presented for sale for a value of 500,000 \u20ac including 5% agency fees.<\/span><\/p>\n<p><span title=\"Exemple 2 : un bien est pr\u00e9sent\u00e9 \u00e0 la vente pour une valeur de 500.000 \u20ac comprenant 5% de frais d'agence dont 2,5 % \u00e0 votre charge car vous\u00a0 avez un avocat. \">Because you have your own attorney, his fees will be included into agency fees (2.5% splited between the seller and you).<\/span><\/p>\n<\/div>\n<div class=\"trans-verified-button-small\" dir=\"ltr\"><span class=\"\" lang=\"en\"><span class=\"\" lang=\"en\"><span title=\"L'acheteur paiera des frais de mutation uniquement sur un la somme de 487.500 \u20ac soit environ 34.125 \u20ac \">The buyer will pay notary fees only on a sum of 487.500 \u20ac.\u00a0<span title=\"L'acheteur paiera des frais de mutations sur les 500.000 \u20ac soit environ 35.000 \u20ac. \">That means the buyer will pay 34.135 \u20ac\u00a0 even if the price of the property remains the same (500.000 \u20ac).<\/span><\/span><\/span><\/span><\/div>\n<div dir=\"ltr\">\u00a0<\/div>\n<div class=\"trans-verified-button-small\" dir=\"ltr\"><span id=\"result_box\" class=\"\" lang=\"en\"><span title=\"Le recours \u00e0 votre avocat vous fait donc faire une \u00e9conomie d'imp\u00f4t de 0,17 % sur le prix d'acquisition.\">Your lawyer makes you save a benefit of 0.17% on the purchase price.<\/span><\/span><\/div>\n<\/div>\n<\/div>\n<\/div>\n<\/div>\n<\/div>\n","protected":false},"excerpt":{"rendered":"<p>NEGOTIATING FEES OF YOUR LAWYER DO NOT ENTER INTO THE MUTATION TAX AND DOESN&rsquo;T CREATE ADDITIONAL COAST FOR YOU IF YOU BUY A PROPERTY When an individual buys a property, the posted selling price includes: &#8211; The net price of the property (which will affect the seller)&#8211; The fees of the real estate agent with [&#8230;]\n","protected":false},"author":1,"featured_media":0,"parent":0,"menu_order":0,"comment_status":"closed","ping_status":"closed","template":"","meta":{"footnotes":""},"class_list":["post-381","page","type-page","status-publish","hentry"],"_links":{"self":[{"href":"https:\/\/ribeiro-avocat.com\/index.php\/wp-json\/wp\/v2\/pages\/381","targetHints":{"allow":["GET"]}}],"collection":[{"href":"https:\/\/ribeiro-avocat.com\/index.php\/wp-json\/wp\/v2\/pages"}],"about":[{"href":"https:\/\/ribeiro-avocat.com\/index.php\/wp-json\/wp\/v2\/types\/page"}],"author":[{"embeddable":true,"href":"https:\/\/ribeiro-avocat.com\/index.php\/wp-json\/wp\/v2\/users\/1"}],"replies":[{"embeddable":true,"href":"https:\/\/ribeiro-avocat.com\/index.php\/wp-json\/wp\/v2\/comments?post=381"}],"version-history":[{"count":12,"href":"https:\/\/ribeiro-avocat.com\/index.php\/wp-json\/wp\/v2\/pages\/381\/revisions"}],"predecessor-version":[{"id":1219,"href":"https:\/\/ribeiro-avocat.com\/index.php\/wp-json\/wp\/v2\/pages\/381\/revisions\/1219"}],"wp:attachment":[{"href":"https:\/\/ribeiro-avocat.com\/index.php\/wp-json\/wp\/v2\/media?parent=381"}],"curies":[{"name":"wp","href":"https:\/\/api.w.org\/{rel}","templated":true}]}}