{"id":31,"date":"2018-04-08T21:21:22","date_gmt":"2018-04-08T19:21:22","guid":{"rendered":"http:\/\/ribeiro-avocat.com\/?page_id=31"},"modified":"2022-10-08T18:40:18","modified_gmt":"2022-10-08T16:40:18","slug":"les-avantages-dun-avocat-mandataire-immobilier","status":"publish","type":"page","link":"https:\/\/ribeiro-avocat.com\/index.php\/les-avantages-dun-avocat-mandataire-immobilier\/","title":{"rendered":"Les avantages d&rsquo;un Avocat Mandataire immobilier"},"content":{"rendered":"\n  <div class=\"banner has-hover has-parallax\" id=\"banner-831837869\">\n          <div class=\"banner-inner fill\">\n        <div class=\"banner-bg fill\" data-parallax=\"-3\" data-parallax-container=\".banner\" data-parallax-background>\n            <img loading=\"lazy\" decoding=\"async\" width=\"1280\" height=\"865\" src=\"https:\/\/ribeiro-avocat.com\/wp-content\/uploads\/2018\/07\/French-Riviera.png\" class=\"bg attachment-original size-original\" alt=\"\" \/>                                    \n                    <\/div>\n\t\t\n        <div class=\"banner-layers container\">\n            <div class=\"fill banner-link\"><\/div>            \n   <div id=\"text-box-1243099396\" class=\"text-box banner-layer x50 md-x95 lg-x95 y50 md-y50 lg-y50 res-text\">\n                     <div data-animate=\"fadeInLeft\">           <div class=\"text-box-content text dark\">\n              \n              <div class=\"text-inner text-center\">\n                  \n<h2 class=\"uppercase\"><span style=\"font-size: 55%;\">ACHETER UN BIEN AVEC UN AVOCAT MANDATAIRE<\/span><\/h2>\n<h5>&#8211; Accompagnement juridique complet<\/h5>\n<h5>&#8211; Secret professionnel<\/h5>\n<h5>&#8211; Fiscalit\u00e9<\/h5>\n<a href=\"http:\/\/ribeiro-avocat.com\/index.php\/avantage-acquisition\/\" class=\"button white\" style=\"border-radius:99px;\">\n\t\t<span>DECOUVRIR<\/span>\n\t<\/a>\n\n              <\/div>\n           <\/div>\n       <\/div>                     \n<style>\n#text-box-1243099396 {\n  width: 80%;\n}\n#text-box-1243099396 .text-box-content {\n  font-size: 100%;\n}\n@media (min-width:550px) {\n  #text-box-1243099396 {\n    width: 41%;\n  }\n}\n<\/style>\n    <\/div>\n \n        <\/div>\n      <\/div>\n\n            \n<style>\n#banner-831837869 {\n  padding-top: 380px;\n}\n#banner-831837869 .overlay {\n  background-color: rgba(0, 0, 0, 0.3);\n}\n#banner-831837869 .banner-bg img {\n  object-position: 35% 23%;\n}\n<\/style>\n  <\/div>\n\n\n\n  <div class=\"banner has-hover has-parallax\" id=\"banner-1488365690\">\n          <div class=\"banner-inner fill\">\n        <div class=\"banner-bg fill\" data-parallax=\"-3\" data-parallax-container=\".banner\" data-parallax-background>\n            <img loading=\"lazy\" decoding=\"async\" width=\"740\" height=\"447\" src=\"https:\/\/ribeiro-avocat.com\/wp-content\/uploads\/2018\/07\/villa-de-vue-france-nice.png\" class=\"bg attachment-original size-original\" alt=\"\" \/>                                    \n                    <\/div>\n\t\t\n        <div class=\"banner-layers container\">\n            <div class=\"fill banner-link\"><\/div>            \n   <div id=\"text-box-95332620\" class=\"text-box banner-layer x50 md-x5 lg-x5 y50 md-y50 lg-y50 res-text\">\n                     <div data-animate=\"fadeInRight\">           <div class=\"text-box-content text dark\">\n              \n              <div class=\"text-inner text-center\">\n                  \n<h2 class=\"uppercase\"><span style=\"font-size: 55%;\">VENDRE UN BIEN AVEC UN AVOCAT MANDATAIRE<\/span><\/h2>\n<h5>&#8211; Calcul de l&rsquo;imp\u00f4t sur la plus value immobili\u00e8re<\/h5>\n<h5>&#8211; N\u00e9gociations confidentielles<\/h5>\n<h5>&#8211; Publicit\u00e9 internationale<\/h5>\n<a href=\"http:\/\/ribeiro-avocat.com\/index.php\/avantage-vente\/\" class=\"button white\" style=\"border-radius:99px;\">\n\t\t<span>DECOUVRIR<\/span>\n\t<\/a>\n\n              <\/div>\n           <\/div>\n       <\/div>                     \n<style>\n#text-box-95332620 {\n  width: 82%;\n}\n#text-box-95332620 .text-box-content {\n  font-size: 100%;\n}\n@media (min-width:550px) {\n  #text-box-95332620 {\n    width: 41%;\n  }\n}\n<\/style>\n    <\/div>\n \n        <\/div>\n      <\/div>\n\n            \n<style>\n#banner-1488365690 {\n  padding-top: 380px;\n  background-color: #446084;\n}\n#banner-1488365690 .overlay {\n  background-color: rgba(0, 0, 0, 0.3);\n}\n#banner-1488365690 .banner-bg img {\n  object-position: 60% 16%;\n}\n<\/style>\n  <\/div>\n\n\n\n  <div class=\"banner has-hover\" id=\"banner-507355373\">\n          <div class=\"banner-inner fill\">\n        <div class=\"banner-bg fill\" >\n                                    <div class=\"overlay\"><\/div>            \n                    <\/div>\n\t\t\n        <div class=\"banner-layers container\">\n            <div class=\"fill banner-link\"><\/div>            \n   <div id=\"text-box-477311818\" class=\"text-box banner-layer x50 md-x50 lg-x50 y50 md-y50 lg-y50 res-text\">\n                                <div class=\"text-box-content text dark\">\n              \n              <div class=\"text-inner text-center\">\n                  \n<h3 class=\"uppercase\">BIENS IMMOBILIERS A VENDRE<\/h3>\n<p>Venez d\u00e9couvrir les biens immobiliers que Ma\u00eetre Ribeiro de Carvalho propose \u00e0 la vente.<\/p>\n<a href=\"https:\/\/ribeiro-avocat.com\/index.php\/biens-a-vendre\/\" class=\"button white\" style=\"border-radius:99px;\">\n\t\t<span>A VENDRE<\/span>\n\t<\/a>\n\n              <\/div>\n           <\/div>\n                            \n<style>\n#text-box-477311818 {\n  width: 60%;\n}\n#text-box-477311818 .text-box-content {\n  font-size: 100%;\n}\n@media (min-width:550px) {\n  #text-box-477311818 {\n    width: 40%;\n  }\n}\n<\/style>\n    <\/div>\n \n        <\/div>\n      <\/div>\n\n            \n<style>\n#banner-507355373 {\n  padding-top: 240px;\n}\n#banner-507355373 .overlay {\n  background-color: rgba(0, 0, 0, 0.31);\n}\n<\/style>\n  <\/div>\n\n\n\n  <div class=\"banner has-hover\" id=\"banner-863357650\">\n          <div class=\"banner-inner fill\">\n        <div class=\"banner-bg fill\" >\n                                    <div class=\"overlay\"><\/div>            \n                    <\/div>\n\t\t\n        <div class=\"banner-layers container\">\n            <div class=\"fill banner-link\"><\/div>            \n   <div id=\"text-box-1980910246\" class=\"text-box banner-layer x50 md-x50 lg-x50 y50 md-y50 lg-y50 res-text\">\n                                <div class=\"text-box-content text dark\">\n              \n              <div class=\"text-inner text-center\">\n                  \n<p style=\"text-align: center;\"><em>N&rsquo;h\u00e9sitez pas \u00e0 appeler le Cabinet pour plus de renseignements.<\/em><\/p>\n<div class=\"social-icons follow-icons\" ><a href=\"tel:+33624059701\" data-label=\"Phone\" target=\"_blank\" class=\"icon button circle is-outline tooltip phone\" title=\"Appelez-nous\" aria-label=\"Appelez-nous\" rel=\"nofollow noopener\"><i class=\"icon-phone\" aria-hidden=\"true\"><\/i><\/a><\/div>\n              <\/div>\n           <\/div>\n                            \n<style>\n#text-box-1980910246 {\n  width: 60%;\n}\n#text-box-1980910246 .text-box-content {\n  font-size: 100%;\n}\n@media (min-width:550px) {\n  #text-box-1980910246 {\n    width: 40%;\n  }\n}\n<\/style>\n    <\/div>\n \n        <\/div>\n      <\/div>\n\n            \n<style>\n#banner-863357650 {\n  padding-top: 210px;\n}\n#banner-863357650 .overlay {\n  background-color: rgba(0, 0, 0, 0.31);\n}\n<\/style>\n  <\/div>\n\n\n<p style=\"text-align: center;\">Venez d\u00e9couvrir <a href=\"https:\/\/ribeiro-avocat.com\/index.php\/biens-a-vendre\/\">ici<\/a> les biens propos\u00e9s \u00e0 la vente par Ma\u00eetre RIBEIRO DE CARVALHO.<\/p>\n","protected":false},"excerpt":{"rendered":"<p>Venez d\u00e9couvrir ici les biens propos\u00e9s \u00e0 la vente par Ma\u00eetre RIBEIRO DE CARVALHO.<\/p>\n","protected":false},"author":1,"featured_media":0,"parent":0,"menu_order":0,"comment_status":"closed","ping_status":"closed","template":"page-blank.php","meta":{"footnotes":""},"class_list":["post-31","page","type-page","status-publish","hentry"],"_links":{"self":[{"href":"https:\/\/ribeiro-avocat.com\/index.php\/wp-json\/wp\/v2\/pages\/31","targetHints":{"allow":["GET"]}}],"collection":[{"href":"https:\/\/ribeiro-avocat.com\/index.php\/wp-json\/wp\/v2\/pages"}],"about":[{"href":"https:\/\/ribeiro-avocat.com\/index.php\/wp-json\/wp\/v2\/types\/page"}],"author":[{"embeddable":true,"href":"https:\/\/ribeiro-avocat.com\/index.php\/wp-json\/wp\/v2\/users\/1"}],"replies":[{"embeddable":true,"href":"https:\/\/ribeiro-avocat.com\/index.php\/wp-json\/wp\/v2\/comments?post=31"}],"version-history":[{"count":64,"href":"https:\/\/ribeiro-avocat.com\/index.php\/wp-json\/wp\/v2\/pages\/31\/revisions"}],"predecessor-version":[{"id":2162,"href":"https:\/\/ribeiro-avocat.com\/index.php\/wp-json\/wp\/v2\/pages\/31\/revisions\/2162"}],"wp:attachment":[{"href":"https:\/\/ribeiro-avocat.com\/index.php\/wp-json\/wp\/v2\/media?parent=31"}],"curies":[{"name":"wp","href":"https:\/\/api.w.org\/{rel}","templated":true}]}}