{"id":2786,"date":"2024-11-22T10:39:33","date_gmt":"2024-11-22T09:39:33","guid":{"rendered":"https:\/\/ribeiro-avocat.com\/?page_id=2786"},"modified":"2025-01-13T16:51:08","modified_gmt":"2025-01-13T15:51:08","slug":"effectuer-surenchere-immobiliere-nice","status":"publish","type":"page","link":"https:\/\/ribeiro-avocat.com\/index.php\/effectuer-surenchere-immobiliere-nice\/","title":{"rendered":"Comment effectuer une surench\u00e8re \u00e0 Nice ?"},"content":{"rendered":"<h1 style=\"text-align: center;\"><span style=\"text-decoration: underline; color: #282828;\">Comment effectuer une surench\u00e8re \u00e0 Nice ?<\/span><\/h1>\n<p style=\"text-align: justify;\" data-sourcepos=\"5:1-5:299\"><span style=\"color: #282828;\">Lorsqu&rsquo;un bien est vendu aux ench\u00e8res, il est possible d&rsquo;effectuer une d\u00e9claration de surench\u00e8re immobili\u00e8re \u00e0 Nice. Cette d\u00e9claration de surench\u00e8re permet \u00e0 toute personne n&rsquo;ayant pas pu assister \u00e0 l&rsquo;audience d&rsquo;ench\u00e8re de proposer un prix sup\u00e9rieur pour tenter sa chance et obtenir le bien immobilier convoit\u00e9. Le recours \u00e0 un Avocat au Barreau de Nice est obligatoire.<\/span><\/p>\n<h2><span style=\"text-decoration: underline; color: #282828;\">Quelles sont les conditions pour effectuer une surench\u00e8re\u00a0 ?<\/span><\/h2>\n<p style=\"text-align: justify;\" data-sourcepos=\"5:1-5:299\"><span style=\"color: #282828;\">Toute personne physique ou morale peut effectuer effectuer une d\u00e9claration de surench\u00e8re. Attention, le d\u00e9lai maximum est tr\u00e8s court puisqu&rsquo;il est de dix jours \u00e0 compter de la date d&rsquo;audience. Le montant minimum est de 10% en plus du prix d&rsquo;adjudication du bien vendu. Ainsi, pour une vente octroy\u00e9e \u00e0 100.000 \u20ac, le surench\u00e9risseur devra proposer la somme de 110.000 \u20ac.<\/span><\/p>\n<p style=\"text-align: justify;\" data-sourcepos=\"5:1-5:299\"><span style=\"color: #282828;\">La surench\u00e8re ne permet pas de gagner automatiquement la vente au prix d\u00e9clar\u00e9. La surench\u00e8re a pour cons\u00e9quence de saisir de nouveau le Juge de l&rsquo;ex\u00e9cution immobilier pour organiser une nouvelle vente aux ench\u00e8res dont le prix minimum sera le montant de la surench\u00e8re. Le d\u00e9lai est g\u00e9n\u00e9ralement fix\u00e9 entre 2 et 4 mois. Il est important de ne pas attendre le dernier moment pour mandater votre avocat car celui-ci soit r\u00e9diger un certain nombre d&rsquo;actes et effectuer des d\u00e9marches au Tribunal et \u00e0 la CARPA pour inscrire votre d\u00e9claration.<\/span><\/p>\n<p><img loading=\"lazy\" decoding=\"async\" class=\"aligncenter wp-image-2803 \" src=\"https:\/\/ribeiro-avocat.com\/wp-content\/uploads\/2025\/01\/Comment-effectuer-une-surenche\u0300re-immobilie\u0300re-a\u0300-Nice.jpg\" alt=\"surench\u00e8re immobili\u00e8re nice\" width=\"496\" height=\"496\" srcset=\"https:\/\/ribeiro-avocat.com\/wp-content\/uploads\/2025\/01\/Comment-effectuer-une-surenche\u0300re-immobilie\u0300re-a\u0300-Nice.jpg 1920w, https:\/\/ribeiro-avocat.com\/wp-content\/uploads\/2025\/01\/Comment-effectuer-une-surenche\u0300re-immobilie\u0300re-a\u0300-Nice-300x300.jpg 300w, https:\/\/ribeiro-avocat.com\/wp-content\/uploads\/2025\/01\/Comment-effectuer-une-surenche\u0300re-immobilie\u0300re-a\u0300-Nice-1024x1024.jpg 1024w, https:\/\/ribeiro-avocat.com\/wp-content\/uploads\/2025\/01\/Comment-effectuer-une-surenche\u0300re-immobilie\u0300re-a\u0300-Nice-150x150.jpg 150w, https:\/\/ribeiro-avocat.com\/wp-content\/uploads\/2025\/01\/Comment-effectuer-une-surenche\u0300re-immobilie\u0300re-a\u0300-Nice-768x768.jpg 768w, https:\/\/ribeiro-avocat.com\/wp-content\/uploads\/2025\/01\/Comment-effectuer-une-surenche\u0300re-immobilie\u0300re-a\u0300-Nice-1536x1536.jpg 1536w, https:\/\/ribeiro-avocat.com\/wp-content\/uploads\/2025\/01\/Comment-effectuer-une-surenche\u0300re-immobilie\u0300re-a\u0300-Nice-600x600.jpg 600w, https:\/\/ribeiro-avocat.com\/wp-content\/uploads\/2025\/01\/Comment-effectuer-une-surenche\u0300re-immobilie\u0300re-a\u0300-Nice-100x100.jpg 100w\" sizes=\"auto, (max-width: 496px) 100vw, 496px\" \/><\/p>\n<h2><span style=\"text-decoration: underline; color: #282828;\">Quels sont les documents \u00e0 remettre \u00e0 l&rsquo;avocat pour effectuer la surench\u00e8re ?<\/span><\/h2>\n<p><span style=\"color: #282828;\">Le formalise pour effectuer une d\u00e9claration de surench\u00e8re est pr\u00e9cis et ne doit pas \u00eatre n\u00e9glig\u00e9 sous peine d&rsquo;irrecevabilit\u00e9.\u00a0<\/span><\/p>\n<p><span style=\"color: #282828;\">Les documents \u00e0 communiquer \u00e0 votre avocat sont les suivants :\u00a0<\/span><\/p>\n<ul>\n<li><span style=\"color: #282828;\">Pi\u00e8ce d&rsquo;identit\u00e9 recto\/verso du ou des surench\u00e9risseur ;<\/span><\/li>\n<li><span style=\"color: #282828;\">Ch\u00e8que de banque d&rsquo;un montant de 10% de votre surench\u00e8re avec justificatif de provenance des fonds de la banque ;<\/span><\/li>\n<li><span style=\"color: #282828;\">Attestation sur l&rsquo;honneur de non condamnation (exemplaire remis par votre avocat) ;<\/span><\/li>\n<li><span style=\"color: #282828;\">Adresse actuelle et profession actuelle.<\/span><\/li>\n<\/ul>\n<p style=\"text-align: justify;\" data-sourcepos=\"5:1-5:299\"><span style=\"color: #282828;\"><a href=\"https:\/\/ribeiro-avocat.com\/\">Me Ribeiro de Carvalho<\/a> intervient tr\u00e8s r\u00e9guli\u00e8rement devant le Juge de l&rsquo;ex\u00e9cution immobili\u00e8re pour pousser des ench\u00e8res ou effectuer des d\u00e9clarations de surench\u00e8re. N&rsquo;h\u00e9sitez pas \u00e0<a style=\"color: #282828;\" href=\"https:\/\/ribeiro-avocat.com\/index.php\/me-ribeiro-de-carvalho-a-propos-2\/\"> le contacter ici<\/a> pour obtenir des explications compl\u00e9mentaires ou un devis pour l&rsquo;ensemble de ces d\u00e9marches. Vous pouvez \u00e9galement consulter les dispositions du Code de proc\u00e9dure civile d&rsquo;ex\u00e9cution sur la notion de surench\u00e8re <a href=\"https:\/\/www.legifrance.gouv.fr\/codes\/id\/LEGISCTA000025939177\/2021-01-15\/\">ici<\/a>.<\/span><\/p>\n","protected":false},"excerpt":{"rendered":"<p>Comment effectuer une surench\u00e8re \u00e0 Nice ? Lorsqu&rsquo;un bien est vendu aux ench\u00e8res, il est possible d&rsquo;effectuer une d\u00e9claration de surench\u00e8re immobili\u00e8re \u00e0 Nice. Cette d\u00e9claration de surench\u00e8re permet \u00e0 toute personne n&rsquo;ayant pas pu assister \u00e0 l&rsquo;audience d&rsquo;ench\u00e8re de proposer un prix sup\u00e9rieur pour tenter sa chance et obtenir le bien immobilier convoit\u00e9. Le [&#8230;]\n","protected":false},"author":1,"featured_media":0,"parent":0,"menu_order":0,"comment_status":"closed","ping_status":"closed","template":"","meta":{"footnotes":""},"class_list":["post-2786","page","type-page","status-publish","hentry"],"_links":{"self":[{"href":"https:\/\/ribeiro-avocat.com\/index.php\/wp-json\/wp\/v2\/pages\/2786","targetHints":{"allow":["GET"]}}],"collection":[{"href":"https:\/\/ribeiro-avocat.com\/index.php\/wp-json\/wp\/v2\/pages"}],"about":[{"href":"https:\/\/ribeiro-avocat.com\/index.php\/wp-json\/wp\/v2\/types\/page"}],"author":[{"embeddable":true,"href":"https:\/\/ribeiro-avocat.com\/index.php\/wp-json\/wp\/v2\/users\/1"}],"replies":[{"embeddable":true,"href":"https:\/\/ribeiro-avocat.com\/index.php\/wp-json\/wp\/v2\/comments?post=2786"}],"version-history":[{"count":13,"href":"https:\/\/ribeiro-avocat.com\/index.php\/wp-json\/wp\/v2\/pages\/2786\/revisions"}],"predecessor-version":[{"id":2804,"href":"https:\/\/ribeiro-avocat.com\/index.php\/wp-json\/wp\/v2\/pages\/2786\/revisions\/2804"}],"wp:attachment":[{"href":"https:\/\/ribeiro-avocat.com\/index.php\/wp-json\/wp\/v2\/media?parent=2786"}],"curies":[{"name":"wp","href":"https:\/\/api.w.org\/{rel}","templated":true}]}}