{"id":278,"date":"2018-07-12T16:27:12","date_gmt":"2018-07-12T14:27:12","guid":{"rendered":"http:\/\/ribeiro-avocat.com\/?page_id=278"},"modified":"2019-04-22T20:20:03","modified_gmt":"2019-04-22T18:20:03","slug":"avantage-vente","status":"publish","type":"page","link":"https:\/\/ribeiro-avocat.com\/index.php\/avantage-vente\/","title":{"rendered":"Avantage vente"},"content":{"rendered":"\n  <div class=\"banner has-hover\" id=\"banner-1888509385\">\n          <div class=\"banner-inner fill\">\n        <div class=\"banner-bg fill\" >\n                                                \n                    <\/div>\n\t\t\n        <div class=\"banner-layers container\">\n            <div class=\"fill banner-link\"><\/div>            \n   <div id=\"text-box-1043314404\" class=\"text-box banner-layer x50 md-x50 lg-x50 y50 md-y50 lg-y50 res-text\">\n                                <div class=\"text-box-content text dark\">\n              \n              <div class=\"text-inner text-center\">\n                  \n<h3 class=\"uppercase\"><b>Les avantages de passer par un avocat mandataire pour vendre son bien\u00a0IMMOBILIER<\/b><\/h3>\n<h5><em>Confiance, Comp\u00e9tence, Confidentialit\u00e9<\/em><\/h5>\n              <\/div>\n           <\/div>\n                            \n<style>\n#text-box-1043314404 {\n  width: 60%;\n}\n#text-box-1043314404 .text-box-content {\n  font-size: 100%;\n}\n<\/style>\n    <\/div>\n \n        <\/div>\n      <\/div>\n\n            \n<style>\n#banner-1888509385 {\n  padding-top: 230px;\n}\n<\/style>\n  <\/div>\n\n\n\n\t<section class=\"section\" id=\"section_1662214522\">\n\t\t<div class=\"section-bg fill\" >\n\t\t\t\t\t\t\t\t\t\n\t\t\t\n\n\t\t<\/div>\n\n\t\t\n\n\t\t<div class=\"section-content relative\">\n\t\t\t\n<div class=\"row row-large align-center row-divided\"  id=\"row-1758241296\">\n\n\t<div id=\"col-2046321148\" class=\"col medium-4 large-4\"  >\n\t\t\t\t<div class=\"col-inner text-center\"  >\n\t\t\t\n\t\t\t\n    <div class=\"box has-hover has-hover box-text-bottom\" >\n\n                  <div class=\"box-image \" style=\"width:47%;\">\n           <div class=\"box-image-inner image-cover\" style=\"border-radius:100%;padding-top:100%;\">\n              <img loading=\"lazy\" decoding=\"async\" width=\"800\" height=\"600\" src=\"https:\/\/ribeiro-avocat.com\/wp-content\/uploads\/2018\/04\/code-civil.jpg\" class=\"attachment- size-\" alt=\"\" srcset=\"https:\/\/ribeiro-avocat.com\/wp-content\/uploads\/2018\/04\/code-civil.jpg 800w, https:\/\/ribeiro-avocat.com\/wp-content\/uploads\/2018\/04\/code-civil-300x225.jpg 300w, https:\/\/ribeiro-avocat.com\/wp-content\/uploads\/2018\/04\/code-civil-768x576.jpg 768w, https:\/\/ribeiro-avocat.com\/wp-content\/uploads\/2018\/04\/code-civil-600x450.jpg 600w\" sizes=\"auto, (max-width: 800px) 100vw, 800px\" \/>                         <\/div>\n          <\/div>\n         \n          <div class=\"box-text text-center\" >\n                <div class=\"box-text-inner\">\n                  <h4 class=\"uppercase\">\n                    <span class=\"person-name\">CONSEIL JURIDIQUE<\/span><br\/>\n                    <span class=\"person-title is-small thin-font op-7\">\n                                          <\/span>\n                  <\/h4>\n\t\t\t\t\t\n<p style=\"text-align: center;\">&#8212; Calcul des plus values<\/p>\n<p style=\"text-align: center;\">&#8211; \u00c9valuation du bien<\/p>\n<p style=\"text-align: center;\">&#8211; R\u00e9daction du compromis de vente<\/p>\n                <\/div>\n          <\/div>\n    <\/div>\n\n\t\n    \n<a href=\"https:\/\/ribeiro-avocat.com\/index.php\/conseil-juridique-vente\/\" class=\"button primary\" style=\"border-radius:99px;\">\n\t\t<span>EN SAVOIR PLUS<\/span>\n\t<\/a>\n\n\t\t<\/div>\n\t\t\t\t\t<\/div>\n\n\t\n\n\t<div id=\"col-1862561271\" class=\"col medium-4 large-4\"  >\n\t\t\t\t<div class=\"col-inner text-center\"  >\n\t\t\t\n\t\t\t\n    <div class=\"box has-hover has-hover box-text-bottom\" >\n\n                  <div class=\"box-image \" style=\"width:47%;\">\n           <div class=\"box-image-inner image-cover\" style=\"border-radius:100%;padding-top:100%;\">\n              <img loading=\"lazy\" decoding=\"async\" width=\"800\" height=\"536\" src=\"https:\/\/ribeiro-avocat.com\/wp-content\/uploads\/2018\/04\/avocat-robe-1.jpg\" class=\"attachment- size-\" alt=\"\" srcset=\"https:\/\/ribeiro-avocat.com\/wp-content\/uploads\/2018\/04\/avocat-robe-1.jpg 800w, https:\/\/ribeiro-avocat.com\/wp-content\/uploads\/2018\/04\/avocat-robe-1-300x201.jpg 300w, https:\/\/ribeiro-avocat.com\/wp-content\/uploads\/2018\/04\/avocat-robe-1-768x515.jpg 768w, https:\/\/ribeiro-avocat.com\/wp-content\/uploads\/2018\/04\/avocat-robe-1-600x402.jpg 600w\" sizes=\"auto, (max-width: 800px) 100vw, 800px\" \/>                         <\/div>\n          <\/div>\n         \n          <div class=\"box-text text-center\" >\n                <div class=\"box-text-inner\">\n                  <h4 class=\"uppercase\">\n                    <span class=\"person-name\">N\u00e9gociations deontologiques<\/span><br\/>\n                    <span class=\"person-title is-small thin-font op-7\">\n                                          <\/span>\n                  <\/h4>\n\t\t\t\t\t\n<p style=\"text-align: center;\">&#8211; Secret professionnel<\/p>\n<p style=\"text-align: center;\">&#8211; Absence de conflit d&rsquo;int\u00e9r\u00eat<\/p>\n                <\/div>\n          <\/div>\n    <\/div>\n\n\t\n    \n<a href=\"https:\/\/ribeiro-avocat.com\/index.php\/secret-professionnel\/\" class=\"button primary\" style=\"border-radius:99px;\">\n\t\t<span>EN SAVOIR PLUS<\/span>\n\t<\/a>\n\n\t\t<\/div>\n\t\t\t\t\t<\/div>\n\n\t\n\n\t<div id=\"col-1937212932\" class=\"col medium-4 large-4\"  >\n\t\t\t\t<div class=\"col-inner text-center\"  >\n\t\t\t\n\t\t\t\n    <div class=\"box has-hover has-hover box-text-bottom\" >\n\n                  <div class=\"box-image \" style=\"width:47%;\">\n           <div class=\"box-image-inner image-cover\" style=\"border-radius:100%;padding-top:100%;\">\n              <img loading=\"lazy\" decoding=\"async\" width=\"1024\" height=\"640\" src=\"https:\/\/ribeiro-avocat.com\/wp-content\/uploads\/2018\/08\/City-Landscape-Eiffel-Tower-Paris-France-1024x640.jpg\" class=\"attachment- size-\" alt=\"\" srcset=\"https:\/\/ribeiro-avocat.com\/wp-content\/uploads\/2018\/08\/City-Landscape-Eiffel-Tower-Paris-France-1024x640.jpg 1024w, https:\/\/ribeiro-avocat.com\/wp-content\/uploads\/2018\/08\/City-Landscape-Eiffel-Tower-Paris-France-1024x640-300x188.jpg 300w, https:\/\/ribeiro-avocat.com\/wp-content\/uploads\/2018\/08\/City-Landscape-Eiffel-Tower-Paris-France-1024x640-768x480.jpg 768w, https:\/\/ribeiro-avocat.com\/wp-content\/uploads\/2018\/08\/City-Landscape-Eiffel-Tower-Paris-France-1024x640-600x375.jpg 600w\" sizes=\"auto, (max-width: 1024px) 100vw, 1024px\" \/>                         <\/div>\n          <\/div>\n         \n          <div class=\"box-text text-center\" >\n                <div class=\"box-text-inner\">\n                  <h4 class=\"uppercase\">\n                    <span class=\"person-name\">PUBLICITE interNATIONALE<\/span><br\/>\n                    <span class=\"person-title is-small thin-font op-7\">\n                                          <\/span>\n                  <\/h4>\n\t\t\t\t\t\n<p style=\"text-align: center;\">&#8211; Une publicit\u00e9 nationale gr\u00e2ce \u00e0 une connaissance parfaite des plateformes de diffusion<\/p>\n<p style=\"text-align: center;\">&#8211; Une diffusion de qualit\u00e9 gr\u00e2ce au r\u00e9seau de l&rsquo;AAMTI (Association d&rsquo;avocat mandataire)<\/p>\n<p>&#8211; Une publication internationale gr\u00e2ce au r\u00e9seau Listglobally et ses 17 millions de visiteurs<\/p>\n                <\/div>\n          <\/div>\n    <\/div>\n\n\t\n    \n<a href=\"https:\/\/ribeiro-avocat.com\/index.php\/publicite-internationale\" class=\"button primary\" style=\"border-radius:99px;\">\n\t\t<span>EN SAVOIR PLUS<\/span>\n\t<\/a>\n\n\t\t<\/div>\n\t\t\t\t\t<\/div>\n\n\t\n<\/div>\n\t\t<\/div>\n\n\t\t\n<style>\n#section_1662214522 {\n  padding-top: 30px;\n  padding-bottom: 30px;\n  background-color: rgb(255, 255, 255);\n}\n<\/style>\n\t<\/section>\n\t\n","protected":false},"excerpt":{"rendered":"","protected":false},"author":1,"featured_media":0,"parent":0,"menu_order":0,"comment_status":"closed","ping_status":"closed","template":"page-blank.php","meta":{"footnotes":""},"class_list":["post-278","page","type-page","status-publish","hentry"],"_links":{"self":[{"href":"https:\/\/ribeiro-avocat.com\/index.php\/wp-json\/wp\/v2\/pages\/278","targetHints":{"allow":["GET"]}}],"collection":[{"href":"https:\/\/ribeiro-avocat.com\/index.php\/wp-json\/wp\/v2\/pages"}],"about":[{"href":"https:\/\/ribeiro-avocat.com\/index.php\/wp-json\/wp\/v2\/types\/page"}],"author":[{"embeddable":true,"href":"https:\/\/ribeiro-avocat.com\/index.php\/wp-json\/wp\/v2\/users\/1"}],"replies":[{"embeddable":true,"href":"https:\/\/ribeiro-avocat.com\/index.php\/wp-json\/wp\/v2\/comments?post=278"}],"version-history":[{"count":26,"href":"https:\/\/ribeiro-avocat.com\/index.php\/wp-json\/wp\/v2\/pages\/278\/revisions"}],"predecessor-version":[{"id":1117,"href":"https:\/\/ribeiro-avocat.com\/index.php\/wp-json\/wp\/v2\/pages\/278\/revisions\/1117"}],"wp:attachment":[{"href":"https:\/\/ribeiro-avocat.com\/index.php\/wp-json\/wp\/v2\/media?parent=278"}],"curies":[{"name":"wp","href":"https:\/\/api.w.org\/{rel}","templated":true}]}}