{"id":273,"date":"2018-07-12T16:23:22","date_gmt":"2018-07-12T14:23:22","guid":{"rendered":"http:\/\/ribeiro-avocat.com\/?page_id=273"},"modified":"2019-05-09T18:20:58","modified_gmt":"2019-05-09T16:20:58","slug":"secret-professionnel","status":"publish","type":"page","link":"https:\/\/ribeiro-avocat.com\/index.php\/secret-professionnel\/","title":{"rendered":"Secret Pro"},"content":{"rendered":"    <div class=\"box has-hover has-hover box-text-bottom\" >\n\n                  <div class=\"box-image \" style=\"width:18%;\">\n           <div class=\"box-image-inner image-cover\" style=\"border-radius:100%;padding-top:100%;\">\n              <img loading=\"lazy\" decoding=\"async\" width=\"800\" height=\"536\" src=\"https:\/\/ribeiro-avocat.com\/wp-content\/uploads\/2018\/04\/avocat-robe-1.jpg\" class=\"attachment- size-\" alt=\"\" srcset=\"https:\/\/ribeiro-avocat.com\/wp-content\/uploads\/2018\/04\/avocat-robe-1.jpg 800w, https:\/\/ribeiro-avocat.com\/wp-content\/uploads\/2018\/04\/avocat-robe-1-300x201.jpg 300w, https:\/\/ribeiro-avocat.com\/wp-content\/uploads\/2018\/04\/avocat-robe-1-768x515.jpg 768w, https:\/\/ribeiro-avocat.com\/wp-content\/uploads\/2018\/04\/avocat-robe-1-600x402.jpg 600w\" sizes=\"auto, (max-width: 800px) 100vw, 800px\" \/>                         <\/div>\n          <\/div>\n         \n          <div class=\"box-text text-center is-large\" >\n                <div class=\"box-text-inner\">\n                  <h4 class=\"uppercase\">\n                    <span class=\"person-name\">SECRET PROFESSIONNEL<\/span><br\/>\n                    <span class=\"person-title is-small thin-font op-7\">\n                                          <\/span>\n                  <\/h4>\n\t\t\t\t\t\n                <\/div>\n          <\/div>\n    <\/div>\n\n\t\n    \n<p>La profession d&rsquo;Avocat est soumise \u00e0 une r\u00e9glementation stricte. Elle est r\u00e9gie notamment par\u00a0le R\u00e8glement int\u00e9rieur national de la profession d&rsquo;Avocat (R.I.N).<\/p>\n<p>L&rsquo;avocat mandataire prot\u00e8ge donc investissement gr\u00e2ce au secret professionnel et \u00e0 l\u2019absence de conflits d&rsquo;int\u00e9r\u00eats.<\/p>\n<h3><span style=\"text-decoration: underline;\">La protection gr\u00e2ce au secret professionnel :<\/span><\/h3>\n<p>L&rsquo;article 2 du R\u00e8glement int\u00e9rieur national dispose que le secret professionnel est d&rsquo;ordre public. L&rsquo;Avocat ne peut sous aucun pr\u00e9texte r\u00e9v\u00e9ler des informations qui lui sont confi\u00e9es dans l&rsquo;exercice de ses fonctions.<\/p>\n<p>Dans le monde des affaires o\u00f9 le principe du secret est roi, l&rsquo;Avocat est un gage de garantie incomparable.<\/p>\n<h3><span style=\"text-decoration: underline;\">La garantie contre le risque de conflit d\u2019int\u00e9r\u00eat :<\/span><\/h3>\n<p>L&rsquo;article 4 du R.I.N dispose que l&rsquo;avocat ne peut \u00eatre ni le conseil ni le repr\u00e9sentant ou le d\u00e9fenseur de plus d&rsquo;un client dans une m\u00eame affaire s&rsquo;il y a conflit entre les int\u00e9r\u00eats de ses clients ou, sauf accord des parties, s&rsquo;il existe un risque s\u00e9rieux d&rsquo;un tel conflit.<\/p>\n<p>C&rsquo;est pourquoi \u00e0 l&rsquo;inverse d&rsquo;autres professionnels de l&rsquo;immobilier,\u00a0 Me RIBEIRO DE CARVALHO n&rsquo;accepte jamais de mandat d&rsquo;achat et de vente sur un m\u00eame bien.<\/p>\n<p>Dans le cadre d&rsquo;une transaction immobili\u00e8re, l&rsquo;Avocat mandataire repr\u00e9sente uniquement son client et le conseille afin d&rsquo;obtenir les meilleures conditions financi\u00e8res possibles.<\/p>\n    <div class=\"box has-hover has-hover box-text-bottom\" >\n\n                  <div class=\"box-image \" style=\"width:18%;\">\n           <div class=\"box-image-inner image-cover\" style=\"border-radius:100%;padding-top:100%;\">\n              <img loading=\"lazy\" decoding=\"async\" width=\"4000\" height=\"3000\" src=\"https:\/\/ribeiro-avocat.com\/wp-content\/uploads\/2018\/04\/7385180-11372774.jpg\" class=\"attachment- size-\" alt=\"\" srcset=\"https:\/\/ribeiro-avocat.com\/wp-content\/uploads\/2018\/04\/7385180-11372774.jpg 4000w, https:\/\/ribeiro-avocat.com\/wp-content\/uploads\/2018\/04\/7385180-11372774-300x225.jpg 300w, https:\/\/ribeiro-avocat.com\/wp-content\/uploads\/2018\/04\/7385180-11372774-768x576.jpg 768w, https:\/\/ribeiro-avocat.com\/wp-content\/uploads\/2018\/04\/7385180-11372774-1024x768.jpg 1024w, https:\/\/ribeiro-avocat.com\/wp-content\/uploads\/2018\/04\/7385180-11372774-600x450.jpg 600w\" sizes=\"auto, (max-width: 4000px) 100vw, 4000px\" \/>                         <\/div>\n          <\/div>\n         \n          <div class=\"box-text text-center is-large\" >\n                <div class=\"box-text-inner\">\n                  <h4 class=\"uppercase\">\n                    <span class=\"person-name\">DES honoraires transparents<\/span><br\/>\n                    <span class=\"person-title is-small thin-font op-7\">\n                                          <\/span>\n                  <\/h4>\n\t\t\t\t\t\n<a href=\"https:\/\/ribeiro-avocat.com\/index.php\/exemple-deduction-fiscale\/\" class=\"button primary\" style=\"border-radius:99px;\">\n\t\t<span>suivant<\/span>\n\t<\/a>\n\n                <\/div>\n          <\/div>\n    <\/div>\n\n\t\n    \n","protected":false},"excerpt":{"rendered":"<p>La profession d&rsquo;Avocat est soumise \u00e0 une r\u00e9glementation stricte. Elle est r\u00e9gie notamment par\u00a0le R\u00e8glement int\u00e9rieur national de la profession d&rsquo;Avocat (R.I.N). L&rsquo;avocat mandataire prot\u00e8ge donc investissement gr\u00e2ce au secret professionnel et \u00e0 l\u2019absence de conflits d&rsquo;int\u00e9r\u00eats. La protection gr\u00e2ce au secret professionnel : L&rsquo;article 2 du R\u00e8glement int\u00e9rieur national dispose que le secret professionnel [&#8230;]\n","protected":false},"author":1,"featured_media":0,"parent":0,"menu_order":0,"comment_status":"closed","ping_status":"closed","template":"","meta":{"footnotes":""},"class_list":["post-273","page","type-page","status-publish","hentry"],"_links":{"self":[{"href":"https:\/\/ribeiro-avocat.com\/index.php\/wp-json\/wp\/v2\/pages\/273","targetHints":{"allow":["GET"]}}],"collection":[{"href":"https:\/\/ribeiro-avocat.com\/index.php\/wp-json\/wp\/v2\/pages"}],"about":[{"href":"https:\/\/ribeiro-avocat.com\/index.php\/wp-json\/wp\/v2\/types\/page"}],"author":[{"embeddable":true,"href":"https:\/\/ribeiro-avocat.com\/index.php\/wp-json\/wp\/v2\/users\/1"}],"replies":[{"embeddable":true,"href":"https:\/\/ribeiro-avocat.com\/index.php\/wp-json\/wp\/v2\/comments?post=273"}],"version-history":[{"count":23,"href":"https:\/\/ribeiro-avocat.com\/index.php\/wp-json\/wp\/v2\/pages\/273\/revisions"}],"predecessor-version":[{"id":1232,"href":"https:\/\/ribeiro-avocat.com\/index.php\/wp-json\/wp\/v2\/pages\/273\/revisions\/1232"}],"wp:attachment":[{"href":"https:\/\/ribeiro-avocat.com\/index.php\/wp-json\/wp\/v2\/media?parent=273"}],"curies":[{"name":"wp","href":"https:\/\/api.w.org\/{rel}","templated":true}]}}