{"id":2506,"date":"2023-08-29T10:09:39","date_gmt":"2023-08-29T08:09:39","guid":{"rendered":"https:\/\/ribeiro-avocat.com\/?page_id=2506"},"modified":"2023-09-14T09:43:21","modified_gmt":"2023-09-14T07:43:21","slug":"avocat-succession-nice","status":"publish","type":"page","link":"https:\/\/ribeiro-avocat.com\/index.php\/avocat-succession-nice\/","title":{"rendered":"Avocat succession \u00e0 Nice"},"content":{"rendered":"<div class=\"slider-wrapper relative\" id=\"slider-508863276\" >\n    <div class=\"slider slider-nav-circle slider-nav-large slider-nav-light slider-style-normal\"\n        data-flickity-options='{\n            \"cellAlign\": \"center\",\n            \"imagesLoaded\": true,\n            \"lazyLoad\": 1,\n            \"freeScroll\": false,\n            \"wrapAround\": true,\n            \"autoPlay\": 6000,\n            \"pauseAutoPlayOnHover\" : true,\n            \"prevNextButtons\": true,\n            \"contain\" : true,\n            \"adaptiveHeight\" : true,\n            \"dragThreshold\" : 10,\n            \"percentPosition\": true,\n            \"pageDots\": true,\n            \"rightToLeft\": false,\n            \"draggable\": true,\n            \"selectedAttraction\": 0.1,\n            \"parallax\" : 0,\n            \"friction\": 0.6        }'\n        >\n        \n\n  <div class=\"banner has-hover\" id=\"banner-1128244685\">\n          <div class=\"banner-inner fill\">\n        <div class=\"banner-bg fill\" >\n            <img loading=\"lazy\" decoding=\"async\" width=\"1280\" height=\"847\" src=\"https:\/\/ribeiro-avocat.com\/wp-content\/uploads\/2023\/08\/droit-successions-zerbor-adobestock.jpg\" class=\"bg attachment-original size-original\" alt=\"avocat succession \u00e0 Nice\" \/>                                    \n                    <\/div>\n\t\t\n        <div class=\"banner-layers container\">\n            <div class=\"fill banner-link\"><\/div>            \n   <div id=\"text-box-1310636856\" class=\"text-box banner-layer x5 md-x5 lg-x5 y95 md-y50 lg-y50 res-text\">\n                                <div class=\"text-box-content text box-shadow-1\">\n              \n              <div class=\"text-inner text-left\">\n                  \n<h1 class=\"uppercase\"><span style=\"color: #000000; font-size: 55%;\">AVOCAT EXPERT EN DROIT DES SUCCESSIONS A NICE<\/span><\/h1>\n<p style=\"text-align: justify;\"><span style=\"color: #000000;\">Le cabinet vous assiste dans le cadre d&rsquo;une succession conflictuelle. Gr\u00e2ce \u00e0 ses connaissances approfondie en <a href=\"https:\/\/ribeiro-avocat.com\/\">droit immobilier \u00e0 Nice<\/a>, Me Ribeiro est en mesure d&rsquo;apporter \u00e0 ses clients un conseil complet<\/span>.<\/p>\n<a href=\"https:\/\/ribeiro-avocat.com\/index.php\/me-ribeiro-de-carvalho-a-propos-2\/\" class=\"button primary is-gradient\" >\n\t\t<span>CONTACT<\/span>\n\t<\/a>\n\n              <\/div>\n           <\/div>\n                            \n<style>\n#text-box-1310636856 .text-box-content {\n  background-color: rgba(255, 255, 255, 0.94);\n  font-size: 100%;\n}\n#text-box-1310636856 .text-inner {\n  padding: 30px 30px 30px 30px;\n}\n#text-box-1310636856 {\n  width: 90%;\n}\n@media (min-width:550px) {\n  #text-box-1310636856 {\n    width: 44%;\n  }\n}\n<\/style>\n    <\/div>\n \n        <\/div>\n      <\/div>\n\n            \n<style>\n#banner-1128244685 {\n  padding-top: 637px;\n}\n#banner-1128244685 .banner-bg img {\n  object-position: 51% 75%;\n}\n<\/style>\n  <\/div>\n\n\n     <\/div>\n\n     <div class=\"loading-spin dark large centered\"><\/div>\n\n\t<\/div>\n\n\n<p style=\"text-align: justify;\"><span style=\"color: #000000;\"><br \/>\nQu&rsquo;il soit conflictuel ou non, le <strong>droit des successions<\/strong> s&rsquo;inscrit souvent dans un moment de vie compliqu\u00e9. Une succession n&rsquo;est jamais une formalit\u00e9. Certes le <strong>testament<\/strong>, lorsqu&rsquo;il existe, est cens\u00e9 pr\u00e9voir la <strong>r\u00e9partition des liquidit\u00e9s des biens mobiliers et immobiliers<\/strong>. Ainsi et en l&rsquo;absence de disposition du d\u00e9funt, la loi pr\u00e9voit une transmission de l&rsquo;h\u00e9ritage en fonction du lien de parent\u00e9 avec la personne d\u00e9c\u00e9d\u00e9e. C&rsquo;est ainsi que peuvent appara\u00eetre des int\u00e9r\u00eats divergeant entre les diff\u00e9rents pr\u00e9tendants : les int\u00e9r\u00eats de chacun sont tellement diff\u00e9rents qu&rsquo;un partage devant Notaire est tous simplement inenvisageable ce qui rend l&rsquo;acte de notori\u00e9t\u00e9 impossible \u00e0 signer.<\/span><\/p>\n<p style=\"text-align: justify;\"><span style=\"color: #000000;\">C&rsquo;est dans ce genre de situation <b>qu&rsquo;un avocat sp\u00e9cialiste en droit des <\/b><b style=\"font-size: 14.4px;\">successions \u00e0 Nice,\u00a0<\/b><span style=\"font-size: 14.4px;\">offre une alternative incontournable. <\/span><\/span><span style=\"color: #000000;\"><span style=\"font-size: 14.4px;\">L&rsquo;Avocat fera tout pour permettre de mettre en \u0153uvre une solution amiable avant tout proc\u00e8s. Enfin, lorsque la situation est dans une impasse, <strong>l&rsquo;Avocat en droit des successions\u00a0<\/strong>n&rsquo;a pas d&rsquo;autres choix que d&rsquo;accompagner ses clients devant le Tribunal judiciaire de Nice.<\/span><\/span><\/p>\n<h2 style=\"text-align: center;\"><span style=\"color: #000000;\">L&rsquo;accompagnement du Cabinet en succession \u00e0 Nice<\/span><\/h2>\n\n\t<section class=\"section\" id=\"section_1007244688\">\n\t\t<div class=\"section-bg fill\" >\n\t\t\t\t\t\t\t\t\t\n\t\t\t\n\n\t\t<\/div>\n\n\t\t\n\n\t\t<div class=\"section-content relative\">\n\t\t\t\n<div class=\"row row-large align-center row-divided\"  id=\"row-1236787796\">\n\n\t<div id=\"col-805936060\" class=\"col medium-4 large-4\"  >\n\t\t\t\t<div class=\"col-inner\"  >\n\t\t\t\n\t\t\t\n\n\t\t<div class=\"icon-box featured-box icon-box-center text-center\"  style=\"margin:0px 0px 0px 0px;\">\n\t\t\t\t\t<div class=\"icon-box-img has-icon-bg\" style=\"width: 60px\">\n\t\t\t\t<div class=\"icon\">\n\t\t\t\t\t<div class=\"icon-inner\" style=\"border-width:2px;\">\n\t\t\t\t\t\t\t\t\t\t\t<\/div>\n\t\t\t\t<\/div>\n\t\t\t<\/div>\n\t\t\t\t<div class=\"icon-box-text last-reset\">\n\t\t\t<h5 class=\"uppercase\">SORTIR DE L'INDIVISION<\/h5>\t\t\t\t\t\t\n\t\t<\/div>\n\t<\/div>\n\t\n\t\n\t\t<\/div>\n\t\t\t\t\t<\/div>\n\n\t\n\n\t<div id=\"col-1971969984\" class=\"col medium-4 large-4\"  >\n\t\t\t\t<div class=\"col-inner\"  >\n\t\t\t\n\t\t\t\n\n\t\t<div class=\"icon-box featured-box icon-box-center text-center\"  style=\"margin:0px 0px 0px 0px;\">\n\t\t\t\t\t<div class=\"icon-box-img has-icon-bg\" style=\"width: 60px\">\n\t\t\t\t<div class=\"icon\">\n\t\t\t\t\t<div class=\"icon-inner\" style=\"border-width:2px;color:rgb(164, 47, 47);\">\n\t\t\t\t\t\t\t\t\t\t\t<\/div>\n\t\t\t\t<\/div>\n\t\t\t<\/div>\n\t\t\t\t<div class=\"icon-box-text last-reset\">\n\t\t\t<h5 class=\"uppercase\">CONTESTER LE PARTAGE SUCESSORAL<\/h5>\t\t\t\t\t\t\n\t\t<\/div>\n\t<\/div>\n\t\n\t\n\t\t<\/div>\n\t\t\t\t\t<\/div>\n\n\t\n<\/div>\n\t\t<\/div>\n\n\t\t\n<style>\n#section_1007244688 {\n  padding-top: 30px;\n  padding-bottom: 30px;\n  background-color: rgb(255, 255, 255);\n}\n<\/style>\n\t<\/section>\n\t\n<h2><span style=\"color: #000000;\"><span style=\"text-decoration: underline;\">Sortir de l&rsquo;indivision \u00e0 Nice et aux alentours<\/span><\/span><\/h2>\n<p><img loading=\"lazy\" decoding=\"async\" class=\"size-medium wp-image-2507 alignleft\" src=\"https:\/\/ribeiro-avocat.com\/wp-content\/uploads\/2023\/08\/droit-successions-zerbor-adobestock-300x199.jpg\" alt=\"avocat succession \u00e0 Nice\" width=\"300\" height=\"199\" srcset=\"https:\/\/ribeiro-avocat.com\/wp-content\/uploads\/2023\/08\/droit-successions-zerbor-adobestock-300x199.jpg 300w, https:\/\/ribeiro-avocat.com\/wp-content\/uploads\/2023\/08\/droit-successions-zerbor-adobestock-1024x678.jpg 1024w, https:\/\/ribeiro-avocat.com\/wp-content\/uploads\/2023\/08\/droit-successions-zerbor-adobestock-768x508.jpg 768w, https:\/\/ribeiro-avocat.com\/wp-content\/uploads\/2023\/08\/droit-successions-zerbor-adobestock-600x397.jpg 600w, https:\/\/ribeiro-avocat.com\/wp-content\/uploads\/2023\/08\/droit-successions-zerbor-adobestock.jpg 1280w\" sizes=\"auto, (max-width: 300px) 100vw, 300px\" \/><\/p>\n<p style=\"text-align: justify;\"><span style=\"color: #000000;\"><strong>L&rsquo;indivision successorale<\/strong> caract\u00e9rise la situation des h\u00e9ritiers au moment de l&rsquo;ouverture des droits de la succession. Il s&rsquo;agit d&rsquo;un statut commun \u00e0 tous les h\u00e9ritiers. C&rsquo;est lors de cette \u00e9tape que les h\u00e9ritiers sont cens\u00e9s trouver un accord pour se partager et r\u00e9partir le patrimoine. La d\u00e9cision portera sur la r\u00e9partition des diff\u00e9rents actifs : liquidit\u00e9s, biens mobiliers mais surtout concernant les biens immobiliers qui repr\u00e9sentent tr\u00e8s souvent la grande majorit\u00e9 du patrimoine successoral. Les diff\u00e9rents protagonistes doivent alors faire des choix important comme d\u00e9signer la personne qui gardera la maison familiale, qui pourra racheter telle quote-part etc. C&rsquo;est dans ce genre de situation que les conflits apparaissent et que le recours \u00e0 un <strong>Avocat en droit des successions<\/strong> est n\u00e9cessaire.<\/span><\/p>\n<h3><span style=\"color: #000000;\">Comment \u00e9viter que la succession soit bloqu\u00e9e ?<\/span><\/h3>\n<p style=\"text-align: justify;\"><span style=\"color: #000000;\">Pour sortir de l&rsquo;indivision, il faut imp\u00e9rativement parvenir \u00e0 partager le patrimoine. D\u00e8s lors que vous souhaitez vendre le patrimoine, votre avocat en droit des successions doit saisir le Tribunal pour se voir autoriser \u00e0 vendre les \u00e9ventuels biens immobiliers et liquider la <strong>succession<\/strong>. N\u00e9anmoins la loi pr\u00e9voit une obligation de tenter de trouver une issue amiable avant de saisir le Juge successoral. L&rsquo;Avocat prend ainsi pr\u00e9alablement attache avec les autre h\u00e9ritiers pour savoir si une solution amiable est envisageable ou non. Si la proc\u00e9dure est in\u00e9vitable la saisie se fait par assignation. Les d\u00e9lais sont parfois longs devant les juridictions fran\u00e7aises : de l&rsquo;ordre de 12 \u00e0 18 mois hors appel.<\/span><\/p>\n<h3><span style=\"color: #000000;\">La proc\u00e9dure judiciaire permet de sortir de l&rsquo;indivision<\/span><\/h3>\n<p style=\"text-align: justify;\"><span style=\"color: #000000;\">Comme indiqu\u00e9 pr\u00e9c\u00e9demment, l&rsquo;Avocat pourra vous faire sortir de l&rsquo;indivision successoral en saisissant le Tribunal judiciaire de Nice ou de Grasse. <a style=\"color: #000000;\" href=\"https:\/\/www.legifrance.gouv.fr\/codes\/article_lc\/LEGIARTI000006432351\">L&rsquo;article 815 du Code civil<\/a> pr\u00e9cise que \u00ab\u00a0Nul ne peut \u00eatre contraint \u00e0 demeurer dans l&rsquo;indivision et le partage peut toujours \u00eatre provoqu\u00e9, \u00e0 moins qu&rsquo;il n&rsquo;y ait \u00e9t\u00e9 sursis par jugement ou convention\u00a0\u00bb. Pendant toutes la dur\u00e9e de la proc\u00e9dure, les h\u00e9ritiers restent propri\u00e9taires en indivision des biens. Il est naturellement possible de prendre des mesures conservatoires pour prot\u00e9ger le patrimoine. Par cons\u00e9quent, le recours \u00e0 un Avocat est recommand\u00e9 dans ce type de situation afin de savoir si les actes rel\u00e8vent de mesures conservatoires ou de dispositions, dont d\u00e9pend l&rsquo;accord ou non des autres indivisaires.\u00a0<\/span><\/p>\n<h2><span style=\"text-decoration: underline; color: #000000;\">Me Ribeiro intervient en qualit\u00e9 d&rsquo;Avocat en droit des successions \u00e0 Nice<\/span><\/h2>\n<p style=\"text-align: justify;\"><span style=\"color: #000000;\">Si vous \u00eates dans l&rsquo;une des situations d\u00e9crites ci avant, vous pouvez contacter Me Ribeiro de Carvalho, <strong>Avocat au Barreau de Nice<\/strong> lequel intervient dans cette mati\u00e8re. Fort d&rsquo;une expertise pointue en droit immobilier, il pourra vous offrir un conseil complet, les deux mati\u00e8res \u00e9tant souvent concern\u00e9es dans les m\u00eames dossiers.\u00a0 Me Ribeiro peut intervenir sur des successions sur tout le territoire fran\u00e7ais et ce quelque soit le lieu de situation des immeubles ou du lieu d&rsquo;ouverture de la succession. Ainsi, vous pouvez le contacter par mail ou t\u00e9l\u00e9phone, l&rsquo;ensemble de ses coordonn\u00e9es \u00e9tant consultable <a href=\"https:\/\/ribeiro-avocat.com\/index.php\/me-ribeiro-de-carvalho-a-propos-2\/\">ici<\/a>.<\/span><\/p>\n","protected":false},"excerpt":{"rendered":"<p>Qu&rsquo;il soit conflictuel ou non, le droit des successions s&rsquo;inscrit souvent dans un moment de vie compliqu\u00e9. Une succession n&rsquo;est jamais une formalit\u00e9. Certes le testament, lorsqu&rsquo;il existe, est cens\u00e9 pr\u00e9voir la r\u00e9partition des liquidit\u00e9s des biens mobiliers et immobiliers. Ainsi et en l&rsquo;absence de disposition du d\u00e9funt, la loi pr\u00e9voit une transmission de l&rsquo;h\u00e9ritage [&#8230;]\n","protected":false},"author":1,"featured_media":0,"parent":0,"menu_order":0,"comment_status":"closed","ping_status":"closed","template":"page-blank.php","meta":{"footnotes":""},"class_list":["post-2506","page","type-page","status-publish","hentry"],"_links":{"self":[{"href":"https:\/\/ribeiro-avocat.com\/index.php\/wp-json\/wp\/v2\/pages\/2506","targetHints":{"allow":["GET"]}}],"collection":[{"href":"https:\/\/ribeiro-avocat.com\/index.php\/wp-json\/wp\/v2\/pages"}],"about":[{"href":"https:\/\/ribeiro-avocat.com\/index.php\/wp-json\/wp\/v2\/types\/page"}],"author":[{"embeddable":true,"href":"https:\/\/ribeiro-avocat.com\/index.php\/wp-json\/wp\/v2\/users\/1"}],"replies":[{"embeddable":true,"href":"https:\/\/ribeiro-avocat.com\/index.php\/wp-json\/wp\/v2\/comments?post=2506"}],"version-history":[{"count":19,"href":"https:\/\/ribeiro-avocat.com\/index.php\/wp-json\/wp\/v2\/pages\/2506\/revisions"}],"predecessor-version":[{"id":2562,"href":"https:\/\/ribeiro-avocat.com\/index.php\/wp-json\/wp\/v2\/pages\/2506\/revisions\/2562"}],"wp:attachment":[{"href":"https:\/\/ribeiro-avocat.com\/index.php\/wp-json\/wp\/v2\/media?parent=2506"}],"curies":[{"name":"wp","href":"https:\/\/api.w.org\/{rel}","templated":true}]}}