{"id":2267,"date":"2022-12-07T09:57:59","date_gmt":"2022-12-07T08:57:59","guid":{"rendered":"https:\/\/ribeiro-avocat.com\/?page_id=2267"},"modified":"2022-12-12T17:18:40","modified_gmt":"2022-12-12T16:18:40","slug":"avocat-copropriete","status":"publish","type":"page","link":"https:\/\/ribeiro-avocat.com\/index.php\/avocat-copropriete\/","title":{"rendered":"Avocat copropri\u00e9t\u00e9"},"content":{"rendered":"<h1 style=\"text-align: center;\"><span style=\"text-decoration: underline; color: #000000;\"><strong>Le droit de la copropri\u00e9t\u00e9 \u00e0 Nice<\/strong><\/span><\/h1>\n<p style=\"text-align: justify;\"><span style=\"color: #000000;\"><strong>L&rsquo;Avocat en droit de la copropri\u00e9t\u00e9<\/strong> assiste et conseille aussi bien les propri\u00e9taires de <strong>biens immobiliers<\/strong> que les syndics professionnels. Que ce soit pour l&rsquo;analyse du <strong>r\u00e8glement de copropri\u00e9t\u00e9<\/strong> ou la mise en place de <strong>proc\u00e9dure judiciaire<\/strong>, Me Ribeiro demeure \u00e0 votre disposition pour vous repr\u00e9senter.<\/span><\/p>\n<h2 style=\"text-align: justify;\"><span style=\"color: #000000;\">Qu&rsquo;est que le droit de la copropri\u00e9t\u00e9 ?<\/span><\/h2>\n<p style=\"text-align: justify;\"><span style=\"color: #000000;\">La copropri\u00e9t\u00e9 est un r\u00e9gime juridique auquel sont parfois soumis certains immeubles d&rsquo;habitation. Lorsque l&rsquo;immeuble est dit en <strong>copropri\u00e9t\u00e9<\/strong>, cela signifie qu&rsquo;il set obligatoirement soumis au dispositions de la loi n\u00b065-557 du 10 juillet 1965 qui fixe justement le statut de la copropri\u00e9t\u00e9 des immeubles b\u00e2tis. <strong>Un avocat en droit de la copropri\u00e9t\u00e9<\/strong> est donc un professionnel de l&rsquo;immobilier qui conna\u00eet les subtilit\u00e9s des nombreuses r\u00e8gles applicables en cette mati\u00e8re. Ce r\u00e9gime sp\u00e9cifique et sp\u00e9cial fixent \u00e0 la fois le r\u00e9gime des parties communes mais \u00e9galement celui des parties privatives.<\/span><\/p>\n<h2 style=\"text-align: justify;\"><span style=\"color: #000000;\">Le r\u00f4le de l&rsquo;Avocat dans la copropri\u00e9t\u00e9<\/span><\/h2>\n<p style=\"text-align: justify;\"><span style=\"color: #000000;\"><strong>L&rsquo;avocat en droit de la copropri\u00e9t\u00e9<\/strong> assiste et conseille ses clients sur les enjeux et probl\u00e9matiques li\u00e9es \u00e0 la gestion administrative, juridique et parfois fiscale de l&rsquo;immeuble soumis au r\u00e9gime de la 1965 sur la copropri\u00e9t\u00e9. L&rsquo;avocat peut conseiller aussi bien les propri\u00e9taires de biens immobiliers que les syndics professionnels.\u00a0 A cet effet, Me Ribeiro de Carvalho assiste r\u00e9guli\u00e8rement les deux parties sans aucune distinction de moyen et b\u00e9n\u00e9ficie du retour d&rsquo;exp\u00e9rience de ses clients pour \u00eatre en mesure de proposer une \u00e9coute attentive.<\/span><\/p>\n<p style=\"text-align: justify;\"><span style=\"color: #000000;\">Me Ribeiro r\u00e9dige r\u00e9guli\u00e8rement des consultations juridiques afin de r\u00e9pondre aux probl\u00e9matiques et interrogations de ses clients en amont de toute proc\u00e9dure. Parfois, la solution n\u00e9cessite n\u00e9anmoins de saisir le Tribunal judiciaire afin de contraindre la partie adverse a respecter ses obligations. Lorsque l&rsquo;immeuble est situ\u00e9 entre Nice, Villefranche sur Mer ou Levens, le Tribunal comp\u00e9tent et le <strong>Tribunal judiciaire de Nice.<\/strong> Lorsque l&rsquo;immeuble est situ\u00e9 entre Saint Laurent du Var, Cannes et Grasse<strong> (06)<\/strong>, le Tribunal judiciaire de Grasse sera comp\u00e9tent. Lorsque l&rsquo;enjeux du\u00a0 litige est sup\u00e9rieur \u00e0 10.000 \u20ac, la repr\u00e9sentation par avocat est obligatoire.<\/span><\/p>\n<h2 style=\"text-align: justify;\"><span style=\"color: #000000;\">Les contentieux li\u00e9s au droit de la copropri\u00e9t\u00e9<\/span><\/h2>\n<p style=\"text-align: justify;\"><span style=\"color: #000000;\">Le cabinet de Me Ribeiro \u00e0 Nice, Alpes-Maritimes (06) intervient d\u00e8s que sujet concerne<strong> le droit de la copropri\u00e9t\u00e9.<\/strong> Cela peut \u00eatre une contestations d&rsquo;assembl\u00e9e g\u00e9n\u00e9rale. Dans cette situation, il convient de contacter rapidement un avocat car le d\u00e9lai pour saisir le Tribunal et contester la d\u00e9cision de la copropri\u00e9t\u00e9 est de seulement deux mois \u00e0 compter de la signification du proc\u00e8s-verbal.\u00a0<\/span><\/p>\n<p style=\"text-align: justify;\"><span style=\"color: #000000;\">Le contentieux peut \u00e9galement porter sur le recouvrement de charges de copropri\u00e9t\u00e9 lorsque l&rsquo;une des copropri\u00e9taires et en d\u00e9faut de paiement. Dans cette situation, le syndic sera \u00e0 l&rsquo;initiative de la proc\u00e9dure accompagn\u00e9 par l&rsquo;avocat. Dans les cas les plus extr\u00eames, il peut \u00eatre engag\u00e9 une proc\u00e9dure de saisie immobili\u00e8re. Lorsque des sinistres surviennent dans les parties communes, l&rsquo;avocat demande une expertise judiciaire afin d&rsquo;obtenir un rapport permettant de donner un avis techniques sur les responsabilit\u00e9s encourus.\u00a0<\/span><\/p>\n<p><img loading=\"lazy\" decoding=\"async\" class=\"aligncenter wp-image-2271\" src=\"https:\/\/ribeiro-avocat.com\/wp-content\/uploads\/2022\/12\/syndic-de-coproprietefotolia_2-300x164.jpg\" alt=\"avocat droit copropri\u00e9t\u00e9 nice\" width=\"499\" height=\"272\" srcset=\"https:\/\/ribeiro-avocat.com\/wp-content\/uploads\/2022\/12\/syndic-de-coproprietefotolia_2-300x164.jpg 300w, https:\/\/ribeiro-avocat.com\/wp-content\/uploads\/2022\/12\/syndic-de-coproprietefotolia_2-1024x558.jpg 1024w, https:\/\/ribeiro-avocat.com\/wp-content\/uploads\/2022\/12\/syndic-de-coproprietefotolia_2-768x419.jpg 768w, https:\/\/ribeiro-avocat.com\/wp-content\/uploads\/2022\/12\/syndic-de-coproprietefotolia_2-600x327.jpg 600w, https:\/\/ribeiro-avocat.com\/wp-content\/uploads\/2022\/12\/syndic-de-coproprietefotolia_2.jpg 1200w\" sizes=\"auto, (max-width: 499px) 100vw, 499px\" \/><\/p>\n<h2 style=\"text-align: justify;\"><span style=\"color: #000000;\">Que faire en cas d&rsquo;absence de syndic dans un immeuble \u00e0 Nice et ses environs ?<\/span><\/h2>\n<p style=\"text-align: justify;\"><span style=\"color: #000000;\">Il arrive parfois que l&rsquo;immeuble n&rsquo;ai pas de syndic qu&rsquo;il soit b\u00e9n\u00e9vole ou professionnel. Cette situation arrive fr\u00e9quemment dans les petits immeubles compos\u00e9s de quelques copropri\u00e9taires. La situation peut n\u00e9anmoins arriver dans de plus grosses structures lorsque le syndic professionnel quitte ou cesse ses fonctions brutalement. Il existe des situations rapides et efficaces pour obtenir la d\u00e9signation d&rsquo;un administrateur judicaire. Le recours \u00e0 un Avocat en droit de la copropri\u00e9t\u00e9 est alors un atout pr\u00e9cieux car il saura mettre en place les mesures n\u00e9cessaires afin de prot\u00e9ger l&rsquo;immeuble et les copropri\u00e9taires.<\/span><\/p>\n<p style=\"text-align: justify;\"><span style=\"color: #000000;\">D\u00e9couvrez \u00e9galement les comp\u00e9tences de Me Ribeiro, <a href=\"https:\/\/ribeiro-avocat.com\/\">Avocat \u00e0 Nice dans le domaine du droit immobilier<\/a> :<\/span><\/p>\n<p style=\"text-align: justify;\"><span style=\"color: #000000;\"><a style=\"color: #000000;\" href=\"https:\/\/ribeiro-avocat.com\/index.php\/avocat-baux-commerciaux-nice\/\">Avocat baux commerciaux Nice<\/a><\/span><\/p>\n<p style=\"text-align: justify;\"><span style=\"color: #000000;\"><a style=\"color: #000000;\" href=\"https:\/\/ribeiro-avocat.com\/index.php\/creation-de-societe-avocat-nice\/\">Avocat cr\u00e9ation de soci\u00e9t\u00e9 Nice<\/a><\/span><\/p>\n","protected":false},"excerpt":{"rendered":"<p>Le droit de la copropri\u00e9t\u00e9 \u00e0 Nice L&rsquo;Avocat en droit de la copropri\u00e9t\u00e9 assiste et conseille aussi bien les propri\u00e9taires de biens immobiliers que les syndics professionnels. Que ce soit pour l&rsquo;analyse du r\u00e8glement de copropri\u00e9t\u00e9 ou la mise en place de proc\u00e9dure judiciaire, Me Ribeiro demeure \u00e0 votre disposition pour vous repr\u00e9senter. Qu&rsquo;est que [&#8230;]\n","protected":false},"author":1,"featured_media":0,"parent":0,"menu_order":0,"comment_status":"closed","ping_status":"closed","template":"","meta":{"footnotes":""},"class_list":["post-2267","page","type-page","status-publish","hentry"],"_links":{"self":[{"href":"https:\/\/ribeiro-avocat.com\/index.php\/wp-json\/wp\/v2\/pages\/2267","targetHints":{"allow":["GET"]}}],"collection":[{"href":"https:\/\/ribeiro-avocat.com\/index.php\/wp-json\/wp\/v2\/pages"}],"about":[{"href":"https:\/\/ribeiro-avocat.com\/index.php\/wp-json\/wp\/v2\/types\/page"}],"author":[{"embeddable":true,"href":"https:\/\/ribeiro-avocat.com\/index.php\/wp-json\/wp\/v2\/users\/1"}],"replies":[{"embeddable":true,"href":"https:\/\/ribeiro-avocat.com\/index.php\/wp-json\/wp\/v2\/comments?post=2267"}],"version-history":[{"count":11,"href":"https:\/\/ribeiro-avocat.com\/index.php\/wp-json\/wp\/v2\/pages\/2267\/revisions"}],"predecessor-version":[{"id":2312,"href":"https:\/\/ribeiro-avocat.com\/index.php\/wp-json\/wp\/v2\/pages\/2267\/revisions\/2312"}],"wp:attachment":[{"href":"https:\/\/ribeiro-avocat.com\/index.php\/wp-json\/wp\/v2\/media?parent=2267"}],"curies":[{"name":"wp","href":"https:\/\/api.w.org\/{rel}","templated":true}]}}