{"id":2181,"date":"2022-10-11T23:45:55","date_gmt":"2022-10-11T21:45:55","guid":{"rendered":"https:\/\/ribeiro-avocat.com\/?page_id=2181"},"modified":"2022-10-12T09:36:36","modified_gmt":"2022-10-12T07:36:36","slug":"trouver-avocat-droit-immobilier","status":"publish","type":"page","link":"https:\/\/ribeiro-avocat.com\/index.php\/trouver-avocat-droit-immobilier\/","title":{"rendered":"Comment trouver un bon avocat en droit immobilier"},"content":{"rendered":"<h1>Comment bien choisir son avocat sp\u00e9cialis\u00e9 en droit immobilier ?<\/h1>\n<p style=\"text-align: justify;\">Tout au long de votre vie de <strong>locataire<\/strong>, de <strong>propri\u00e9taire<\/strong> ou <strong>d\u2019investisseur immobilier<\/strong>, vous \u00eates potentiellement expos\u00e9 \u00e0 un risque de litige ou de conflit (restitution d\u2019un d\u00e9p\u00f4t de garantie, loyers impay\u00e9s, r\u00e9siliation de bail, expulsion, troubles du voisinage, diff\u00e9rend avec un syndic, contestation lors d\u2019une vente immobili\u00e8re, vices cach\u00e9s\u2026). Trouver un bon <strong>avocat en droit immobilier<\/strong> est alors indispensable pour sortir de ces situations difficiles. En effet, l\u2019avocat sp\u00e9cialiste des questions immobili\u00e8res, parfaitement au fait de la <strong>r\u00e9glementation<\/strong> en vigueur, est l\u00e0 pour vous <strong>conseiller<\/strong>, pour r\u00e9diger vos actes juridiques et pour d\u00e9fendre vos int\u00e9r\u00eats.<\/p>\n<h2 style=\"text-align: justify;\">Dans quelles situations faut-il faire appel \u00e0 un avocat en droit immobilier ?<\/h2>\n<p style=\"text-align: justify;\">Les <strong>litiges<\/strong> entre les propri\u00e9taires et les locataires sont fr\u00e9quents (non-respect des conditions du bail, loyers et charges impay\u00e9s, invalidit\u00e9 ou nullit\u00e9 d\u2019un cong\u00e9, restitution de d\u00e9p\u00f4t de garantie, proc\u00e9dure d\u2019expulsion\u2026). Que vous soyez propri\u00e9taire ou locataire, <strong>l\u2019avocat en droit immobilier<\/strong> vous d\u00e9fend dans toutes les situations contentieuses. Il a \u00e9galement un r\u00f4le de conseil : la revue des clauses d\u2019un <strong>bail<\/strong> permet de d\u00e9tecter en amont tous les risques de litige.<\/p>\n<p><img loading=\"lazy\" decoding=\"async\" class=\"wp-image-2183 size-medium aligncenter\" src=\"https:\/\/ribeiro-avocat.com\/wp-content\/uploads\/2022\/10\/trouver-un-avocat-en-droit-immobilier-300x160.jpg\" alt=\"trouver un avocat en droit immobilier\" width=\"300\" height=\"160\" srcset=\"https:\/\/ribeiro-avocat.com\/wp-content\/uploads\/2022\/10\/trouver-un-avocat-en-droit-immobilier-300x160.jpg 300w, https:\/\/ribeiro-avocat.com\/wp-content\/uploads\/2022\/10\/trouver-un-avocat-en-droit-immobilier-600x321.jpg 600w, https:\/\/ribeiro-avocat.com\/wp-content\/uploads\/2022\/10\/trouver-un-avocat-en-droit-immobilier.jpg 640w\" sizes=\"auto, (max-width: 300px) 100vw, 300px\" \/><\/p>\n<p style=\"text-align: justify;\">En copropri\u00e9t\u00e9, les relations sont parfois tendues. L\u2019avocat en droit immobilier a pour mission d\u2019assister la copropri\u00e9t\u00e9 dans le recouvrement des charges impay\u00e9es, et plus g\u00e9n\u00e9ralement d\u2019aider au r\u00e8glement de tous les contentieux (troubles du voisinage, laisser-aller dans les parties communes, conflit avec le syndic\u2026).<\/p>\n<p style=\"text-align: justify;\"><strong>L\u2019accompagnement<\/strong> de l\u2019avocat en droit immobilier est par ailleurs recommand\u00e9 lors d\u2019un <strong>achat immobilier<\/strong> en France ou \u00e0 l\u2019\u00e9tranger. L\u2019expertise du professionnel est la bienvenue pour la r\u00e9daction du compromis de vente, pour le suivi de la transaction immobili\u00e8re et pour la signature des actes de propri\u00e9t\u00e9 chez le <strong>notaire<\/strong>. Si la <strong>vente immobili\u00e8re<\/strong> g\u00e9n\u00e8re un contentieux (vice cach\u00e9, vice de consentement\u2026), l\u2019avocat prend en charge la gestion et la r\u00e9solution du litige.<\/p>\n<p style=\"text-align: justify;\">Enfin, l\u2019avocat en droit immobilier est indispensable pour l\u2019achat ou la vente d\u2019un <strong>fonds de commerce<\/strong>, pour la signature ou le renouvellement d\u2019un bail commercial.<\/p>\n<p style=\"text-align: justify;\">Notre <a href=\"https:\/\/ribeiro-avocat.com\/\">cabinet d\u2019avocat en droit immobilier \u00e0 Nice<\/a> est disponible pour vous conseiller ou pour vous repr\u00e9senter, sur toute la C\u00f4te d\u2019Azur.<\/p>\n<h2 style=\"text-align: justify;\">Comment l\u2019avocat en droit immobilier peut-il vous accompagner dans la gestion de votre patrimoine immobilier ?<\/h2>\n<p style=\"text-align: justify;\">Certains <strong>avocats en droit immobilier<\/strong> exercent, \u00e0 titre accessoire, une activit\u00e9 de <strong>mandataire<\/strong> en transactions immobili\u00e8res. Passer par un <strong>avocat mandataire<\/strong> pour vendre ou pour acheter un bien immobilier permet de <strong>s\u00e9curiser<\/strong> l\u2019op\u00e9ration.<\/p>\n<p style=\"text-align: justify;\">Dans le cadre d\u2019un mandat, l\u2019avocat assiste son client vendeur en amont de la vente (estimation du montant de la plus-value, r\u00e9daction du compromis de vente).<\/p>\n<p style=\"text-align: justify;\">Dans le cas d\u2019une <strong>acquisition immobili\u00e8re<\/strong>, l\u2019avocat conseille son client dans toutes les \u00e9tapes de la transaction : mode d\u2019acquisition, r\u00e9daction, le cas \u00e9ch\u00e9ant, des statuts d\u2019une soci\u00e9t\u00e9 civile immobili\u00e8re (SCI), lecture du r\u00e8glement de copropri\u00e9t\u00e9, v\u00e9rification des servitudes, r\u00e9daction de l\u2019offre d\u2019achat\u2026<\/p>\n<h2 style=\"text-align: justify;\">L\u2019avocat en droit immobilier aux c\u00f4t\u00e9s des professionnels de la construction<\/h2>\n<p style=\"text-align: justify;\">Le <strong>droit de la construction<\/strong> est une composante importante du droit immobilier. L\u2019assistance d\u2019un avocat sp\u00e9cialiste des questions immobili\u00e8res est indispensable pour les professionnels de la construction.<\/p>\n<p style=\"text-align: justify;\">En effet, lors de l\u2019\u00e9dification, de la r\u00e9novation ou de la livraison d\u2019un bien immobilier, des contentieux peuvent surgir. L\u2019avocat informe son client des r\u00e8gles applicables au conflit et des responsabilit\u00e9s \u00e9ventuelles. Il l\u2019accompagne v\u00e9ritablement dans la r\u00e9solution du conflit.<\/p>\n<p style=\"text-align: justify;\">Par exemple, un <strong>promoteur immobilier<\/strong> peut \u00eatre confront\u00e9 \u00e0 la mise en \u0153uvre de ses garanties (garantie d\u00e9cennale des gros \u0153uvres et des seconds \u0153uvres, garantie biennale des accessoires et garantie de parfait ach\u00e8vement \u00e0 la r\u00e9ception du b\u00e2timent).<\/p>\n<p style=\"text-align: justify;\">Une entreprise de construction peut \u00eatre attaqu\u00e9e pour mauvaise ex\u00e9cution de son contrat d&rsquo;entreprise ou rendue responsable des erreurs de ses sous-traitants.<\/p>\n<p style=\"text-align: justify;\">L\u2019architecte, quant \u00e0 lui, s\u2019expose aux d\u00e9fauts de conception ou au non-respect des r\u00e8gles de l&rsquo;urbanisme.<\/p>\n<p style=\"text-align: justify;\">Enfin, la responsabilit\u00e9 du notaire peut \u00eatre recherch\u00e9e en cas d\u2019erreur ou de manquement dans un acte immobilier.<\/p>\n<p style=\"text-align: justify;\">Dans toutes ces situations, l\u2019expertise de l\u2019avocat en droit immobilier est indispensable.<\/p>\n<h2 style=\"text-align: justify;\">Comment trouver un avocat en droit immobilier comp\u00e9tent ?<\/h2>\n<p style=\"text-align: justify;\">Pour trouver un bon avocat en droit immobilier, vous pouvez commencer par effectuer une recherche sur internet. Les <strong>meilleurs avocats<\/strong> disposent d\u2019un site internet complet, qui d\u00e9taille le nombre d\u2019ann\u00e9es d\u2019exp\u00e9rience, les domaines de comp\u00e9tence et la m\u00e9thode de calcul des honoraires. Par ailleurs, la lecture des avis des clients est souvent riche d\u2019enseignements pour se faire une id\u00e9e de l\u2019expertise de l\u2019avocat.<\/p>\n<p style=\"text-align: justify;\">Vous pouvez \u00e9galement interroger votre entourage et mobiliser votre r\u00e9seau, personnel et professionnel. Les coordonn\u00e9es des meilleurs avocats sp\u00e9cialistes des questions immobili\u00e8res dans votre ville ou dans votre d\u00e9partement ne tarderont pas \u00e0 appara\u00eetre. Pour toutes vos questions relatives au droit immobilier n\u2019h\u00e9sitez pas \u00e0 nous contacter nous nous ferons une joie de vous r\u00e9pondre.<\/p>\n","protected":false},"excerpt":{"rendered":"<p>Comment bien choisir son avocat sp\u00e9cialis\u00e9 en droit immobilier ? Tout au long de votre vie de locataire, de propri\u00e9taire ou d\u2019investisseur immobilier, vous \u00eates potentiellement expos\u00e9 \u00e0 un risque de litige ou de conflit (restitution d\u2019un d\u00e9p\u00f4t de garantie, loyers impay\u00e9s, r\u00e9siliation de bail, expulsion, troubles du voisinage, diff\u00e9rend avec un syndic, contestation lors [&#8230;]\n","protected":false},"author":1,"featured_media":0,"parent":0,"menu_order":0,"comment_status":"closed","ping_status":"closed","template":"","meta":{"footnotes":""},"class_list":["post-2181","page","type-page","status-publish","hentry"],"_links":{"self":[{"href":"https:\/\/ribeiro-avocat.com\/index.php\/wp-json\/wp\/v2\/pages\/2181","targetHints":{"allow":["GET"]}}],"collection":[{"href":"https:\/\/ribeiro-avocat.com\/index.php\/wp-json\/wp\/v2\/pages"}],"about":[{"href":"https:\/\/ribeiro-avocat.com\/index.php\/wp-json\/wp\/v2\/types\/page"}],"author":[{"embeddable":true,"href":"https:\/\/ribeiro-avocat.com\/index.php\/wp-json\/wp\/v2\/users\/1"}],"replies":[{"embeddable":true,"href":"https:\/\/ribeiro-avocat.com\/index.php\/wp-json\/wp\/v2\/comments?post=2181"}],"version-history":[{"count":4,"href":"https:\/\/ribeiro-avocat.com\/index.php\/wp-json\/wp\/v2\/pages\/2181\/revisions"}],"predecessor-version":[{"id":2191,"href":"https:\/\/ribeiro-avocat.com\/index.php\/wp-json\/wp\/v2\/pages\/2181\/revisions\/2191"}],"wp:attachment":[{"href":"https:\/\/ribeiro-avocat.com\/index.php\/wp-json\/wp\/v2\/media?parent=2181"}],"curies":[{"name":"wp","href":"https:\/\/api.w.org\/{rel}","templated":true}]}}