{"id":1992,"date":"2022-03-24T17:54:40","date_gmt":"2022-03-24T16:54:40","guid":{"rendered":"https:\/\/ribeiro-avocat.com\/?page_id=1992"},"modified":"2022-10-29T16:39:42","modified_gmt":"2022-10-29T14:39:42","slug":"avocat-baux-commerciaux-paris","status":"publish","type":"page","link":"https:\/\/ribeiro-avocat.com\/index.php\/avocat-baux-commerciaux-paris\/","title":{"rendered":"Avocat baux commerciaux Paris"},"content":{"rendered":"<h1>Avocat baux commerciaux Paris<\/h1>\n<p style=\"text-align: justify;\">Vous recherchez un avocat comp\u00e9tent en droit des baux commerciaux \u00e0 Paris ? Me Ribeiro de Carvalho, avocat au Barreau de NICE dispose de locaux situ\u00e9s dans le 2eme arrondissement de Paris et se rend disponible pour vous assister. Comp\u00e9tent, rigoureux et r\u00e9actif, Me Ribeiro de Carvalho, avocat en droit immobilier, dispose d\u2019une solide exp\u00e9rience dans le droit des baux commerciaux. Le<strong> Code de commerce<\/strong> r\u00e9git le r\u00e9gime juridique des baux commerciaux. Les r\u00e8gles sont parfois complexes, ce pourquoi il est indispensable d\u2019\u00eatre assist\u00e9 par un avocat comp\u00e9tent en la mati\u00e8re. Me Philippe Ribeiro de Carvalho, avocat exer\u00e7ant en droit des baux commerciaux \u00e0 Paris saura vous conseiller, analyser et vous assister lors de n\u00e9gociations, ou encore \u00e0 l\u2019occasion de la r\u00e9daction d\u2019un<strong> bail commercial.<\/strong><\/p>\n<h2 style=\"text-align: justify;\">R\u00e9sum\u00e9 sur les r\u00e8gles r\u00e9gissant le renouvellement du bail commercial<\/h2>\n<p style=\"text-align: justify;\">Aucune clause d\u2019un <strong>contrat de bail commercial<\/strong> ne peut faire obstacle au renouvellement d\u2019un bail commercial, il s\u2019agit d\u2019une r\u00e8gle d\u2019ordre public (art. L.145-15 du Code de commerce).<\/p>\n<p style=\"text-align: justify;\">Un certain nombre de conditions doivent \u00eatre remplies afin que le bail puisse se voir appliquer les<strong> r\u00e8gles du Code de commerce<\/strong>, celles-ci sont expos\u00e9es \u00e0 l\u2019article L.145-1 du Code de commerce :<\/p>\n<ul style=\"text-align: justify;\">\n<li>Le bail doit viser un immeuble ou un local ;<\/li>\n<li>Le locataire doit \u00eatre propri\u00e9taire du fonds ;<\/li>\n<li>Le propri\u00e9taire du fonds doit \u00eatre inscrit au registre du commerce et des soci\u00e9t\u00e9s ou au r\u00e9pertoire des m\u00e9tiers ;<\/li>\n<li>Le fonds doit avoir une anciennet\u00e9 depuis au moins trois ans.<\/li>\n<\/ul>\n<p style=\"text-align: justify;\">Me Ribeiro de Carvalho, avocat en baux commerciaux \u00e0 Paris, se tient \u00e0 votre disposition pour vous assister dans le cadre d\u2019un <strong>renouvellement de bail<\/strong> <strong>commercial<\/strong>, tant du c\u00f4t\u00e9 du bailleur que du locataire.<\/p>\n<p style=\"text-align: justify;\">Vous pouvez contacter Me Ribeiro de Carvalho au<strong> 06.24.05.97.01.<\/strong><\/p>\n<p><img loading=\"lazy\" decoding=\"async\" class=\"aligncenter wp-image-1960 size-full\" src=\"https:\/\/ribeiro-avocat.com\/wp-content\/uploads\/2021\/02\/r\u00e9tractation-compromis-vente.jpg\" alt=\"avocat baux commerciaux paris\" width=\"640\" height=\"426\" srcset=\"https:\/\/ribeiro-avocat.com\/wp-content\/uploads\/2021\/02\/r\u00e9tractation-compromis-vente.jpg 640w, https:\/\/ribeiro-avocat.com\/wp-content\/uploads\/2021\/02\/r\u00e9tractation-compromis-vente-300x200.jpg 300w, https:\/\/ribeiro-avocat.com\/wp-content\/uploads\/2021\/02\/r\u00e9tractation-compromis-vente-600x399.jpg 600w\" sizes=\"auto, (max-width: 640px) 100vw, 640px\" \/><\/p>\n<h2 style=\"text-align: justify;\">R\u00e9sum\u00e9 sur le r\u00f4le de l\u2019avocat dans le d\u00e9plafonnement du bail commercial<\/h2>\n<p style=\"text-align: justify;\">Le d\u00e9plafonnement du loyer en mati\u00e8re de<strong> bail commercial<\/strong> peut intervenir \u00e0 l\u2019expiration de ce dernier.<\/p>\n<p style=\"text-align: justify;\">Les crit\u00e8res permettant ce d\u00e9plafonnement de <strong>loyer<\/strong> sont n\u00e9anmoins tr\u00e8s stricts.<\/p>\n<p style=\"text-align: justify;\">Me Ribeiro de Carvalho saura vous assister et vous indiquer si vous remplissez lesdits crit\u00e8res. A d\u00e9faut, votre avocat saura vous conseiller sur les d\u00e9marches \u00e0 entreprendre pour remplir les conditions n\u00e9cessaires.<\/p>\n<p style=\"text-align: justify;\">Le r\u00f4le de votre <strong>avocat<\/strong> est d\u2019engager des n\u00e9gociations avec votre <strong>bailleur<\/strong>. Si de telles n\u00e9gociations s\u2019av\u00e8rent impossibles, il sera toujours possible de saisir le Tribunal Judiciaire comp\u00e9tent, celui de Paris notamment.<\/p>\n<h2 style=\"text-align: justify;\">Quel est le domaine de comp\u00e9tences de l\u2019avocat en baux commerciaux \u00e0 Paris ?<\/h2>\n<p style=\"text-align: justify;\">Dans l\u2019hypoth\u00e8se o\u00f9 vous seriez confront\u00e9 \u00e0 un litige relatif \u00e0 un bail commerciale, il est indispensable de se tourner vers un avocat comp\u00e9tent dans ce domaine. <strong>Me Ribeiro de Carvalho<\/strong>, avocat en droit immobilier \u00e0 Paris, se tient \u00e0 votre disposition pour vous assister dans toutes les \u00e9tapes de la vie de votre bail commercial (n\u00e9gociations, r\u00e9daction, conclusion, r\u00e9siliation).<\/p>\n<p style=\"text-align: justify;\">Afin d\u2019\u00e9viter tout litige, s\u2019adjoindre les conseils d\u2019un <strong>avocat en baux commerciaux<\/strong> est donc primordial.<\/p>\n<p style=\"text-align: justify;\">Les litiges affectant les <strong>baux<\/strong> <strong>commerciaux<\/strong> sont nombreux. Me Ribeiro de Carvalho, expert en baux commerciaux se tient disponible afin de vous exposer vos <strong>droits<\/strong> et <strong>obligations<\/strong>.<\/p>\n<p style=\"text-align: justify;\">Il vous assistera afin de mieux comprendre la l\u00e9gislation et ma\u00eetriser les enjeux d\u2019un <strong>bail<\/strong> r\u00e9dig\u00e9 dans le strict respect du Code de commerce.<\/p>\n<p style=\"text-align: justify;\">Votre bailleur refuse de renouveler votre<strong> bail commercial<\/strong> ?\u00a0 Vous rencontrez des difficult\u00e9s avec votre preneur ?<\/p>\n<p style=\"text-align: justify;\">Me Ribeiro de Carvalho, pr\u00e9sent une semaine sur deux dans la capitale est disponible pour vous repr\u00e9senter devant les tribunaux de <strong>Paris<\/strong>.<\/p>\n<p style=\"text-align: justify;\">Fort d\u2019une solide exp\u00e9rience aux baux commerciaux, Me Ribeiro de Carvalho met \u00e0 disposition ses comp\u00e9tences et son exp\u00e9rience afin de r\u00e9pondre \u00e0 l\u2019ensemble de vos interrogations.<\/p>\n<p style=\"text-align: justify;\">Afin de vous offrir un accompagnement le plus complet possible, votre avocat expert en droit immobilier vous conseillera la meilleure strat\u00e9gie \u00e0 adopter afin de prot\u00e9ger vos droits.<\/p>\n<h2 style=\"text-align: justify;\">Pourquoi faire appel \u00e0 un avocat comp\u00e9tent en baux commerciaux ?<\/h2>\n<p style=\"text-align: justify;\">Conscient de l\u2019importance de prot\u00e9ger vos <strong>droits<\/strong> et d\u2019assurer votre d\u00e9fense devant les <strong>juridictions<\/strong> <strong>commerciales<\/strong>, le cabinet de Me Ribeiro de Carvalho vous assistera tout au long de la proc\u00e9dure.<\/p>\n<p style=\"text-align: justify;\">Consciencieux, rigoureux et r\u00e9actif, votre <strong>avocat en baux commerciaux \u00e0 Paris<\/strong> prendra soin de vous proposer un accompagnement personnalit\u00e9 r\u00e9pondant \u00e0 vos attentes.<\/p>\n<p style=\"text-align: justify;\">Avant toute proc\u00e9dure devant les juridictions commerciales, Me Ribeiro de Carvalho vous conseillera de <strong>mani\u00e8re<\/strong> <strong>strat\u00e9gique<\/strong> afin de prot\u00e9ger vos int\u00e9r\u00eats. Quel que soit le domaine du <strong>droit<\/strong> <strong>immobilier<\/strong>, votre avocat se tient \u00e0 votre disposition afin de vous expliquer en d\u00e9tail les tenants et les aboutissants de votre litige.<\/p>\n<p style=\"text-align: justify;\">Le cabinet se tient disponible dans le cadre d\u2019une d\u00e9fense devant les Juridictions judiciaires. Me Ribeiro de Carvalho est rou\u00e9 \u00e0 la d\u00e9fense de PME devant les juridictions comp\u00e9tentes et vous fait profiter de son expertise.<\/p>\n<p style=\"text-align: justify;\">Perspicace et pointilleux, Me Ribeiro de Carvalho traite tous les litiges relatifs aux baux commerciaux \u00e0 Paris et en banlieue avec rigueur.<\/p>\n<p style=\"text-align: justify;\">Votre avocat en baux commerciaux vous permet outre de r\u00e9gler votre litige, d\u2019obtenir des indemnit\u00e9s, de r\u00e9cup\u00e9rer vos impay\u00e9s, de renouveler votre bail.<\/p>\n<p style=\"text-align: justify;\">Le droit immobilier \u00e9tant compos\u00e9 de nombreuses r\u00e8gles parfois complexes, vous poss\u00e9derez tous les atouts afin de r\u00e9gler au mieux votre litige et assurer votre tranquillit\u00e9 d\u2019esprit..<\/p>\n<h2 style=\"text-align: justify;\">Quels sont les cas dans lesquels il est n\u00e9cessaire de recourir \u00e0 un avocat en baux commerciaux \u00e0 Paris ?<\/h2>\n<h3 style=\"text-align: justify;\">Les contentieux en mati\u00e8re de baux commerciaux sont tr\u00e8s diversifi\u00e9s.<\/h3>\n<p style=\"text-align: justify;\">L\u2019intervention de <strong>l\u2019avocat<\/strong> est multiple, l\u2019on peut citer comme exemples :<\/p>\n<ul style=\"text-align: justify;\">\n<li>D\u00e9faut d\u2019entretien du local commercial,<\/li>\n<li>Litige portant sur les grosses r\u00e9parations<\/li>\n<li>Le locataire souhaite modifier son activit\u00e9 commerciale.<\/li>\n<li>Le locataire entend c\u00e9der son bail ou vendre son fonds de commerce.<\/li>\n<li>Le bailleur propose une offre de renouvellement du bail au locataire ou lui donn\u00e9 cong\u00e9 avec le paiement d\u2019une indemnit\u00e9 d\u2019\u00e9viction.<\/li>\n<li>La proc\u00e9dure en d\u00e9plafonnement du loyer<\/li>\n<li>Demande de r\u00e9siliation du bail qui est une proc\u00e9dure longue et complexe.<\/li>\n<\/ul>\n<p style=\"text-align: justify;\">S\u2019adjoindre les conseils d\u2019un <strong>avocat<\/strong> <strong>en bail commercial<\/strong> est primordial dans les cas pr\u00e9cit\u00e9s.<\/p>\n<p style=\"text-align: justify;\">Me Ribeiro de Carvalho, <strong>avocat comp\u00e9tent<\/strong> et disponible, se tient \u00e0 votre disposition pour un rendez-vous au <strong>Cabinet<\/strong> ou \u00e0 distance par le biais de <strong>visioconf\u00e9rences<\/strong>.<\/p>\n","protected":false},"excerpt":{"rendered":"<p>Avocat baux commerciaux Paris Vous recherchez un avocat comp\u00e9tent en droit des baux commerciaux \u00e0 Paris ? Me Ribeiro de Carvalho, avocat au Barreau de NICE dispose de locaux situ\u00e9s dans le 2eme arrondissement de Paris et se rend disponible pour vous assister. Comp\u00e9tent, rigoureux et r\u00e9actif, Me Ribeiro de Carvalho, avocat en droit immobilier, [&#8230;]\n","protected":false},"author":1,"featured_media":0,"parent":0,"menu_order":0,"comment_status":"closed","ping_status":"closed","template":"","meta":{"footnotes":""},"class_list":["post-1992","page","type-page","status-publish","hentry"],"_links":{"self":[{"href":"https:\/\/ribeiro-avocat.com\/index.php\/wp-json\/wp\/v2\/pages\/1992","targetHints":{"allow":["GET"]}}],"collection":[{"href":"https:\/\/ribeiro-avocat.com\/index.php\/wp-json\/wp\/v2\/pages"}],"about":[{"href":"https:\/\/ribeiro-avocat.com\/index.php\/wp-json\/wp\/v2\/types\/page"}],"author":[{"embeddable":true,"href":"https:\/\/ribeiro-avocat.com\/index.php\/wp-json\/wp\/v2\/users\/1"}],"replies":[{"embeddable":true,"href":"https:\/\/ribeiro-avocat.com\/index.php\/wp-json\/wp\/v2\/comments?post=1992"}],"version-history":[{"count":4,"href":"https:\/\/ribeiro-avocat.com\/index.php\/wp-json\/wp\/v2\/pages\/1992\/revisions"}],"predecessor-version":[{"id":2230,"href":"https:\/\/ribeiro-avocat.com\/index.php\/wp-json\/wp\/v2\/pages\/1992\/revisions\/2230"}],"wp:attachment":[{"href":"https:\/\/ribeiro-avocat.com\/index.php\/wp-json\/wp\/v2\/media?parent=1992"}],"curies":[{"name":"wp","href":"https:\/\/api.w.org\/{rel}","templated":true}]}}