{"id":1987,"date":"2022-02-04T10:39:14","date_gmt":"2022-02-04T09:39:14","guid":{"rendered":"https:\/\/ribeiro-avocat.com\/?page_id=1987"},"modified":"2025-01-15T09:59:00","modified_gmt":"2025-01-15T08:59:00","slug":"mentions-legales","status":"publish","type":"page","link":"https:\/\/ribeiro-avocat.com\/index.php\/mentions-legales\/","title":{"rendered":"Mentions l\u00e9gales"},"content":{"rendered":"<h1>I. Mentions l\u00e9gales<\/h1>\n<p>Le site Internet https:\/\/www.ribeiro-avocat.com (ci-apr\u00e8s le \u00ab Site \u00bb) est \u00e9dit\u00e9 par le cabinet PRC AVOCAT, soci\u00e9t\u00e9 d\u2019exercice lib\u00e9ral \u00e0 responsabilit\u00e9 limit\u00e9e, au capital social de 25.000 euros, immatricul\u00e9e au Registre du Commerce et des Soci\u00e9t\u00e9s de Nice sous le num\u00e9ro 884 956 400 et dont le si\u00e8ge social est sis : 10 Rue Foncet 06000 Nice. T\u00e9l. : 06.24.05.97.01. Email : avocat@ribeiro-dc.com<br \/>\nPRC AVOCAT est une soci\u00e9t\u00e9 d&rsquo;avocat r\u00e9guli\u00e8rement inscrite au Tableau de l&rsquo;Ordre de Nice<\/p>\n<p>Le directeur de publication du Site est Ma\u00eetre Philippe Ribeiro de Carvalho, en sa qualit\u00e9 de Fondateur et G\u00e9rant de la soci\u00e9t\u00e9 PRC AVOCAT<\/p>\n<p>Le Site est h\u00e9berg\u00e9 par OVH. La soci\u00e9t\u00e9 OVH, SAS, soci\u00e9t\u00e9 de droit fran\u00e7ais, \u00e9lisant domicile 2 rue Kellermann 59100 Roubaix, inscrite au RCS de Roubaix au num\u00e9ro B424 761 419, repr\u00e9sent\u00e9e par M. KLABA.<br \/>\nLe Site a \u00e9t\u00e9 con\u00e7u par PRC AVOCAT<\/p>\n<h2>II. Conditions G\u00e9n\u00e9rales d\u2019Utilisation (CGU)<\/h2>\n<h3>1. Objet du Site<\/h3>\n<p>Les pr\u00e9sentes CGU ont pour objet de fixer les r\u00e8gles d\u2019utilisation du Site et des Services par toute personne navigant sur le Site (ci-apr\u00e8s l\u2019\u00ab Utilisateur \u00bb).<br \/>\nLe Site a vocation \u00e0 pr\u00e9senter la soci\u00e9t\u00e9 PRC AVOCAT, son activit\u00e9, ses \u00e9quipes et l\u2019actualit\u00e9 des domaines d\u2019intervention de PRC AVOCAT, \u00e0 permettre l\u2019inscription \u00e0 sa Newsletter, \u00e0 lui adresser des demandes de renseignements et des candidatures pour rejoindre ses \u00e9quipes.<\/p>\n<h3>2. Conditions de consultation et d\u2019utilisation du Site<\/h3>\n<p>Le Site est accessible via ordinateur, t\u00e9l\u00e9phone portable et tablette.<br \/>\nLa consultation du Site n\u00e9cessite la lecture des CGU par l\u2019Utilisateur et leur acceptation dans leur int\u00e9gralit\u00e9.<br \/>\nPRC AVOCAT se r\u00e9serve la possibilit\u00e9 de modifier les CGU. L\u2019Utilisateur est invit\u00e9 \u00e0 consulter les CGU \u00e0 chacune de ses connexions.<\/p>\n<h3>3. Donn\u00e9es \u00e0 caract\u00e8re personnel et Cookies<\/h3>\n<p>Dans le cadre de l\u2019utilisation du Site et des Services, PRC AVOCAT proc\u00e8de \u00e0 la collecte et au traitement de donn\u00e9es \u00e0 caract\u00e8re personnel des Utilisateurs.<br \/>\nElle a \u00e9galement install\u00e9 des Cookies sur le Site permettant, notamment, d\u2019en faciliter la navigation et d\u2019en mesurer l\u2019audience.<br \/>\nPour en savoir plus, l\u2019Utilisateur est invit\u00e9 \u00e0 prendre connaissance de la Politique de Donn\u00e9es Personnelles et de la Politique de Cookies accessibles en pied de Site.<\/p>\n","protected":false},"excerpt":{"rendered":"<p>I. Mentions l\u00e9gales Le site Internet https:\/\/www.ribeiro-avocat.com (ci-apr\u00e8s le \u00ab Site \u00bb) est \u00e9dit\u00e9 par le cabinet PRC AVOCAT, soci\u00e9t\u00e9 d\u2019exercice lib\u00e9ral \u00e0 responsabilit\u00e9 limit\u00e9e, au capital social de 25.000 euros, immatricul\u00e9e au Registre du Commerce et des Soci\u00e9t\u00e9s de Nice sous le num\u00e9ro 884 956 400 et dont le si\u00e8ge social est sis : [&#8230;]\n","protected":false},"author":1,"featured_media":0,"parent":0,"menu_order":0,"comment_status":"closed","ping_status":"closed","template":"","meta":{"footnotes":""},"class_list":["post-1987","page","type-page","status-publish","hentry"],"_links":{"self":[{"href":"https:\/\/ribeiro-avocat.com\/index.php\/wp-json\/wp\/v2\/pages\/1987","targetHints":{"allow":["GET"]}}],"collection":[{"href":"https:\/\/ribeiro-avocat.com\/index.php\/wp-json\/wp\/v2\/pages"}],"about":[{"href":"https:\/\/ribeiro-avocat.com\/index.php\/wp-json\/wp\/v2\/types\/page"}],"author":[{"embeddable":true,"href":"https:\/\/ribeiro-avocat.com\/index.php\/wp-json\/wp\/v2\/users\/1"}],"replies":[{"embeddable":true,"href":"https:\/\/ribeiro-avocat.com\/index.php\/wp-json\/wp\/v2\/comments?post=1987"}],"version-history":[{"count":2,"href":"https:\/\/ribeiro-avocat.com\/index.php\/wp-json\/wp\/v2\/pages\/1987\/revisions"}],"predecessor-version":[{"id":2807,"href":"https:\/\/ribeiro-avocat.com\/index.php\/wp-json\/wp\/v2\/pages\/1987\/revisions\/2807"}],"wp:attachment":[{"href":"https:\/\/ribeiro-avocat.com\/index.php\/wp-json\/wp\/v2\/media?parent=1987"}],"curies":[{"name":"wp","href":"https:\/\/api.w.org\/{rel}","templated":true}]}}