{"id":1626,"date":"2020-04-01T12:27:06","date_gmt":"2020-04-01T10:27:06","guid":{"rendered":"https:\/\/ribeiro-avocat.com\/?page_id=1626"},"modified":"2022-10-29T17:07:03","modified_gmt":"2022-10-29T15:07:03","slug":"avocat-baux-commerciaux-nice","status":"publish","type":"page","link":"https:\/\/ribeiro-avocat.com\/index.php\/avocat-baux-commerciaux-nice\/","title":{"rendered":"AVOCAT BAUX COMMERCIAUX NICE"},"content":{"rendered":"<h1><span style=\"color: #000000;\">Avocat baux commerciaux \u00e0 Nice<\/span><\/h1>\n<p style=\"text-align: justify;\"><span style=\"color: #000000;\">Vous \u00eates \u00e0 la recherche d&rsquo;un avocat intervenant dans le <strong>bail commercial \u00e0 Nice<\/strong> ou ses environs ? Prenez contact avec le cabinet de Me Ribeiro. Comp\u00e9tent et r\u00e9actif, votre avocat est \u00e0 vos c\u00f4t\u00e9s pour d\u00e9fendre vos int\u00e9r\u00eats. Contactez votre <a style=\"color: #000000;\" href=\"https:\/\/ribeiro-avocat.com\/\">avocat en droit immobilier \u00e0 Nice<\/a> pour toutes questions \u00e0 ce sujet. Le droit des <strong>baux commerciaux<\/strong> est r\u00e9gi par le Code de commerce. \u00c9l\u00e9ment fondamental du fonds de commerce, le commer\u00e7ant doit y attacher une attention particuli\u00e8re pour se prot\u00e9ger. C\u2019est pourquoi Me <strong>Ribeiro de Carvalho<\/strong> <a style=\"color: #000000;\" href=\"https:\/\/ribeiro-avocat.com\/index.php\/avocat-baux-commerciaux-nice\/\">avocat en baux commerciaux \u00e0 Nice<\/a> pourra analyser, n\u00e9gocier ou <strong>r\u00e9diger votre bail<\/strong> commercial. Il s\u2019engage \u00e0 \u00eatre r\u00e9actif et disponible pour vous accompagner au quotidien.<\/span><\/p>\n<h2><span style=\"color: #000000;\">Le renouvellement du bail commercial<\/span><\/h2>\n<p><span style=\"color: #000000;\">Le renouvellement du bail commercial est un principe d&rsquo;ordre public. Cela signifie que personne ne peut l&rsquo;interdire. <a style=\"color: #000000;\" href=\"https:\/\/www.legifrance.gouv.fr\/codes\/article_lc\/LEGIARTI000029108736\">L&rsquo;article L.145-15 du Code de commerce<\/a> pr\u00e9cise d&rsquo;ailleurs que toute clause qui tenterait d&rsquo;y faire \u00e9chec serait r\u00e9put\u00e9e non \u00e9crite et donc inopposable aux parties. N\u00e9anmoins, chacune des parties doit se pr\u00e9server et entamer les d\u00e9marches n\u00e9cessaires pour y faire droit.<\/span><\/p>\n<p><span style=\"color: #000000;\">L&rsquo;article <a style=\"color: #000000;\" href=\"https:\/\/www.legifrance.gouv.fr\/codes\/section_lc\/LEGITEXT000005634379\/LEGISCTA000006146040\/#LEGISCTA000006146040\">L.145-1 du Code de commerce<\/a> impose les conditions suivantes :<\/span><\/p>\n<ul>\n<li><span style=\"color: #000000;\">Le bail doit viser un immeuble ou un local ;<\/span><\/li>\n<li><span style=\"color: #000000;\">Le locataire doit \u00eatre propri\u00e9taire du fonds ;<\/span><\/li>\n<li><span style=\"color: #000000;\">Le propri\u00e9taire du fonds doit \u00eatre inscrit au registre du commerce et des soci\u00e9t\u00e9s ou au r\u00e9pertoire des m\u00e9tiers ;<\/span><\/li>\n<li><span style=\"color: #000000;\">Le fonds doit avoir une anciennet\u00e9 depuis au moins trois ans.<\/span><\/li>\n<\/ul>\n<p><span style=\"color: #000000;\">L&rsquo;avocat en baux commerciaux peut vous assister dans votre demande de renouvellement de bail commercial. Que ce soit \u00e0 la demande du preneur ou du propri\u00e9taire, vous pouvez contacter Me Ribeiro de Carvalho \u00e0 ce sujet.<\/span><\/p>\n<h2><span style=\"font-size: 23.04px; color: #000000;\">Quel est le r\u00f4le de l&rsquo;avocat dans le d\u00e9plafonnement du bail commercial ?<\/span><\/h2>\n<p style=\"text-align: justify;\">\n<p><span style=\"color: #000000;\">A l&rsquo;expiration du bail commercial, il est d&rsquo;usage de dire que le bailleur peut solliciter un d\u00e9plafonnement de loyer. Cette affirmation doit \u00eatre nuanc\u00e9e dans la mesure o\u00f9 le Code de commerce pose des conditions tr\u00e8s strictes. Le r\u00f4le de l&rsquo;avocat est donc de conseiller et guider les acteurs dans ces d\u00e9marches. Le principe demeure en effet que \u00ab\u00a0<em>le montant des loyers des baux renouvel\u00e9s ou r\u00e9vis\u00e9s doit correspondre \u00e0 la valeur locative<\/em>\u00ab\u00a0. N\u00e9anmoins le bailleur peut d\u00e9plafonner le loyer en cas de modification notable des facteurs de commercialit\u00e9. Le r\u00f4le de l&rsquo;avocat est alors de v\u00e9rifier si les conditions l\u00e9gales du d\u00e9plafonnement sont r\u00e9unies et entamer les d\u00e9marches judiciaires pour l&rsquo;obtenir si elles le sont.<\/span><\/p>\n<p><span style=\"color: #000000;\">Il est toujours pr\u00e9f\u00e9rable d&rsquo;envisager pr\u00e9alablement une issue amiable sur les conditions financi\u00e8res de la poursuite du bail. N\u00e9anmoins, si aucun accord n&rsquo;est trouv\u00e9, la partie la plus diligente peut mandater un avocat comp\u00e9tent en bail commercial pour saisir le Tribunal judiciaire de Nice qui tranchera sur les enjeux li\u00e9s au bail commercial. Le juge comp\u00e9tent est le Juge des loyers commerciaux.<\/span><\/p>\n<div class=\"et_pb_row et_pb_row_4\">\n<div class=\"et_pb_column et_pb_column_4_4 et_pb_column_4et_pb_css_mix_blend_mode_passthrough et-last-child\">\n<div class=\"et_pb_module et_pb_text et_pb_text_2et_pb_text_align_left et_pb_bg_layout_light\">\n<div class=\"et_pb_text_inner\">\n<h2><span style=\"font-size: 23.04px; color: #000000;\">Quelles sont les comp\u00e9tences d&rsquo;un avocat en baux commerciaux \u00e0 Nice ?<\/span><\/h2>\n<\/div>\n<\/div>\n<\/div>\n<\/div>\n<p style=\"text-align: justify;\"><span style=\"color: #000000;\">Si vous rencontrez des difficult\u00e9s li\u00e9es \u00e0 votre <strong>bail commercial<\/strong>, il est recommand\u00e9 de se faire assister par un professionnel. <\/span><span style=\"color: #000000;\">Une expertise en droit immobilier et en bail commercial est indispensable pour r\u00e9ussir la r\u00e9daction de cet acte fondateur de l&rsquo;entreprise. <\/span><span style=\"color: #000000;\">Quel que soit le litige, votre avocat vous permettra de mieux appr\u00e9hender vos <strong>d\u00e9marches judiciaires<\/strong>. En effet, votre <strong>cabinet sp\u00e9cialis\u00e9<\/strong> dans les baux commerciaux sera pr\u00e9sent afin de vous expliquer vos droits et obligations. <\/span><span style=\"color: #000000;\">Qu&rsquo;il s&rsquo;agisse de la r\u00e9daction d\u2019un bail commercial, de n\u00e9gociation des clauses ou de la r\u00e9daction d&rsquo;un m\u00e9moire devant le Juge des loyers, Me Ribeiro peut vous assister afin de mieux comprendre la l\u00e9gislation.<\/span><\/p>\n<p style=\"text-align: justify;\"><span style=\"color: #000000;\">Vous \u00eates devant un refus de renouvellement de bail ? Vous souhaitez r\u00e9clamer des indemnit\u00e9s li\u00e9es \u00e0 votre \u00e9viction ? Votre <strong>avocat<\/strong> est disponible pour vous repr\u00e9senter devant le Juge des loyers commerciaux. <\/span><span style=\"color: #000000;\">Traitant r\u00e9guli\u00e8rement de nombreux litiges relatifs aux <strong>baux commerciaux<\/strong>, Me Ribeiro met ses comp\u00e9tences et son exp\u00e9rience \u00e0 votre service afin de r\u00e9pondre \u00e0 vos attentes. Afin de vous offrir un accompagnement complet, votre <strong>avocat expert en droit immobilier et en baux commerciaux<\/strong>\u00a0vous indiquera la meilleure strat\u00e9gie \u00e0 adopter afin de prot\u00e9ger vos droits.<\/span><\/p>\n<p><span style=\"color: #000000;\"><img loading=\"lazy\" decoding=\"async\" class=\"aligncenter wp-image-2206\" src=\"https:\/\/ribeiro-avocat.com\/wp-content\/uploads\/2022\/10\/Le-bail-commercial-tout-ce-quil-faut-savoir1.jpg\" alt=\"\" width=\"700\" height=\"466\" srcset=\"https:\/\/ribeiro-avocat.com\/wp-content\/uploads\/2022\/10\/Le-bail-commercial-tout-ce-quil-faut-savoir1.jpg 800w, https:\/\/ribeiro-avocat.com\/wp-content\/uploads\/2022\/10\/Le-bail-commercial-tout-ce-quil-faut-savoir1-300x200.jpg 300w, https:\/\/ribeiro-avocat.com\/wp-content\/uploads\/2022\/10\/Le-bail-commercial-tout-ce-quil-faut-savoir1-768x512.jpg 768w, https:\/\/ribeiro-avocat.com\/wp-content\/uploads\/2022\/10\/Le-bail-commercial-tout-ce-quil-faut-savoir1-600x400.jpg 600w\" sizes=\"auto, (max-width: 700px) 100vw, 700px\" \/><\/span><\/p>\n<div class=\"row\"  id=\"row-100100184\">\n\n\t<div id=\"col-884763741\" class=\"col small-12 large-12\"  >\n\t\t\t\t<div class=\"col-inner\"  >\n\t\t\t\n\t\t\t\n<h3><span style=\"color: #000000;\">Quels sont les avantages \u00e0 faire appel \u00e0 un avocat intervenant dans les baux commerciaux ?<\/span><\/h3>\n<p style=\"text-align: justify;\"><span style=\"color: #000000;\">Que ce soit devant le <strong>Tribunal de commerce ou le Tribunal judiciaire, <\/strong>Me Ribeiro vous assistera tout au long de la proc\u00e9dure. Attentif \u00e0 vos besoins, votre <strong>avocat<\/strong> vous offrira un accompagnement personnalis\u00e9.<\/span><\/p>\n<p style=\"text-align: justify;\"><span style=\"color: #000000;\">Avant de passer devant la <strong>juridiction<\/strong> comp\u00e9tente charg\u00e9e du contentieux des baux, Me Ribeiro vous conseille afin de pr\u00e9server vos droit. Quel que soit votre <strong>contentieux<\/strong>, votre avocat est \u00e0 votre disposition afin de vous expliquer en d\u00e9tails les tenants et les aboutissants de ce litige. L\u2019avocat est pr\u00e9sent pour vos <strong>d\u00e9marches judiciaires<\/strong>. Me Ribeiro est habitu\u00e9 \u00e0 <strong>d\u00e9fendre ses clients <\/strong>devant les juridictions comp\u00e9tentes et vous fait profiter de <strong>son<\/strong> <strong>expertise<\/strong>.<\/span><\/p>\n<p style=\"text-align: justify;\"><span style=\"color: #000000;\">Efficace et pertinent, votre avocat traite tous les litiges relatifs aux baux commerciaux dans le <strong>d\u00e9partement 06<\/strong>. Vous conseillant id\u00e9alement sur les modalit\u00e9s du bail commercial, prenant votre d\u00e9fense devant un tribunal de commerce, l&rsquo;avocat vous permet de r\u00e9gler votre litige ou de l&rsquo;anticiper.\u00a0 Que ce soit pour obtenir des indemnit\u00e9s, r\u00e9cup\u00e9rer des impay\u00e9s, ou <strong>renouveler votre bail<\/strong>, Me Ribeiro pourra vous assister.\u00a0Le <strong>droit immobilier et particuli\u00e8rement les baux commerciaux<\/strong> \u00e9tant fortement r\u00e9glement\u00e9, il est important de se faire assister par un professionnel habitu\u00e9 \u00e0 ces enjeux.<\/span><\/p>\n<h2><span style=\"color: #000000;\">Quels sont les besoins de recourir \u00e0 un avocat en baux commerciaux \u00e0 Nice ?<\/span><\/h2>\n<h3><span style=\"color: #000000;\">Le contentieux des baux commerciaux est tr\u00e8s vari\u00e9.<\/span><\/h3>\n<p style=\"text-align: justify;\"><span style=\"color: #000000;\">L\u2019avocat peut intervenir lors du d\u00e9faut <strong>d\u2019entretien du local commercial,<\/strong> lorsque qu\u2019il y a un litige portant sur les grosses r\u00e9parations ou lorsque le locataire souhaite modifier son activit\u00e9 commerciale. L&rsquo;ajout ou la modification de l&rsquo;activit\u00e9 commercial pr\u00e9vu au bail s&rsquo;appelle la d\u00e9sp\u00e9cialisation. <\/span><span style=\"color: #000000;\">De plus, le <strong>locataire<\/strong> peut souhaiter c\u00e9der son <strong>bail<\/strong> ou vendre son <strong>fonds de commerce<\/strong>. Le <strong>bailleur<\/strong> peut quant \u00e0 lui proposer une offre de renouvellement du bail au <strong>locataire<\/strong> ou lui donn\u00e9 cong\u00e9 avec le paiement d\u2019une indemnit\u00e9 d\u2019\u00e9viction.<\/span><\/p>\n<p style=\"text-align: justify;\"><span style=\"color: #000000;\">La proc\u00e9dure en <strong>d\u00e9plafonnement du loyer<\/strong> pour fixer un nouveau loyer en fonction de l\u2019\u00e9volution de la <strong>valeur locative du bien<\/strong> et du march\u00e9 est une proc\u00e9dure particuli\u00e8re qui n\u00e9cessite une comp\u00e9tence en la mati\u00e8re. <\/span><span style=\"color: #000000;\">Enfin, Ma\u00eetre Ribeiro pourra vous accompagner en cas de demande de <strong>r\u00e9siliation du bai<\/strong>l qui peut \u00eatre une proc\u00e9dure longue et complexe.<\/span><\/p>\n<p><span style=\"color: #000000;\">D\u00e9couvrez \u00e9galement les services de votre <a style=\"color: #000000;\" href=\"https:\/\/ribeiro-avocat.com\/index.php\/avocat-baux-commerciaux-paris\/\">avocat baux commerciaux \u00e0 Paris<\/a>.<\/span><\/p>\n\t\t<\/div>\n\t\t\t\t\t<\/div>\n\n\t\n<\/div>\n","protected":false},"excerpt":{"rendered":"<p>Avocat baux commerciaux \u00e0 Nice Vous \u00eates \u00e0 la recherche d&rsquo;un avocat intervenant dans le bail commercial \u00e0 Nice ou ses environs ? Prenez contact avec le cabinet de Me Ribeiro. Comp\u00e9tent et r\u00e9actif, votre avocat est \u00e0 vos c\u00f4t\u00e9s pour d\u00e9fendre vos int\u00e9r\u00eats. Contactez votre avocat en droit immobilier \u00e0 Nice pour toutes questions [&#8230;]\n","protected":false},"author":1,"featured_media":0,"parent":0,"menu_order":0,"comment_status":"closed","ping_status":"closed","template":"","meta":{"footnotes":""},"class_list":["post-1626","page","type-page","status-publish","hentry"],"_links":{"self":[{"href":"https:\/\/ribeiro-avocat.com\/index.php\/wp-json\/wp\/v2\/pages\/1626","targetHints":{"allow":["GET"]}}],"collection":[{"href":"https:\/\/ribeiro-avocat.com\/index.php\/wp-json\/wp\/v2\/pages"}],"about":[{"href":"https:\/\/ribeiro-avocat.com\/index.php\/wp-json\/wp\/v2\/types\/page"}],"author":[{"embeddable":true,"href":"https:\/\/ribeiro-avocat.com\/index.php\/wp-json\/wp\/v2\/users\/1"}],"replies":[{"embeddable":true,"href":"https:\/\/ribeiro-avocat.com\/index.php\/wp-json\/wp\/v2\/comments?post=1626"}],"version-history":[{"count":30,"href":"https:\/\/ribeiro-avocat.com\/index.php\/wp-json\/wp\/v2\/pages\/1626\/revisions"}],"predecessor-version":[{"id":2245,"href":"https:\/\/ribeiro-avocat.com\/index.php\/wp-json\/wp\/v2\/pages\/1626\/revisions\/2245"}],"wp:attachment":[{"href":"https:\/\/ribeiro-avocat.com\/index.php\/wp-json\/wp\/v2\/media?parent=1626"}],"curies":[{"name":"wp","href":"https:\/\/api.w.org\/{rel}","templated":true}]}}