{"id":1587,"date":"2020-02-21T11:42:16","date_gmt":"2020-02-21T10:42:16","guid":{"rendered":"https:\/\/ribeiro-avocat.com\/?page_id=1587"},"modified":"2020-04-10T16:03:20","modified_gmt":"2020-04-10T14:03:20","slug":"contestation-pv-ag-copropriete-avocat-nice","status":"publish","type":"page","link":"https:\/\/ribeiro-avocat.com\/index.php\/droit-immobilier\/contestation-pv-ag-copropriete-avocat-nice\/","title":{"rendered":"Contester un PV d&rsquo;AG de copropri\u00e9t\u00e9"},"content":{"rendered":"<h1 style=\"text-align: center;\"><span style=\"text-decoration: underline;\"><strong>CONTESTER UN PV D&rsquo;ASSEMBLEE GENERALE<\/strong><\/span><\/h1>\n<p>Lorsque vous \u00eates en d\u00e9saccord d&rsquo;une d\u00e9cision vot\u00e9e en assembl\u00e9e g\u00e9n\u00e9rale, vous avez la facult\u00e9 de contester le Proc\u00e8s-Verbal d&rsquo;assembl\u00e9e g\u00e9n\u00e9rale. Cette proc\u00e9dure assez lourde n\u00e9cessite l&rsquo;intervention d&rsquo;un Avocat en droit Immobilier. Me Ribeiro de Carvalho, Avocat au Barreau de Nice peut vous assister sur ce type de proc\u00e9dure. Vous trouverez ci dessous les grandes lignes \u00e0 savoir avant de vous engager dans cette proc\u00e9dure pr\u00e9vue \u00e0 <a href=\"https:\/\/www.legifrance.gouv.fr\/affichTexteArticle.do;jsessionid=3F6E8BB524972CD541B5797476D12BC1.tplgfr29s_3?idArticle=LEGIARTI000039280626&amp;cidTexte=JORFTEXT000000880200&amp;categorieLien=id&amp;dateTexte=20200531\">l&rsquo;article 42 de la loi du 10 juillet 1965.<\/a><\/p>\n<h3><strong><span style=\"text-decoration: underline;\">I Qui peut contester un PV d&rsquo;AG ?<\/span><\/strong><\/h3>\n<p>La contestation d&rsquo;un Proc\u00e8s-Verbal d&rsquo;Assembl\u00e9e g\u00e9n\u00e9rale est ouverte aux copropri\u00e9taires opposants ou d\u00e9faillants.<\/p>\n<p>Les copropri\u00e9taires opposants sont ceux qui ont vot\u00e9 contre un d\u00e9cision ou pour une d\u00e9cision rejet\u00e9e.<\/p>\n<p>Les copropri\u00e9taires d\u00e9faillants sont ceux n&rsquo;\u00e9tant pas pr\u00e9sent lors de l&rsquo;assembl\u00e9e g\u00e9n\u00e9rale.<\/p>\n<p>Il faut donc avoir la qualit\u00e9 de copropri\u00e9taire pour ester en justice. Un personne appartenant \u00e0 un immeuble voisin ne peut pas agir, pas plus qu&rsquo;un associ\u00e9 d&rsquo;une SCI.<\/p>\n<p>En cas d&rsquo;indivision, l&rsquo;ensemble des co-indivisaires doivent \u00eatre partie \u00e0 la proc\u00e9dure.<\/p>\n<p>Vous devez donc \u00eatre extr\u00eamement attentif lorsque vous \u00eates farouchement oppos\u00e9 \u00e0 une r\u00e9solution pr\u00e9vue \u00e0 un ordre du jour. Si vous \u00eates pr\u00e9sent, vous devez voter CONTRE et ce m\u00eame si la majorit\u00e9 contraire l&#8217;emporte car cela vous permettra ensuite de pouvoir contester la d\u00e9cision plus tard.<\/p>\n<h3><strong><span style=\"text-decoration: underline;\">II Dans quels d\u00e9lais contester un PV d&rsquo;AG ?<\/span><\/strong><\/h3>\n<p>Le d\u00e9lai pour agir en contestation est de deux mois \u00e0 compter de la notification du Proc\u00e8s-Verbal d&rsquo;Assembl\u00e9e g\u00e9n\u00e9rale par le Syndic.<\/p>\n<p>Attention ce d\u00e9lai de deux mois commence \u00e0 compter de la premi\u00e8re pr\u00e9sentation du courrier recommand\u00e9.<\/p>\n<h3><span style=\"text-decoration: underline;\"><strong>III Comment contester le PV d&rsquo;AG ?<\/strong><\/span><\/h3>\n<p>Un simple courrier recommand\u00e9 ne suffit pas. Le seul moyen de contester un Proc\u00e8s-Verbal d&rsquo;Assembl\u00e9e g\u00e9n\u00e9rale est de d\u00e9livrer une assignation devant le Tribunal judiciaire.<\/p>\n<p>Le Tribunal comp\u00e9tent est bien \u00e9videmment celui du ressort dans lequel se trouve l&rsquo;immeuble vis\u00e9.<\/p>\n<p>Une assignation est un acte introductif d&rsquo;instance qui est r\u00e9dig\u00e9 par un Avocat et qui doit \u00eatre d\u00e9livr\u00e9 par un Huissier. Il est donc indispensable de s&rsquo;entourer de professionnels du Droit.<\/p>\n<h3><span style=\"text-decoration: underline;\"><strong>III Dans quels cas contester un PV d&rsquo;AG ?<\/strong><\/span><\/h3>\n<p>Il existe autant de raison de contester un PV d&rsquo;AG que de litige.<\/p>\n<p>Les cas les plus fr\u00e9quents sont notamment :<\/p>\n<ul>\n<li>D\u00e9cisions non pr\u00e9vues \u00e0 l&rsquo;ordre du jour ;<\/li>\n<li>Convocation hors d\u00e9lai ;<\/li>\n<li>Travaux non conformes \u00e0 la destination de l&rsquo;immeuble ;<\/li>\n<li>Difficult\u00e9 sur les mandats donn\u00e9s ;<\/li>\n<li>D\u00e9cision non justifi\u00e9es ;<\/li>\n<li>Vice de forme.<\/li>\n<\/ul>\n<p>Si vous souhaitez aborder les difficult\u00e9s li\u00e9es \u00e0 un Proc\u00e8s-Verbal qui vous a \u00e9t\u00e9 r\u00e9cemment notifi\u00e9, n\u2019h\u00e9sitez pas \u00e0 joindre Me RIBEIRO DE CARVALHO, Avocat en Droit immobilier au Barreau de Nice.<\/p>\n<p>Vous pouvez suivre ses actualit\u00e9s sur <a href=\"https:\/\/www.linkedin.com\/in\/philippe-ribeiro-de-carvalho-593662110\/\">Linkedin<\/a><a href=\"https:\/\/www.linkedin.com\/in\/philippe-ribeiro-de-carvalho-593662110\/\" target=\"_blank\" rel=\"noopener noreferrer\">, <\/a><a href=\"https:\/\/www.facebook.com\/Ribeiro-de-Carvalho-Avocat-et-Mandataire-immobilier-526424724449647\/?modal=admin_todo_tour\">Facebook<\/a><a href=\"https:\/\/www.linkedin.com\/in\/philippe-ribeiro-de-carvalho-593662110\/\" target=\"_blank\" rel=\"noopener noreferrer\"> ou sur son <\/a><a href=\"https:\/\/ribeiro-avocat.com\/index.php\/me-ribeiro-de-carvalho-a-propos-2\/\">site internet<\/a><a href=\"https:\/\/www.linkedin.com\/in\/philippe-ribeiro-de-carvalho-593662110\/\" target=\"_blank\" rel=\"noopener noreferrer\">.<\/a><\/p>\n<p>Liens utiles :<\/p>\n<p><a href=\"https:\/\/www.legifrance.gouv.fr\/affichTexte.do;jsessionid=B515ED88C6A2A4F8613846F2602AE5E8.tplgfr29s_3?cidTexte=JORFTEXT000000880200&amp;dateTexte=20200531\" target=\"_blank\" rel=\"noopener noreferrer\">Loi n\u00b065-557 du 10 juillet 1965.<\/a><\/p>\n<p>\u00a0<\/p>\n","protected":false},"excerpt":{"rendered":"<p>CONTESTER UN PV D&rsquo;ASSEMBLEE GENERALE Lorsque vous \u00eates en d\u00e9saccord d&rsquo;une d\u00e9cision vot\u00e9e en assembl\u00e9e g\u00e9n\u00e9rale, vous avez la facult\u00e9 de contester le Proc\u00e8s-Verbal d&rsquo;assembl\u00e9e g\u00e9n\u00e9rale. Cette proc\u00e9dure assez lourde n\u00e9cessite l&rsquo;intervention d&rsquo;un Avocat en droit Immobilier. Me Ribeiro de Carvalho, Avocat au Barreau de Nice peut vous assister sur ce type de proc\u00e9dure. Vous [&#8230;]\n","protected":false},"author":1,"featured_media":0,"parent":1125,"menu_order":0,"comment_status":"closed","ping_status":"closed","template":"","meta":{"footnotes":""},"class_list":["post-1587","page","type-page","status-publish","hentry"],"_links":{"self":[{"href":"https:\/\/ribeiro-avocat.com\/index.php\/wp-json\/wp\/v2\/pages\/1587","targetHints":{"allow":["GET"]}}],"collection":[{"href":"https:\/\/ribeiro-avocat.com\/index.php\/wp-json\/wp\/v2\/pages"}],"about":[{"href":"https:\/\/ribeiro-avocat.com\/index.php\/wp-json\/wp\/v2\/types\/page"}],"author":[{"embeddable":true,"href":"https:\/\/ribeiro-avocat.com\/index.php\/wp-json\/wp\/v2\/users\/1"}],"replies":[{"embeddable":true,"href":"https:\/\/ribeiro-avocat.com\/index.php\/wp-json\/wp\/v2\/comments?post=1587"}],"version-history":[{"count":13,"href":"https:\/\/ribeiro-avocat.com\/index.php\/wp-json\/wp\/v2\/pages\/1587\/revisions"}],"predecessor-version":[{"id":1642,"href":"https:\/\/ribeiro-avocat.com\/index.php\/wp-json\/wp\/v2\/pages\/1587\/revisions\/1642"}],"up":[{"embeddable":true,"href":"https:\/\/ribeiro-avocat.com\/index.php\/wp-json\/wp\/v2\/pages\/1125"}],"wp:attachment":[{"href":"https:\/\/ribeiro-avocat.com\/index.php\/wp-json\/wp\/v2\/media?parent=1587"}],"curies":[{"name":"wp","href":"https:\/\/api.w.org\/{rel}","templated":true}]}}