{"id":1500,"date":"2019-11-08T16:52:29","date_gmt":"2019-11-08T15:52:29","guid":{"rendered":"https:\/\/ribeiro-avocat.com\/?page_id=1500"},"modified":"2019-11-08T16:55:48","modified_gmt":"2019-11-08T15:55:48","slug":"la-creation-dune-societe-civile-immobiliere-nice","status":"publish","type":"page","link":"https:\/\/ribeiro-avocat.com\/index.php\/la-creation-dune-societe-civile-immobiliere-nice\/","title":{"rendered":"La cr\u00e9ation d&rsquo;une soci\u00e9t\u00e9 civile immobili\u00e8re"},"content":{"rendered":"<h1 style=\"text-align: center;\">La cr\u00e9ation d&rsquo;une Soci\u00e9t\u00e9 civile immobili\u00e8re (S.C.I)<\/h1>\n<p>Me Ribeiro de Carvalho vous assiste et vous conseil dans la cr\u00e9ation d&rsquo;une soci\u00e9t\u00e9 civile immobili\u00e8re (SCI). Avocat au Barreau de Nice intervenant dans le domaine du immobilier, il saura vous guider dans l&rsquo;\u00e9laboration des statuts et le choix d&rsquo;imposition.<\/p>\n<h3><span style=\"text-decoration: underline;\"><strong>I Les avantage patrimoniaux de la cr\u00e9ation d&rsquo;une S.C.I<\/strong><\/span><\/h3>\n<h4>\u00a0 \u00a0 \u00a0 \u00a0 <span style=\"text-decoration: underline;\"><strong>A) L&rsquo;avantage sur la gestion du patrimoine<\/strong><\/span><\/h4>\n<p>Contrairement \u00e0 l&rsquo;indivision, la SCI permet une grande libert\u00e9 dans les choix de gestion d&rsquo;un bien immobilier d\u00e9tenu par plusieurs personnes.<\/p>\n<p>Cr\u00e9er une SCI offre aux associ\u00e9s la possibilit\u00e9 de fixer librement les modalit\u00e9s relatives aux prises de d\u00e9cisions.<\/p>\n<p>Ainsi, toutes les d\u00e9cisions revenants aux associ\u00e9s sont prises conform\u00e9ment \u00e0 ce qui est pr\u00e9vu dans les statuts. Cela permet donc d&rsquo;\u00e9viter des blocages dans la gestion du bien.<\/p>\n<p>La cr\u00e9ation d&rsquo;une SCI n\u00e9cessite de nommer un ou plusieurs g\u00e9rants. Ces g\u00e9rants auront alors la facult\u00e9 d&rsquo;administrer la vie de soci\u00e9t\u00e9.<\/p>\n<p>Enfin, la SCI est \u00e9videmment un outil juridique indispensable pour permettre \u00e0 des investisseurs de s&rsquo;associer.<\/p>\n<p><span style=\"text-decoration: underline;\"><strong>B) L&rsquo;avantage sur la transmission du patrimoine<\/strong><\/span><\/p>\n<p>La cr\u00e9ation d&rsquo;une SCI facilite la transmission du patrimoine.<\/p>\n<p>En effet, la SCI peut permettre dans certains cas de transmettre au fur et \u00e0 mesure du temps sont patrimoine en b\u00e9n\u00e9ficiant d&rsquo;avantage fiscaux int\u00e9ressant. Le d\u00e9membrement des parts pr\u00e9sente en effet de nombreux avantage pour b\u00e9n\u00e9ficier d&rsquo;abattement fiscaux en terme de transmission.<\/p>\n<p>Ensuite, la SCI prot\u00e8ge \u00e9galement les h\u00e9ritiers de tomber dans l&rsquo;indivision en cas de d\u00e9c\u00e8s des parents.<\/p>\n<h3><span style=\"text-decoration: underline;\"><strong>II Les avantages fiscaux d&rsquo;une S.C.I<\/strong><\/span><\/h3>\n<p>Le choix de passer par une SCI permet de choisir son r\u00e9gime d&rsquo;imposition : imp\u00f4t sur le revenu ou imp\u00f4ts sur les soci\u00e9t\u00e9s.<\/p>\n<h4>\u00a0 \u00a0 \u00a0 \u00a0 <span style=\"text-decoration: underline;\"><strong>A) La S.C.I \u00e0 l&rsquo;IR (imp\u00f4t sur le revenu)<\/strong><\/span><\/h4>\n<p>Les r\u00e8gles fiscales applicables aux SCI \u00e0 l\u2019IR sont celles des revenus fonciers. Les associ\u00e9s de la soci\u00e9t\u00e9 sont impos\u00e9s personnellement, de la m\u00eame mani\u00e8re que les personnes physiques qui sont propri\u00e9taires en direct d\u2019un bien immobilier.<\/p>\n<p>Chaque associ\u00e9 de la SCI est impos\u00e9 personnellement \u00e0 l\u2019IR sur la quote-part de r\u00e9sultat qui lui revient.<\/p>\n<p><span style=\"color: #555555;\">Le taux d&rsquo;imposition d\u00e9pendra donc de l&rsquo;imposition personnelle ed chaque associ\u00e9.<\/span><\/p>\n<h4>\u00a0 \u00a0 \u00a0 \u00a0 <span style=\"text-decoration: underline;\"><strong>B) La S.C.I \u00e0 l&rsquo;IS<\/strong><\/span><\/h4>\n<p>En optant pour l\u2019imp\u00f4t sur les soci\u00e9t\u00e9s, les associ\u00e9s font peser la fiscalit\u00e9 des b\u00e9n\u00e9fices et des plus-values directement sur la SCI. Les associ\u00e9s ne sont impos\u00e9s que sur les dividendes qu\u2019ils d\u00e9cident de s\u2019octroyer.<\/p>\n<p>Ce montage pr\u00e9sente un avantage certain pour les achats \u00e0 long terme plus le taux d&rsquo;imposition sur les soci\u00e9t\u00e9 est de seulement 15%. Attention ce bar\u00eame s&rsquo;applique dans que les b\u00e9n\u00e9fices ne sont pas vers\u00e9es.<\/p>\n<p>Attention en revanche sur la fiscalit\u00e9 au titre de la plus-value immobili\u00e8re qui peut \u00eatre importante en cas de revente.<\/p>\n<p>C&rsquo;est pourquoi chaque cas rel\u00e8ve d&rsquo;une attention particuli\u00e8re. Me Ribeiro de Carvalho propose \u00e0 ses clients des consultations\u00a0<span style=\"text-decoration: underline;\">en amont<\/span> de la cr\u00e9ation de la SCI pour conna\u00eetre le montage le plus adapter \u00e0 vos besoin.<\/p>\n<p>Liens utiles :<\/p>\n<p><a href=\"https:\/\/www.infogreffe.fr\/formalites-entreprise\/immatriculation-entreprise.html\">Immatriculation d&rsquo;une SCI<\/a><\/p>\n<p><a href=\"https:\/\/ribeiro-avocat.com\/index.php\/plus-value-immobiliere-avocat\/\">Calcul sur la plus value immobili\u00e8re<\/a><\/p>\n<p><a href=\"https:\/\/ribeiro-avocat.com\/index.php\/biens-a-vendre\/\">Biens \u00e0 vendre de Me Ribeiro de Carvalho<\/a><\/p>\n","protected":false},"excerpt":{"rendered":"<p>La cr\u00e9ation d&rsquo;une Soci\u00e9t\u00e9 civile immobili\u00e8re (S.C.I) Me Ribeiro de Carvalho vous assiste et vous conseil dans la cr\u00e9ation d&rsquo;une soci\u00e9t\u00e9 civile immobili\u00e8re (SCI). Avocat au Barreau de Nice intervenant dans le domaine du immobilier, il saura vous guider dans l&rsquo;\u00e9laboration des statuts et le choix d&rsquo;imposition. I Les avantage patrimoniaux de la cr\u00e9ation d&rsquo;une [&#8230;]\n","protected":false},"author":1,"featured_media":0,"parent":0,"menu_order":0,"comment_status":"closed","ping_status":"closed","template":"","meta":{"footnotes":""},"class_list":["post-1500","page","type-page","status-publish","hentry"],"_links":{"self":[{"href":"https:\/\/ribeiro-avocat.com\/index.php\/wp-json\/wp\/v2\/pages\/1500","targetHints":{"allow":["GET"]}}],"collection":[{"href":"https:\/\/ribeiro-avocat.com\/index.php\/wp-json\/wp\/v2\/pages"}],"about":[{"href":"https:\/\/ribeiro-avocat.com\/index.php\/wp-json\/wp\/v2\/types\/page"}],"author":[{"embeddable":true,"href":"https:\/\/ribeiro-avocat.com\/index.php\/wp-json\/wp\/v2\/users\/1"}],"replies":[{"embeddable":true,"href":"https:\/\/ribeiro-avocat.com\/index.php\/wp-json\/wp\/v2\/comments?post=1500"}],"version-history":[{"count":2,"href":"https:\/\/ribeiro-avocat.com\/index.php\/wp-json\/wp\/v2\/pages\/1500\/revisions"}],"predecessor-version":[{"id":1502,"href":"https:\/\/ribeiro-avocat.com\/index.php\/wp-json\/wp\/v2\/pages\/1500\/revisions\/1502"}],"wp:attachment":[{"href":"https:\/\/ribeiro-avocat.com\/index.php\/wp-json\/wp\/v2\/media?parent=1500"}],"curies":[{"name":"wp","href":"https:\/\/api.w.org\/{rel}","templated":true}]}}