{"id":1458,"date":"2020-10-25T18:52:01","date_gmt":"2020-10-25T17:52:01","guid":{"rendered":"https:\/\/ribeiro-avocat.com\/?page_id=1458"},"modified":"2020-10-25T18:52:01","modified_gmt":"2020-10-25T17:52:01","slug":"me-ribeiro-de-carvalho-a-propos","status":"publish","type":"page","link":"https:\/\/ribeiro-avocat.com\/index.php\/me-ribeiro-de-carvalho-a-propos\/","title":{"rendered":"Me Ribeiro de Carvalho (about me)"},"content":{"rendered":"<h1 style=\"text-align: center;\">CABINET PRC AVOCAT<br \/>Nice, Paris<\/h1>\n<h1 style=\"text-align: center;\">Me Ribeiro de Cavalho, Avocat fondateur<\/h1>\n    <div class=\"box has-hover has-hover box-text-bottom\" >\n\n                  <div class=\"box-image \" style=\"width:25%;\">\n           <div class=\"box-image-inner image-cover\" style=\"border-radius:100%;padding-top:100%;\">\n              <img loading=\"lazy\" decoding=\"async\" width=\"1060\" height=\"1600\" src=\"https:\/\/ribeiro-avocat.com\/wp-content\/uploads\/2018\/04\/IMG_2390-1.jpg\" class=\"attachment- size-\" alt=\"\" srcset=\"https:\/\/ribeiro-avocat.com\/wp-content\/uploads\/2018\/04\/IMG_2390-1.jpg 1060w, https:\/\/ribeiro-avocat.com\/wp-content\/uploads\/2018\/04\/IMG_2390-1-199x300.jpg 199w, https:\/\/ribeiro-avocat.com\/wp-content\/uploads\/2018\/04\/IMG_2390-1-768x1159.jpg 768w, https:\/\/ribeiro-avocat.com\/wp-content\/uploads\/2018\/04\/IMG_2390-1-678x1024.jpg 678w, https:\/\/ribeiro-avocat.com\/wp-content\/uploads\/2018\/04\/IMG_2390-1-600x906.jpg 600w\" sizes=\"auto, (max-width: 1060px) 100vw, 1060px\" \/>                         <\/div>\n          <\/div>\n         \n          <div class=\"box-text text-center\" >\n                <div class=\"box-text-inner\">\n                  <h4 class=\"uppercase\">\n                    <span class=\"person-name\"><\/span><br\/>\n                    <span class=\"person-title is-small thin-font op-7\">\n                                          <\/span>\n                  <\/h4>\n\t\t\t\t\t\n<h3 style=\"text-align: center;\"><strong>avocat@ribeiro-dc.com\u00a0 \u00a0 \u00a0 <\/strong><\/h3>\n<h3 style=\"text-align: center;\"><strong>Tel : 06.24.05.97.01<\/strong><\/h3>\n<h3><strong>Horaires : 9H-19H (Lun-Ven) &#8211; 9H-12H (Sam)<\/strong><\/h3>\n<div class=\"social-icons follow-icons\" style=\"font-size:125%\"><a href=\"https:\/\/www.facebook.com\/pg\/Ribeiro-de-Carvalho-Avocat-et-Mandataire-immobilier-526424724449647\/posts\/\" target=\"_blank\" data-label=\"Facebook\" class=\"icon button circle is-outline tooltip facebook\" title=\"Nous suivre sur Facebook\" aria-label=\"Nous suivre sur Facebook\" rel=\"noopener nofollow\"><i class=\"icon-facebook\" aria-hidden=\"true\"><\/i><\/a><a href=\"mailto:avocat@ribeiro-avocat.com\" data-label=\"E-mail\" target=\"_blank\" class=\"icon button circle is-outline tooltip email\" title=\"Nous envoyer un email\" aria-label=\"Nous envoyer un email\" rel=\"nofollow noopener\"><i class=\"icon-envelop\" aria-hidden=\"true\"><\/i><\/a><a href=\"tel:+ 336 24 05 97 01\" data-label=\"Phone\" target=\"_blank\" class=\"icon button circle is-outline tooltip phone\" title=\"Appelez-nous\" aria-label=\"Appelez-nous\" rel=\"nofollow noopener\"><i class=\"icon-phone\" aria-hidden=\"true\"><\/i><\/a><a href=\"https:\/\/www.linkedin.com\/feed\/\" data-label=\"LinkedIn\" target=\"_blank\" class=\"icon button circle is-outline tooltip linkedin\" title=\"Nous suivre sur LinkedIn\" aria-label=\"Nous suivre sur LinkedIn\" rel=\"noopener nofollow\"><i class=\"icon-linkedin\" aria-hidden=\"true\"><\/i><\/a><\/div>\n                <\/div>\n          <\/div>\n    <\/div>\n\n\t\n    \n\n  <div class=\"banner has-hover\" id=\"banner-667612773\">\n          <div class=\"banner-inner fill\">\n        <div class=\"banner-bg fill\" >\n                                                \n                    <\/div>\n\t\t\n        <div class=\"banner-layers container\">\n            <div class=\"fill banner-link\"><\/div>            \n   <div id=\"text-box-537304926\" class=\"text-box banner-layer x50 md-x50 lg-x50 y50 md-y50 lg-y50 res-text\">\n                                <div class=\"text-box-content text dark\">\n              \n              <div class=\"text-inner text-center\">\n                  \n<h4><span style=\"text-decoration: underline;\"><strong>Pr\u00e9sentation :<\/strong><\/span><\/h4>\n<p style=\"text-align: justify;\">D&rsquo;un naturel dynamique, Me Ribeiro de Carvalho montre quotidiennement \u00e0 ses clients qu&rsquo;il est \u00e0 disponible et facilement joignable. Il est le fondateur du Cabinet <strong>PRC AVOCAT<\/strong> et intervient en <strong>droit immobilier<\/strong> et sur les probl\u00e9matiques de <strong>cession de fonds de commerce.<\/strong> Avocat au Barreau de Nice, Me Ribeiro peut plaider sur tout le territoire et vous accueille \u00e9galement dans ses bureaux situ\u00e9s \u00e0 <strong>Paris<\/strong>. Passionn\u00e9 d&rsquo;immobilier, c&rsquo;est tout naturellement qu&rsquo;il a orient\u00e9 son activit\u00e9 vers cette mati\u00e8re afin d&rsquo;apporter \u00e0 ses clients des r\u00e9ponses adapt\u00e9es.<\/p>\n<p style=\"text-align: left;\">Son adage pr\u00e9f\u00e9r\u00e9 :<\/p>\n<p style=\"text-align: center;\"><strong><em> \u00ab\u00a0Mieux vaut un mauvais accord qu&rsquo;un bon proc\u00e8s\u00a0\u00bb.<\/em><\/strong><\/p>\n<p style=\"text-align: justify;\">Certains d\u00e9saccords ne peuvent malheureusement se poursuivre que par la voie judiciaire. Me Ribeiro de Carvalho emploie alors toute son \u00e9nergie \u00e0 d\u00e9fendre vos int\u00e9r\u00eats.\u00a0\u00a0<\/p>\n<h4><span style=\"text-decoration: underline;\"><strong>Parcours professionnel :<\/strong><\/span><\/h4>\n<div style=\"text-align: justify;\">Titulaire d&rsquo;un Master II Droit des responsabilit\u00e9s, Me Ribeiro de Carvalho est r\u00e9solument orient\u00e9 vers le droit priv\u00e9 et plus particuli\u00e8rement en Droit immobilier et commercial.<\/div>\n<div>\u00a0<\/div>\n<div style=\"text-align: justify;\">Apr\u00e8s l&rsquo;obtention de son Certificat d&rsquo;aptitude \u00e0 la profession d&rsquo;avocat (CAPA), Me Ribeiro est devenu collaborateur dans le cabinet MVD&amp;AVOCATS, plus ancienne soci\u00e9t\u00e9 civile professionnelle d&rsquo;avocat du Barreau de Nice. Apr\u00e8s avoir acquis une solide exp\u00e9rience, il a d\u00e9cid\u00e9 de cr\u00e9er le cabinet PRC AVOCAT afin de r\u00e9pondre aux besoins de ses clients.<\/div>\n<div>\u00a0<\/div>\n<div style=\"text-align: justify;\">Me Ribeiro de Carvalho est \u00e9galement Avocat mandataire immobilier : il peut assister ses clients dans l&rsquo;achat ou la vente de biens immobiliers. Passionn\u00e9 depuis toujours par l&rsquo;immobilier, il connait parfaitement le march\u00e9 immobilier de sa r\u00e9gion et de la capitale.<\/div>\n<div style=\"text-align: left;\">\u00a0<\/div>\n<div style=\"text-align: justify;\">A ce titre, il est membre de l&rsquo;association des avocats mandataires immobiliers (<a href=\"https:\/\/www.avocat-immo.fr\/\">A.A.M.T.I<\/a>) , premier r\u00e9seau des avocats mandataires en France.<\/div>\n              <\/div>\n           <\/div>\n                            \n<style>\n#text-box-537304926 {\n  width: 56%;\n}\n#text-box-537304926 .text-box-content {\n  font-size: 100%;\n}\n<\/style>\n    <\/div>\n \n        <\/div>\n      <\/div>\n\n            \n<style>\n#banner-667612773 {\n  padding-top: 950px;\n}\n<\/style>\n  <\/div>\n\n\n\n  <div class=\"banner has-hover\" id=\"banner-1073616582\">\n          <div class=\"banner-inner fill\">\n        <div class=\"banner-bg fill\" >\n                                    <div class=\"overlay\"><\/div>            \n                    <\/div>\n\t\t\n        <div class=\"banner-layers container\">\n            <div class=\"fill banner-link\"><\/div>            \n   <div id=\"text-box-1897907712\" class=\"text-box banner-layer x50 md-x50 lg-x50 y50 md-y50 lg-y50 res-text\">\n                                <div class=\"text-box-content text dark\">\n              \n              <div class=\"text-inner text-center\">\n                  \n<h4 style=\"text-align: center;\"><span style=\"text-decoration: underline;\"><strong>Coordonn\u00e9es<\/strong><\/span><\/h4>\n<div>T\u00e9l\u00e9phone : +33 (0)6.24.05.97.01 &#8211; Fax : +33.(0)4.93.04.58.06<\/div>\n<div>Mail : avocat@ribeiro-avocat.com<\/div>\n<div>Deux adresses : 16 Rue Lamartine 06000 Nice ; 11 Boulevard de S\u00e9bastopol 75001 Paris<\/div>\n<div>\u00a0<\/div>\n              <\/div>\n           <\/div>\n                            \n<style>\n#text-box-1897907712 {\n  width: 62%;\n}\n#text-box-1897907712 .text-box-content {\n  font-size: 100%;\n}\n<\/style>\n    <\/div>\n \n        <\/div>\n      <\/div>\n\n            \n<style>\n#banner-1073616582 {\n  padding-top: 180px;\n  background-color: rgb(64, 50, 50);\n}\n#banner-1073616582 .overlay {\n  background-color: rgba(0, 0, 0, 0.17);\n}\n<\/style>\n  <\/div>\n\n\n  <div class=\"banner-grid-wrapper\">\n  <div id=\"banner-grid-599891366\" class=\"banner-grid row row-grid row-small\" data-packery-options=\"\">\n                      \n<div class=\"col grid-col large-6 grid-col-1\" ><div class=\"col-inner\">\n\t<div class=\"img has-hover x md-x lg-x y md-y lg-y\" id=\"image_1722912835\">\n\t\t\t\t\t\t\t\t<div class=\"img-inner image-zoom dark\" >\n\t\t\t<img loading=\"lazy\" decoding=\"async\" width=\"768\" height=\"1024\" src=\"https:\/\/ribeiro-avocat.com\/wp-content\/uploads\/2019\/02\/20181105_105626-1-768x1024.jpg\" class=\"attachment-large size-large\" alt=\"\" srcset=\"https:\/\/ribeiro-avocat.com\/wp-content\/uploads\/2019\/02\/20181105_105626-1-768x1024.jpg 768w, https:\/\/ribeiro-avocat.com\/wp-content\/uploads\/2019\/02\/20181105_105626-1-225x300.jpg 225w, https:\/\/ribeiro-avocat.com\/wp-content\/uploads\/2019\/02\/20181105_105626-1-600x800.jpg 600w, https:\/\/ribeiro-avocat.com\/wp-content\/uploads\/2019\/02\/20181105_105626-1.jpg 862w\" sizes=\"auto, (max-width: 768px) 100vw, 768px\" \/>\t\t\t\t\t\t\n\t\t\t\t\t<\/div>\n\t\t\t\t\t\t\t\t\n<style>\n#image_1722912835 {\n  width: 100%;\n}\n<\/style>\n\t<\/div>\n\t\n<\/div><\/div>\n<div class=\"col grid-col large-6 grid-col-1\" ><div class=\"col-inner\">\n\t<div class=\"img has-hover x md-x lg-x y md-y lg-y\" id=\"image_1765683962\">\n\t\t\t\t\t\t\t\t<div class=\"img-inner image-zoom dark\" >\n\t\t\t<img loading=\"lazy\" decoding=\"async\" width=\"768\" height=\"1024\" src=\"https:\/\/ribeiro-avocat.com\/wp-content\/uploads\/2019\/02\/20181105_105612-768x1024.jpg\" class=\"attachment-large size-large\" alt=\"\" srcset=\"https:\/\/ribeiro-avocat.com\/wp-content\/uploads\/2019\/02\/20181105_105612-768x1024.jpg 768w, https:\/\/ribeiro-avocat.com\/wp-content\/uploads\/2019\/02\/20181105_105612-225x300.jpg 225w, https:\/\/ribeiro-avocat.com\/wp-content\/uploads\/2019\/02\/20181105_105612-600x800.jpg 600w, https:\/\/ribeiro-avocat.com\/wp-content\/uploads\/2019\/02\/20181105_105612.jpg 862w\" sizes=\"auto, (max-width: 768px) 100vw, 768px\" \/>\t\t\t\t\t\t\n\t\t\t\t\t<\/div>\n\t\t\t\t\t\t\t\t\n<style>\n#image_1765683962 {\n  width: 100%;\n}\n<\/style>\n\t<\/div>\n\t\n<\/div><\/div>\n            <\/div>\n    <style>\n    #banner-grid-599891366 .grid-col-1{height: 600px}\n    #banner-grid-599891366 .grid-col-1-2{height: 300px}\n    #banner-grid-599891366 .grid-col-1-3{height:200px}\n    #banner-grid-599891366 .grid-col-2-3{height: 400px}\n    #banner-grid-599891366 .grid-col-1-4{height: 150px}\n    #banner-grid-599891366 .grid-col-3-4{height: 450px}\n\n\n    \n    \n\n  <\/style>\n    <\/div>\n  \n","protected":false},"excerpt":{"rendered":"<p>CABINET PRC AVOCATNice, Paris Me Ribeiro de Cavalho, Avocat fondateur<\/p>\n","protected":false},"author":1,"featured_media":0,"parent":0,"menu_order":0,"comment_status":"closed","ping_status":"closed","template":"","meta":{"footnotes":""},"class_list":["post-1458","page","type-page","status-publish","hentry"],"_links":{"self":[{"href":"https:\/\/ribeiro-avocat.com\/index.php\/wp-json\/wp\/v2\/pages\/1458","targetHints":{"allow":["GET"]}}],"collection":[{"href":"https:\/\/ribeiro-avocat.com\/index.php\/wp-json\/wp\/v2\/pages"}],"about":[{"href":"https:\/\/ribeiro-avocat.com\/index.php\/wp-json\/wp\/v2\/types\/page"}],"author":[{"embeddable":true,"href":"https:\/\/ribeiro-avocat.com\/index.php\/wp-json\/wp\/v2\/users\/1"}],"replies":[{"embeddable":true,"href":"https:\/\/ribeiro-avocat.com\/index.php\/wp-json\/wp\/v2\/comments?post=1458"}],"version-history":[{"count":15,"href":"https:\/\/ribeiro-avocat.com\/index.php\/wp-json\/wp\/v2\/pages\/1458\/revisions"}],"predecessor-version":[{"id":1817,"href":"https:\/\/ribeiro-avocat.com\/index.php\/wp-json\/wp\/v2\/pages\/1458\/revisions\/1817"}],"wp:attachment":[{"href":"https:\/\/ribeiro-avocat.com\/index.php\/wp-json\/wp\/v2\/media?parent=1458"}],"curies":[{"name":"wp","href":"https:\/\/api.w.org\/{rel}","templated":true}]}}