{"id":1382,"date":"2019-08-26T14:31:29","date_gmt":"2019-08-26T12:31:29","guid":{"rendered":"https:\/\/ribeiro-avocat.com\/?page_id=1382"},"modified":"2024-06-12T10:31:22","modified_gmt":"2024-06-12T08:31:22","slug":"reglementation-location-saisonniere-nice-avocat","status":"publish","type":"page","link":"https:\/\/ribeiro-avocat.com\/index.php\/reglementation-location-saisonniere-nice-avocat\/","title":{"rendered":"R\u00e9glementation location saisonni\u00e8re Nice"},"content":{"rendered":"<h1 style=\"text-align: center;\"><span style=\"text-decoration: underline;\"><span style=\"font-size: 23.04px;\"><b><u>La R\u00e9glementation<\/u><\/b><\/span><strong style=\"text-decoration-line: underline;\"> de la location saisonni\u00e8re \u00e0 Nice\u00a0<\/strong><\/span><\/h1>\n<p>Les <strong>r\u00e8gles sur la location saisonni\u00e8re<\/strong> sont souvent mal comprises. Me Ribeiro, Avocat en droit immobilier \u00e0 Nice vous propose un r\u00e9capitulatif des r\u00e8gles qu&rsquo;un particulier doit imp\u00e9rativement connaitre pour louer son logement sur des plateformes type <strong>Airbnb<\/strong> ou <strong>Booking<\/strong>.<\/p>\n<p>La location de meubl\u00e9s touristiques consiste en la mise en location de mani\u00e8re r\u00e9p\u00e9t\u00e9e d&rsquo;un local meubl\u00e9 destin\u00e9 pour de courtes dur\u00e9es \u00e0 une client\u00e8le de passage qui n&rsquo;y \u00e9lit pas domicile.<\/p>\n<h2><span style=\"text-decoration: underline;\">I Le principe : l&rsquo;obligation de changer la destination de l&rsquo;usage du bien pour faire de la location meubl\u00e9e touristique<\/span><\/h2>\n<h3>\u00a0 \u00a0 \u00a0 \u00a0 <span style=\"text-decoration: underline;\">A) Un bien destin\u00e9 \u00e0 la location meubl\u00e9 touristique doit faire l&rsquo;objet d&rsquo;une demande de changement d&rsquo;usage.<\/span><\/h3>\n<p>Traditionnellement, lorsque vous achetez un appartement, celui-ci est \u00e0 usage d&rsquo;habitation. Ainsi, que vous l&rsquo;occupiez au titre de votre r\u00e9sidence principale ou que vous souhaitiez le mettre \u00e0 la location suivant un bail (vide ou meubl\u00e9), la destination de l&rsquo;immeuble est donc \u00e0 \u00ab\u00a0usage d&rsquo;habitation\u00a0\u00bb.<\/p>\n<p>Lorsque vous souhaitez que votre investissement immobilier soit uniquement \u00e0 destination de la location meubl\u00e9e touristique, vous devez demander une autorisation de changement d&rsquo;usage.<\/p>\n<p>A Nice, une demande d&rsquo;autorisation peut \u00eatre formul\u00e9e <span style=\"text-decoration: underline;\"><strong>par le propri\u00e9taire<\/strong><\/span> du logement.<\/p>\n<p>Elle est octroy\u00e9e pour une dur\u00e9e de 6 ans <span style=\"text-decoration: underline;\"><strong>non renouvelable.<\/strong><\/span><\/p>\n<p>Cette autorisation est temporaire, nominative et attach\u00e9 \u00e0 la personne et non au local : il n&rsquo;est donc pas possible de la transmettre.<\/p>\n<p>Cette premi\u00e8re demande de changement d&rsquo;usage n&rsquo;est pas soumise au principe de la compensation.<\/p>\n<p>L&rsquo;autorisation de changement d&rsquo;usage est d\u00e9livr\u00e9e par le Maire de Nice selon les modalit\u00e9s du r\u00e8glement vot\u00e9 en d\u00e9lib\u00e9ration du Bureau m\u00e9tropolitain du 21 d\u00e9cembre 2018 que vous pouvez retrouver <a href=\"https:\/\/www.nice.fr\/fr\/actualites\/meubles-touristiques-une-nouvelle-reglementation?type=articles\">ici<\/a>.<\/p>\n<h3>\u00a0 \u00a0 \u00a0 \u00a0 <span style=\"text-decoration: underline;\">B) Le deuxi\u00e8me bien destin\u00e9 \u00e0 la location meubl\u00e9 touristique doit en plus faire l&rsquo;objet d&rsquo;une compensation.<\/span><\/h3>\n<p>Afin de maintenir une offre de logement accessible pour les habitants, la Ville de Nice impose des conditions tr\u00e8s strictes si vous souhaitez avoir une second bien immobilier destin\u00e9 \u00e0 la location saisonni\u00e8re.<\/p>\n<p>Ce principe est celui de la compensation : la compensation est obligatoire d\u00e8s le 2 \u00e8me logement mis \u00e0 la location par le m\u00eame propri\u00e9taire. Notez que le principe est le m\u00eame si vous d\u00e9passez la dur\u00e9e de 6 ans \u00e9voqu\u00e9e ci-avant.<\/p>\n<p>Le principe de compensation\u00a0 consiste \u00e0 transformer des locaux qui ne sont pas \u00e0 usage d&rsquo;habitation en locaux d&rsquo;habitation.<\/p>\n<p>Concr\u00e8tement vous devez \u00eatre en mesure ou bien de modifier des biens qui sont par exemple destin\u00e9 \u00e0 la location de bureaux en logement.<\/p>\n<p>Nul besoin de pr\u00e9ciser que cette condition est tr\u00e8s difficile \u00e0 respecter pour quiconque ne b\u00e9n\u00e9ficie d&rsquo;un parc immobilier cons\u00e9quent.<\/p>\n<h2><span style=\"text-decoration: underline;\"><u>II L&rsquo;exception : le propri\u00e9taire de sa r\u00e9sidence principale est exon\u00e9r\u00e9 de la demande de <\/u><span style=\"font-size: 14.4px;\"><u>changement<\/u><\/span><u>\u00a0de destination<\/u><\/span><\/h2>\n<p>D\u00e8s lors que vous justifiez que le bien est votre r\u00e9sidence principale, l&rsquo;autorisation de changement d&rsquo;usage de locaux d&rsquo;habitation est autoris\u00e9s d&rsquo;office\u00a0<span style=\"text-decoration: underline;\">sans qu&rsquo;il soit besoin d&rsquo;en faire la demande.<\/span><\/p>\n<p>Il existe deux conditions cumulatives :<\/p>\n<ul>\n<li>Il doit s&rsquo;agir de votre r\u00e9sidence principale ;<\/li>\n<li>Le nombre de nuit est limit\u00e9 \u00e0 120 jours par an.<\/li>\n<\/ul>\n<p>De plus, vous n&rsquo;\u00eates \u00e9galement pas soumis \u00e0 la demande de changement de destination si vous ne louez qu&rsquo;une simple chambre d\u00e8s lors que le bien est toujours votre r\u00e9sidence principale.<\/p>\n<h2><span style=\"text-decoration: underline;\">III Conclusions<\/span><\/h2>\n<p>A partir du moment o\u00f9 il s&rsquo;agit de votre r\u00e9sidence principale et que vous ne d\u00e9passez pas les 120 jours par an, la r\u00e8gle est tr\u00e8s simple : vous pouvez librement mettre votre bien en location meubl\u00e9 touristique.<\/p>\n<p>En revanche, il existe de nombreux pi\u00e8ges \u00e0 \u00e9viter lorsqu&rsquo;il ne s&rsquo;agit pas de votre r\u00e9sidence principale ou que le bien est achet\u00e9 via une personne morale (SCI).<\/p>\n<p>C&rsquo;est pourquoi l&rsquo;aide d&rsquo;un avocat mandataire immobilier avant d&rsquo;investir est un formidable avantage pour garantir la p\u00e9rennit\u00e9 financi\u00e8re de votre investissement immobilier.<\/p>\n<p>N&rsquo;h\u00e9sitez pas \u00e0 contacter Me RIBEIRO DE CARVALHO pour toute questions sur ce sujet sur <a href=\"https:\/\/ribeiro-avocat.com\/index.php\/me-ribeiro-de-carvalho-a-propos\/\">son site internet.<\/a><\/p>\n<p>Vous pouvez suivre ses actualit\u00e9s sur\u00a0sa page <a href=\"https:\/\/www.linkedin.com\/in\/philippe-ribeiro-de-carvalho-593662110\/\">Linkedin<\/a> ou <a href=\"https:\/\/www.facebook.com\/Ribeiro-de-Carvalho-Avocat-et-Mandataire-immobilier-526424724449647\/posts\/\">Facebook<\/a>.<\/p>\n","protected":false},"excerpt":{"rendered":"<p>La R\u00e9glementation de la location saisonni\u00e8re \u00e0 Nice\u00a0 Les r\u00e8gles sur la location saisonni\u00e8re sont souvent mal comprises. Me Ribeiro, Avocat en droit immobilier \u00e0 Nice vous propose un r\u00e9capitulatif des r\u00e8gles qu&rsquo;un particulier doit imp\u00e9rativement connaitre pour louer son logement sur des plateformes type Airbnb ou Booking. La location de meubl\u00e9s touristiques consiste en [&#8230;]\n","protected":false},"author":1,"featured_media":0,"parent":0,"menu_order":0,"comment_status":"closed","ping_status":"closed","template":"","meta":{"footnotes":""},"class_list":["post-1382","page","type-page","status-publish","hentry"],"_links":{"self":[{"href":"https:\/\/ribeiro-avocat.com\/index.php\/wp-json\/wp\/v2\/pages\/1382","targetHints":{"allow":["GET"]}}],"collection":[{"href":"https:\/\/ribeiro-avocat.com\/index.php\/wp-json\/wp\/v2\/pages"}],"about":[{"href":"https:\/\/ribeiro-avocat.com\/index.php\/wp-json\/wp\/v2\/types\/page"}],"author":[{"embeddable":true,"href":"https:\/\/ribeiro-avocat.com\/index.php\/wp-json\/wp\/v2\/users\/1"}],"replies":[{"embeddable":true,"href":"https:\/\/ribeiro-avocat.com\/index.php\/wp-json\/wp\/v2\/comments?post=1382"}],"version-history":[{"count":12,"href":"https:\/\/ribeiro-avocat.com\/index.php\/wp-json\/wp\/v2\/pages\/1382\/revisions"}],"predecessor-version":[{"id":2725,"href":"https:\/\/ribeiro-avocat.com\/index.php\/wp-json\/wp\/v2\/pages\/1382\/revisions\/2725"}],"wp:attachment":[{"href":"https:\/\/ribeiro-avocat.com\/index.php\/wp-json\/wp\/v2\/media?parent=1382"}],"curies":[{"name":"wp","href":"https:\/\/api.w.org\/{rel}","templated":true}]}}