{"id":1353,"date":"2019-07-19T17:50:54","date_gmt":"2019-07-19T15:50:54","guid":{"rendered":"https:\/\/ribeiro-avocat.com\/?page_id=1353"},"modified":"2019-07-19T18:03:25","modified_gmt":"2019-07-19T16:03:25","slug":"plus-value-immobiliere-avocat","status":"publish","type":"page","link":"https:\/\/ribeiro-avocat.com\/index.php\/plus-value-immobiliere-avocat\/","title":{"rendered":"Plus value immobili\u00e8re"},"content":{"rendered":"<h1 style=\"text-align: center;\"><span style=\"text-decoration: underline;\"><strong>LA PLUS-VALUE IMMOBILI\u00c8RE\u00a0<\/strong><\/span><\/h1>\n<p>Lorsque vous vendez un bien immobilier que ce soit un appartement, une maison ou un terrain, vous \u00eates susceptibles de r\u00e9aliser une plus-value immobili\u00e8re. Ma\u00eetre Ribeiro de Carvalho, Avocat en Droit immobilier peut vous conseiller sur toutes les probl\u00e9matiques li\u00e9es \u00e0 la plus-value immobili\u00e8re.<\/p>\n<p>La loi pr\u00e9voit en d\u00e9tail le calcul de cet imp\u00f4t qui peut parfois g\u00e9n\u00e9rer du contentieux.<\/p>\n<h3><span style=\"text-decoration: underline;\">I Le principe du calcul de la plus-value immobili\u00e8re<\/span><\/h3>\n<p>La plus-value immobili\u00e8re est \u00e9gale \u00e0 la diff\u00e9rence entre le prix de vente et le prix d&rsquo;achat (ou le prix d\u00e9clar\u00e9 lorsque le bien a \u00e9t\u00e9 re\u00e7u par donation ou succession).<\/p>\n<p>La plus-value immobili\u00e8re est \u00e9gale \u00e0 la diff\u00e9rence entre le prix de vente et le prix d\u2019achat ou la valeur d\u00e9clar\u00e9e, lorsque le bien a \u00e9t\u00e9 re\u00e7u par\u00a0<span class=\"lexicon-term\" tabindex=\"0\" role=\"button\" data-placement=\"auto\" data-title=\"donation\" data-content=\"Convention par laquelle une personne transf\u00e8re \u00e0 une autre son droit de propri\u00e9t\u00e9 (ou une partie seulement de celui-ci) sur une chose ou un ensemble de choses, sans contrepartie. Celui qui donne est le donateur celui qui re\u00e7oit le donataire.\">donation<\/span>\u00a0ou\u00a0<span class=\"lexicon-term\" tabindex=\"0\" role=\"button\" data-placement=\"auto\" data-title=\"succession\" data-content=\"Transmission du patrimoine d'une personne d\u00e9funte ou masse du patrimoine ainsi transmis.\" data-target=\"webuiPopover1\">succession.<\/span><\/p>\n<p>N\u00e9anmoins, il faut pas prendre en compte les chiffres tels que stipul\u00e9s dans l&rsquo;acte de vente ou de succession. De nombreuses r\u00e8gles existes pour d\u00e9terminer d&rsquo;un point de vue fiscal le montant brut de la plus-value.<\/p>\n<h4><span style=\"text-decoration: underline;\">A) D\u00e9terminer la plus-value brute pour calculer le chiffre sur lequel les abattements fiscaux vont s&rsquo;appliquer<\/span><\/h4>\n<p>Pour calculer la plus-value brut, il faut calculer le prix d&rsquo;acquisition\u00a0<em><span style=\"text-decoration: underline;\">corrig\u00e9<\/span><\/em> et le prix de vente <em><span style=\"text-decoration: underline;\">corrig\u00e9<\/span><\/em>.<\/p>\n<p>Le prix d&rsquo;acquisition corrig\u00e9 est \u00e9gale au prix figurant dans l&rsquo;acte + les frais d\u2019acquisition (frais de Notaire et commission d&rsquo;agence par exemple) + les frais de travaux.<\/p>\n<p>Les frais de travaux peuvent \u00eatre int\u00e9gralement r\u00e9percut\u00e9 sur justificatif. A d\u00e9faut, vous b\u00e9n\u00e9ficierez d&rsquo;un abattement forfaitaire de 15% uniquement si vous avez d\u00e9tenu le bien plus de cinq ans.<\/p>\n<p>Le prix de cession corrig\u00e9 est \u00e9gale au prix de cession &#8211; les frais d&rsquo;agence.<\/p>\n<h4><span style=\"text-decoration: underline;\">B) Appliquer les abattements fiscaux pour calculer la plus-value nette<\/span><\/h4>\n<p>Une fois que vous avez obtenu votre plus-value brute, vous allez b\u00e9n\u00e9ficier d\u2019abattements fiscaux en fonction de la dur\u00e9e de d\u00e9tention qui permettront de minorer le montant d\u00e9finitif de l&rsquo;imp\u00f4t en fonction de la dur\u00e9e de d\u00e9tention.<\/p>\n<table>\n<tbody>\n<tr>\n<th><strong>NOMBRE D\u2019ANN\u00c9ESDE D\u00c9TENTION DU BIEN VENDU<\/strong><\/th>\n<th><strong>% D\u2019ABATTEMENT<br \/>\nAU TITRE DE L\u2019IMP\u00d4T SUR LE REVENU<\/strong><\/th>\n<th><strong>% D\u2019ABATTEMENT<br \/>\nAU TITRE DES PR\u00c9L\u00c8VEMENTS SOCIAUX<\/strong><\/th>\n<\/tr>\n<tr>\n<td>Moins de 6<\/td>\n<td>0%<\/td>\n<td>0%<\/td>\n<\/tr>\n<tr>\n<td>6<\/td>\n<td>5%<\/td>\n<td>1,65%<\/td>\n<\/tr>\n<tr>\n<td>7<\/td>\n<td>10%<\/td>\n<td>3,30%<\/td>\n<\/tr>\n<tr>\n<td>8<\/td>\n<td>15%<\/td>\n<td>4,95%<\/td>\n<\/tr>\n<tr>\n<td>9<\/td>\n<td>20%<\/td>\n<td>6,60%<\/td>\n<\/tr>\n<tr>\n<td>10<\/td>\n<td>25%<\/td>\n<td>8,25%<\/td>\n<\/tr>\n<tr>\n<td>11<\/td>\n<td>30%<\/td>\n<td>9,90%<\/td>\n<\/tr>\n<tr>\n<td>12<\/td>\n<td>35%<\/td>\n<td>11,55%<\/td>\n<\/tr>\n<tr>\n<td>13<\/td>\n<td>40%<\/td>\n<td>13,20%<\/td>\n<\/tr>\n<tr>\n<td>14<\/td>\n<td>45%<\/td>\n<td>14,85%<\/td>\n<\/tr>\n<tr>\n<td>15<\/td>\n<td>50%<\/td>\n<td>16,50%<\/td>\n<\/tr>\n<tr>\n<td>16<\/td>\n<td>55%<\/td>\n<td>18,15%<\/td>\n<\/tr>\n<tr>\n<td>17<\/td>\n<td>60%<\/td>\n<td>19,80%<\/td>\n<\/tr>\n<tr>\n<td>18<\/td>\n<td>65%<\/td>\n<td>21,45%<\/td>\n<\/tr>\n<tr>\n<td>19<\/td>\n<td>70%<\/td>\n<td>23,10%<\/td>\n<\/tr>\n<tr>\n<td>20<\/td>\n<td>75%<\/td>\n<td>24,75%<\/td>\n<\/tr>\n<tr>\n<td>21<\/td>\n<td>80%<\/td>\n<td>26,40%<\/td>\n<\/tr>\n<tr>\n<td>22<\/td>\n<td>85%<\/td>\n<td>28,00%<\/td>\n<\/tr>\n<tr>\n<td>23<\/td>\n<td>90%<\/td>\n<td>37,00%<\/td>\n<\/tr>\n<tr>\n<td>24<\/td>\n<td>95%<\/td>\n<td>46,00%<\/td>\n<\/tr>\n<tr>\n<td>25<\/td>\n<td rowspan=\"6\">100%<\/td>\n<td>55,00%<\/td>\n<\/tr>\n<tr>\n<td>26<\/td>\n<td>64,00%<\/td>\n<\/tr>\n<tr>\n<td>27<\/td>\n<td>73,00%<\/td>\n<\/tr>\n<tr>\n<td>28<\/td>\n<td>82,00%<\/td>\n<\/tr>\n<tr>\n<td>29<\/td>\n<td>91,00%<\/td>\n<\/tr>\n<tr>\n<td>30<\/td>\n<td>100,00%<\/td>\n<\/tr>\n<\/tbody>\n<\/table>\n<h4><span style=\"text-decoration: underline;\">C) Calculer le montant de l&rsquo;imposition sur la base de la plus value nette.<\/span><\/h4>\n<p>Une fois que vous avez appliqu\u00e9 l\u2019abattement, vous obtenez donc le montant net de votre plus value.<\/p>\n<p>C&rsquo;est uniquement sur ce chiffre que vous pourrez enfin appliquer le pourcentage de l&rsquo;imp\u00f4ts pr\u00e9vu par le Code g\u00e9n\u00e9ral des imp\u00f4ts.<\/p>\n<p>S&rsquo;agissant de l&rsquo;imp\u00f4t sur le revenu, le pr\u00e9l\u00e8vement est de 19 %.<\/p>\n<p>S&rsquo;agissant des pr\u00e9l\u00e8vements sociaux, le montant est de 17,2 %.<\/p>\n<p>En additionnant ces deux chiffres vous obtenez enfin le montant pr\u00e9cis de votre imp\u00f4ts d\u00fb au titre de la plus-value immobili\u00e8re.<\/p>\n<p>Une taxe additionnelle peut toutefois s&rsquo;appliquer lorsque la plus-value est consid\u00e9r\u00e9e comme importante.<\/p>\n<p>Me Ribeiro de Carvalho, Avocat en Droit immobilier \u00e0 Nice vous r\u00e9digera prochainement un article sur les cas d\u2019exon\u00e9ration de l&rsquo;imp\u00f4t sur la plus-value immobili\u00e8re.<\/p>\n<p>Suivez ses actualit\u00e9s sur son <a href=\"http:\/\/ribeiro-avocat.com\/\">site<\/a>, son <a href=\"https:\/\/www.linkedin.com\/in\/philippe-ribeiro-de-carvalho-593662110\/\">linkedin<\/a> ou son <a href=\"https:\/\/www.facebook.com\/Ribeiro-de-Carvalho-Avocat-et-Mandataire-immobilier-526424724449647\/?modal=admin_todo_tour\">Facebook<\/a>.<\/p>\n","protected":false},"excerpt":{"rendered":"<p>LA PLUS-VALUE IMMOBILI\u00c8RE\u00a0 Lorsque vous vendez un bien immobilier que ce soit un appartement, une maison ou un terrain, vous \u00eates susceptibles de r\u00e9aliser une plus-value immobili\u00e8re. Ma\u00eetre Ribeiro de Carvalho, Avocat en Droit immobilier peut vous conseiller sur toutes les probl\u00e9matiques li\u00e9es \u00e0 la plus-value immobili\u00e8re. La loi pr\u00e9voit en d\u00e9tail le calcul de [&#8230;]\n","protected":false},"author":1,"featured_media":0,"parent":0,"menu_order":0,"comment_status":"closed","ping_status":"closed","template":"","meta":{"footnotes":""},"class_list":["post-1353","page","type-page","status-publish","hentry"],"_links":{"self":[{"href":"https:\/\/ribeiro-avocat.com\/index.php\/wp-json\/wp\/v2\/pages\/1353","targetHints":{"allow":["GET"]}}],"collection":[{"href":"https:\/\/ribeiro-avocat.com\/index.php\/wp-json\/wp\/v2\/pages"}],"about":[{"href":"https:\/\/ribeiro-avocat.com\/index.php\/wp-json\/wp\/v2\/types\/page"}],"author":[{"embeddable":true,"href":"https:\/\/ribeiro-avocat.com\/index.php\/wp-json\/wp\/v2\/users\/1"}],"replies":[{"embeddable":true,"href":"https:\/\/ribeiro-avocat.com\/index.php\/wp-json\/wp\/v2\/comments?post=1353"}],"version-history":[{"count":7,"href":"https:\/\/ribeiro-avocat.com\/index.php\/wp-json\/wp\/v2\/pages\/1353\/revisions"}],"predecessor-version":[{"id":1361,"href":"https:\/\/ribeiro-avocat.com\/index.php\/wp-json\/wp\/v2\/pages\/1353\/revisions\/1361"}],"wp:attachment":[{"href":"https:\/\/ribeiro-avocat.com\/index.php\/wp-json\/wp\/v2\/media?parent=1353"}],"curies":[{"name":"wp","href":"https:\/\/api.w.org\/{rel}","templated":true}]}}