{"id":129,"date":"2018-04-11T18:07:15","date_gmt":"2018-04-11T16:07:15","guid":{"rendered":"http:\/\/ribeiro-avocat.com\/?page_id=129"},"modified":"2019-04-26T16:29:15","modified_gmt":"2019-04-26T14:29:15","slug":"exemple-deduction-fiscale","status":"publish","type":"page","link":"https:\/\/ribeiro-avocat.com\/index.php\/exemple-deduction-fiscale\/","title":{"rendered":"Honoraires transparents"},"content":{"rendered":"    <div class=\"box has-hover has-hover box-text-bottom\" >\n\n                  <div class=\"box-image \" style=\"width:18%;\">\n           <div class=\"box-image-inner image-cover\" style=\"border-radius:100%;padding-top:100%;\">\n              <img loading=\"lazy\" decoding=\"async\" width=\"4000\" height=\"3000\" src=\"https:\/\/ribeiro-avocat.com\/wp-content\/uploads\/2018\/04\/7385180-11372774.jpg\" class=\"attachment- size-\" alt=\"\" srcset=\"https:\/\/ribeiro-avocat.com\/wp-content\/uploads\/2018\/04\/7385180-11372774.jpg 4000w, https:\/\/ribeiro-avocat.com\/wp-content\/uploads\/2018\/04\/7385180-11372774-300x225.jpg 300w, https:\/\/ribeiro-avocat.com\/wp-content\/uploads\/2018\/04\/7385180-11372774-768x576.jpg 768w, https:\/\/ribeiro-avocat.com\/wp-content\/uploads\/2018\/04\/7385180-11372774-1024x768.jpg 1024w, https:\/\/ribeiro-avocat.com\/wp-content\/uploads\/2018\/04\/7385180-11372774-600x450.jpg 600w\" sizes=\"auto, (max-width: 4000px) 100vw, 4000px\" \/>                         <\/div>\n          <\/div>\n         \n          <div class=\"box-text text-center is-large\" >\n                <div class=\"box-text-inner\">\n                  <h4 class=\"uppercase\">\n                    <span class=\"person-name\">des honoraires transparents<\/span><br\/>\n                    <span class=\"person-title is-small thin-font op-7\">\n                                          <\/span>\n                  <\/h4>\n\t\t\t\t\t\n                <\/div>\n          <\/div>\n    <\/div>\n\n\t\n    \n<h4><span style=\"text-decoration: underline;\">&#8211; La signature pr\u00e9alable d&rsquo;une convention d&rsquo;honoraire :<\/span><\/h4>\n<p>L&rsquo;avocat exerce une activit\u00e9 de mandataire immobilier \u00e0 titre accessoire. Il\u00a0 a l&rsquo;obligation d&rsquo;\u00e9tablir une convention d&rsquo;honoraire avec le Client afin de prot\u00e9ger les deux parties.<\/p>\n<p>Toute prestation fera donc l&rsquo;objet de la signature d&rsquo;une convention. Ce contrat refl\u00e8te un accord entre le Client et l&rsquo;Avocat.<\/p>\n<h4><span style=\"text-decoration: underline;\">&#8211; Les honoraires de n\u00e9gociations n&rsquo;entre pas dans l&rsquo;assiette d\u2019imposition des frais de mutations :<\/span><\/h4>\n<p>Lorsqu&rsquo;une offre d&rsquo;achat est correctement r\u00e9dig\u00e9e par un professionnel comp\u00e9tent, le montant des honoraires \u00e0 la charge de l&rsquo;acqu\u00e9reur peuvent \u00eatre exclus du calcul des frais de mutation. (Couramment appel\u00e9s frais de notaire).<\/p>\n<p>La cons\u00e9quence directe est une baisse du montant des frais de mutation.<\/p>\n<h4><span style=\"text-decoration: underline;\">&#8211; Dans 70 % des cas, les honoraires de n\u00e9gociations ne conduisent pas \u00e0 une augmentation du prix pour l&rsquo;acqu\u00e9reur.<\/span><\/h4>\n<p>70 % correspond au pourcentage de vente faites par des agences immobili\u00e8res et comprenant donc des honoraires de n\u00e9gociation dans le prix affich\u00e9.<\/p>\n<p>Dans le cadre des n\u00e9gociations, l&rsquo;avocat mandataire immobilier impose un partage de ces honoraires afin de ne pas augmenter le prix d&rsquo;achat.<\/p>\n<p>Il peut alors r\u00e9diger des offres de mani\u00e8re \u00e0 minorer l&rsquo;assiette d&rsquo;imposition des frais de notaire.<\/p>\n<p>Dans ces cas l\u00e0, l&rsquo;intervention de l&rsquo;avocat mandataire immobilier dans la recherche d&rsquo;un bien n&rsquo;aura conduit \u00e0 aucune augmentation du prix propos\u00e9 par le vendeur s&rsquo;agissant des honoraires de n\u00e9gociations.<\/p>\n<p>Au contraire, comme expliqu\u00e9 pr\u00e9c\u00e9demment, il en r\u00e9sultera une baisse du montant des frais de notaire.<\/p>\n","protected":false},"excerpt":{"rendered":"<p>&#8211; La signature pr\u00e9alable d&rsquo;une convention d&rsquo;honoraire : L&rsquo;avocat exerce une activit\u00e9 de mandataire immobilier \u00e0 titre accessoire. Il\u00a0 a l&rsquo;obligation d&rsquo;\u00e9tablir une convention d&rsquo;honoraire avec le Client afin de prot\u00e9ger les deux parties. Toute prestation fera donc l&rsquo;objet de la signature d&rsquo;une convention. Ce contrat refl\u00e8te un accord entre le Client et l&rsquo;Avocat. &#8211; [&#8230;]\n","protected":false},"author":1,"featured_media":0,"parent":0,"menu_order":0,"comment_status":"closed","ping_status":"closed","template":"","meta":{"footnotes":""},"class_list":["post-129","page","type-page","status-publish","hentry"],"_links":{"self":[{"href":"https:\/\/ribeiro-avocat.com\/index.php\/wp-json\/wp\/v2\/pages\/129","targetHints":{"allow":["GET"]}}],"collection":[{"href":"https:\/\/ribeiro-avocat.com\/index.php\/wp-json\/wp\/v2\/pages"}],"about":[{"href":"https:\/\/ribeiro-avocat.com\/index.php\/wp-json\/wp\/v2\/types\/page"}],"author":[{"embeddable":true,"href":"https:\/\/ribeiro-avocat.com\/index.php\/wp-json\/wp\/v2\/users\/1"}],"replies":[{"embeddable":true,"href":"https:\/\/ribeiro-avocat.com\/index.php\/wp-json\/wp\/v2\/comments?post=129"}],"version-history":[{"count":30,"href":"https:\/\/ribeiro-avocat.com\/index.php\/wp-json\/wp\/v2\/pages\/129\/revisions"}],"predecessor-version":[{"id":1165,"href":"https:\/\/ribeiro-avocat.com\/index.php\/wp-json\/wp\/v2\/pages\/129\/revisions\/1165"}],"wp:attachment":[{"href":"https:\/\/ribeiro-avocat.com\/index.php\/wp-json\/wp\/v2\/media?parent=129"}],"curies":[{"name":"wp","href":"https:\/\/api.w.org\/{rel}","templated":true}]}}