{"id":1171,"date":"2019-04-28T16:07:57","date_gmt":"2019-04-28T14:07:57","guid":{"rendered":"https:\/\/ribeiro-avocat.com\/?page_id=1171"},"modified":"2025-11-01T16:57:00","modified_gmt":"2025-11-01T15:57:00","slug":"expulsion-locataire","status":"publish","type":"page","link":"https:\/\/ribeiro-avocat.com\/index.php\/droit-immobilier\/expulsion-locataire\/","title":{"rendered":"expulsion locataire"},"content":{"rendered":"<h1 style=\"text-align: center;\"><span style=\"color: #000000;\"><b>Avocat en proc\u00e9dure d&rsquo;expulsion et droit locatif \u00e0 Nice<\/b><\/span><\/h1>\n<p style=\"text-align: justify;\"><span style=\"color: #000000;\">Ma\u00eetre RIBEIRO DE CARVALHO, <a href=\"https:\/\/ribeiro-avocat.com\/\"><strong>Avocat en droit immobilier \u00e0 Nice<\/strong><\/a>, vous assiste et vous conseille dans la <strong>proc\u00e9dure d&rsquo;expulsion<\/strong> que vous soyez locataire ou propri\u00e9taire. L&rsquo;assistance d&rsquo;un avocat est incontournable pour limier les risques d&rsquo;augmentation de la dette ou de d\u00e9gradation du bien. Me Ribeiro vous assistera \u00e0 chaque \u00e9tape de la proc\u00e9dure afin de pouvoir obtenir la restitution le plus rapidement possible de votre bien immobilier et de pouvoir recouvrer la dette locative. Vous pouvez contacter Me Ribeiro au num\u00e9ro suivant : 06.24.05.97.01 et retrouver l&rsquo;ensemble de ses coordonn\u00e9es <a href=\"https:\/\/ribeiro-avocat.com\/index.php\/me-ribeiro-de-carvalho-a-propos-2\/\">ici<\/a>.<\/span><\/p>\n<h2 style=\"text-align: left;\"><span style=\"text-decoration: underline; color: #000000;\"><b><u>Dans quel cas peut-on demander l&rsquo;expulsion de son locataire <\/u><\/b><b><u>pour des impay\u00e9s de loyers?<\/u><\/b><\/span><\/h2>\n<p style=\"text-align: justify;\"><span style=\"color: #000000;\">La proc\u00e9dure d&rsquo;expulsion est une proc\u00e9dure judiciaire qui vise \u00e0 contraindre un locataire qui ne respecte pas l&rsquo;une des obligations essentielles de son contrat \u00e0 quitter le logement. Cette proc\u00e9dure peut parfois s&rsquo;av\u00e9rer longue et compliqu\u00e9e au regard d&rsquo;une part de l&rsquo;engorgement des juridictions fran\u00e7aises mais \u00e9galement des nombreux pi\u00e8ges \u00e0 \u00e9viter. Le Cabinet pratique des honoraires sous forme de forfait pour son accompagnement juridique durant la proc\u00e9dure (mise en demeure, assignation, conclusions, audiences etc).<\/span><\/p>\n<p style=\"text-align: justify;\"><span style=\"color: #000000;\">Le droit de la location est r\u00e9gi par la loi du 6 juillet 1989 modifi\u00e9e par la loi dite ALUR du 24 mars 2014. Ces dispositions visent \u00e0 encadrer strictement les conditions de la proc\u00e9dure d&rsquo;expulsion.<\/span><\/p>\n<h3><span style=\"color: #000000;\">\u00a0 \u00a0 \u00a0<span style=\"text-decoration: underline;\">1) L&rsquo;existence d&rsquo;une clause r\u00e9solutoire.<\/span><\/span><\/h3>\n<p style=\"text-align: justify;\"><span style=\"color: #000000;\">Cette loi pose la premi\u00e8re condition pour autoriser la r\u00e9siliation du bail dans de bonnes conditions : l&rsquo;existence d&rsquo;une clause r\u00e9solutoire. Nous verrons dans un autre article qu&rsquo;il est possible d&rsquo;obtenir une r\u00e9siliation du bail sans cette clause mais la proc\u00e9dure est beaucoup plus longue, al\u00e9atoire et moins fr\u00e9quente.<\/span><\/p>\n<p style=\"text-align: justify;\"><span style=\"color: #000000;\">Une clause r\u00e9solutoire est un clause ins\u00e9r\u00e9e dans le contrat de bail qui permet de demander au juge la r\u00e9siliation du bail si l&rsquo;une des obligations pr\u00e9vues n&rsquo;est pas respect\u00e9es par le locataire. Cette clause est d&rsquo;une efficacit\u00e9 redoutable car le Juge sera tenu par cette clause et n&rsquo;aura d&rsquo;autre choix que de r\u00e9silier le bail s&rsquo;il constate qu&rsquo;une des obligations au contrat n&rsquo;a pas \u00e9t\u00e9 respect\u00e9es par le locataire.<\/span><\/p>\n<h3><span style=\"color: #000000;\">\u00a0 \u00a0 \u00a02<span style=\"text-decoration: underline;\">)\u00a0 La violation d&rsquo;une obligation vis\u00e9e dans la clause r\u00e9solutoire<\/span><\/span><\/h3>\n<p><span style=\"color: #000000;\">Il existe trois motifs possibles pour obtenir la r\u00e9siliation du bail via l&rsquo;actionnement de la clause r\u00e9solutoire :<\/span><\/p>\n<ul>\n<li><span style=\"color: #000000;\">Le d\u00e9faut de paiement dans les 2 mois suivant un commandement de payer ;<\/span><\/li>\n<li><span style=\"color: #000000;\">Le d\u00e9faut de justification d&rsquo;une assurance habitation ;<\/span><\/li>\n<li><span style=\"color: #000000;\">Des nuisances graves dans la jouissance des lieux.<\/span><\/li>\n<\/ul>\n<p style=\"text-align: justify;\"><span style=\"color: #000000;\">Ainsi, le contrat de bail doit \u00eatre correctement r\u00e9dig\u00e9. La clause r\u00e9solutoire doit pr\u00e9voir qu&rsquo;en cas de violation de l&rsquo;une de ces obligations, le contrat de bail pourra \u00eatre automatiquement r\u00e9sili\u00e9 par le Juge.<\/span><\/p>\n<p><span style=\"color: #000000;\">Voyons maintenant comment se d\u00e9roule la proc\u00e9dure dans son int\u00e9gralit\u00e9.<\/span><\/p>\n<p><img loading=\"lazy\" decoding=\"async\" class=\"aligncenter wp-image-2195\" src=\"https:\/\/ribeiro-avocat.com\/wp-content\/uploads\/2022\/10\/contrat-loc-300x199.jpg\" alt=\"\" width=\"600\" height=\"398\" srcset=\"https:\/\/ribeiro-avocat.com\/wp-content\/uploads\/2022\/10\/contrat-loc-300x199.jpg 300w, https:\/\/ribeiro-avocat.com\/wp-content\/uploads\/2022\/10\/contrat-loc-1024x680.jpg 1024w, https:\/\/ribeiro-avocat.com\/wp-content\/uploads\/2022\/10\/contrat-loc-768x510.jpg 768w, https:\/\/ribeiro-avocat.com\/wp-content\/uploads\/2022\/10\/contrat-loc-1536x1020.jpg 1536w, https:\/\/ribeiro-avocat.com\/wp-content\/uploads\/2022\/10\/contrat-loc-600x398.jpg 600w, https:\/\/ribeiro-avocat.com\/wp-content\/uploads\/2022\/10\/contrat-loc.jpg 1691w\" sizes=\"auto, (max-width: 600px) 100vw, 600px\" \/><\/p>\n<h2><span style=\"text-decoration: underline; color: #000000;\"><strong>Comment se d\u00e9roule une proc\u00e9dure d&rsquo;expulsion \u00e0 Nice ?<\/strong><\/span><\/h2>\n<h3><span style=\"color: #000000;\">\u00a0 \u00a0 <span style=\"text-decoration: underline;\">1) Les \u00e9tapes avant avant le proc\u00e8s : la d\u00e9livrance du commandement de payer et la saisie conservatoire.<\/span><\/span><\/h3>\n<p style=\"text-align: justify;\"><span style=\"color: #000000;\">La premi\u00e8re \u00e9tape pour obtenir la r\u00e9solution du contrat de bail est de d\u00e9livrer un commandement d&rsquo;huissier de payer les loyers. Il est bien \u00e9videmment recommand\u00e9 d&rsquo;adresser au pr\u00e9alable un courrier de mise en demeure de payer la dette.<\/span><\/p>\n<p style=\"text-align: justify;\"><span style=\"color: #000000;\">Concr\u00e8tement, l&rsquo;huissier se d\u00e9placera sur place et d\u00e9livrera un commandement de payer l&rsquo;int\u00e9gralit\u00e9 des loyers dus ainsi que ses propres frais (qu&rsquo;il aura fallu au pr\u00e9alable avancer). <\/span><span style=\"color: #000000;\">En parall\u00e8le du commandement de payer, il est \u00e9galement possible d&rsquo;effectuer une saisie conservatoire sur le compte bancaire du locataire. <\/span><span style=\"color: #000000;\">Cette proc\u00e9dure est peu connue des justiciables mais redoutablement efficace. Elle vise \u00e0 bloquer directement sur les comptes bancaires une partie des sommes dues. Ces sommes seront ensuite revers\u00e9es au propri\u00e9taire tr\u00e8s rapidement \u00e0 l&rsquo;issue du proc\u00e8s sans attendre de forcer l&rsquo;ex\u00e9cution de la d\u00e9cision. <\/span><span style=\"color: #000000;\">Cette saisie conservatoire peut se faire avant le proc\u00e8s et ne n\u00e9cessite aucune diligence particuli\u00e8re: il convient uniquement de demander \u00e0 l&rsquo;huissier de tenter une saisie conservatoire sur les comptes du locataire.<\/span><\/p>\n<p style=\"text-align: justify;\"><span style=\"color: #000000;\">Pass\u00e9 un d\u00e9lai de six semaines, si des loyers restent dus, il est alors possible de d\u00e9livrer une assignation devant le Tribunal d&rsquo;instance statuant en r\u00e9f\u00e9r\u00e9. Cette assignation visera \u00e0 obtenir la r\u00e9siliation du bail et une condamnation au paiement de la dette. Bien \u00e9videmment, il est \u00e9galement possible de r\u00e9clamer le remboursement des frais d&rsquo;avocat et d&rsquo;huissier engag\u00e9s.<\/span><\/p>\n<h3><span style=\"color: #000000;\">\u00a0 \u00a0 <span style=\"text-decoration: underline;\">\u00a02) La proc\u00e9dure d&rsquo;expulsion &#8211; le proc\u00e8s<\/span><\/span><\/h3>\n<p style=\"text-align: justify;\"><span style=\"color: #000000;\">Une fois l&rsquo;assignation d\u00e9livr\u00e9e, votre audience sera fix\u00e9e par le Greffe. Le jour de l&rsquo;audience, l&rsquo;affaire peut \u00eatre renvoy\u00e9e si le dossier n&rsquo;est pas en \u00e9tat d&rsquo;\u00eatre jug\u00e9. R\u00e9guli\u00e8rement les locataires sollicitent de nombreux d\u00e9lais auxquels il peut parfois \u00eatre difficile de s&rsquo;opposer. Me Ribeiro veille n\u00e9anmoins que l&rsquo;affaire ne traine pas en longueur et peut solliciter des injonctions de conclure \u00e0 l&rsquo;avocat adverse.<\/span><\/p>\n<p style=\"text-align: justify;\"><span style=\"color: #000000;\">Le jour de l&rsquo;audience, les parties font \u00e9tat de leur demande. Tr\u00e8s souvent, le locataire fait une demande de d\u00e9lai de paiement pouvant aller jusqu&rsquo;\u00e0 36 mois.<\/span><\/p>\n<p><span style=\"color: #000000;\">S&rsquo;il est de mauvaise foi, le Tribunal rejettera ces demandes.<\/span><\/p>\n<p><span style=\"color: #000000;\">Le locataire sera alors condamn\u00e9 \u00e0 :<\/span><\/p>\n<ul>\n<li><span style=\"color: #000000;\">La r\u00e9siliation du bail ;<\/span><\/li>\n<li><span style=\"color: #000000;\">Payer les loyers dus ;<\/span><\/li>\n<li><span style=\"color: #000000;\">Payer une indemnit\u00e9 d&rsquo;occupation correspondant au montant de l&rsquo;ancien loyer ;<\/span><\/li>\n<li><span style=\"color: #000000;\">Rembourser les frais d&rsquo;avocat ;<\/span><\/li>\n<li><span style=\"color: #000000;\">L&rsquo;expulsion du logement.<\/span><\/li>\n<\/ul>\n<h2><span style=\"color: #000000;\"><strong><span style=\"text-decoration: underline;\">III L&rsquo;ex\u00e9cution de la d\u00e9cision d&rsquo;expulsion<\/span><\/strong><\/span><\/h2>\n<p><span style=\"color: #000000;\">Le parcours n&rsquo;est malheureusement pas fini apr\u00e8s le proc\u00e8s.<\/span><\/p>\n<p><span style=\"color: #000000;\">Une fois la d\u00e9cision de justice en main. Vous devez encore faire ex\u00e9cuter le jugement.<\/span><\/p>\n<p style=\"text-align: justify;\"><span style=\"color: #000000;\">Il convient tout d&rsquo;abord de demander \u00e0 l&rsquo;huissier de signifier la d\u00e9cision. L&rsquo;objectif est de faire partir les d\u00e9lais d&rsquo;appel ainsi que la possibilit\u00e9 de forcer l&rsquo;ex\u00e9cution de la d\u00e9cision. Une fois la d\u00e9cision signifi\u00e9e, vous pourrez r\u00e9cup\u00e9rer assez facilement les sommes saisies \u00e0 titre conservatoire si vous avez d\u00e9pos\u00e9 cette requ\u00eate avant le proc\u00e8s. <\/span><span style=\"color: #000000;\">A d\u00e9faut, si le d\u00e9biteur ne s&rsquo;ex\u00e9cute pas de lui m\u00eame vous pouvez demander \u00e0 l&rsquo;huissier une saisie sur compte.<\/span><\/p>\n<p style=\"text-align: justify;\"><span style=\"color: #000000;\">Enfin, si l&rsquo;ancien locataire ne part pas de lui m\u00eame, vous pourrez demander son expulsion avec le concours de la force publique sous r\u00e9serve de la tr\u00eave hivernale. Il faut pour cela d\u00e9livrer un commandement d&rsquo;avoir \u00e0 quitter les lieux avec l&rsquo;aide de l&rsquo;huissier. Dans l&rsquo;intervalle, il ne sera plus consid\u00e9r\u00e9 comme locataire mais comme habitant sans droit ni titre. Il devra payer une indemnit\u00e9 d&rsquo;occupation correspondant au montant de l&rsquo;ancien loyer.<\/span><\/p>\n<p style=\"text-align: justify;\"><span style=\"color: #000000;\">Il arrive r\u00e9guli\u00e8rement que la <a href=\"https:\/\/www.service-public.fr\/particuliers\/vosdroits\/F31272\">Pr\u00e9fecture<\/a> n&rsquo;octroie pas le concours de la force public. Me Ribeiro propose alors d&rsquo;exercer un recours contre l&rsquo;\u00e9tat pour obtenir une prise en charge des loyers impay\u00e9s par l&rsquo;Etat jusqu&rsquo;\u00e0 la lib\u00e9ration effective des lieux.<\/span><\/p>\n<p><span style=\"color: #000000;\">N&rsquo;h\u00e9sitez pas \u00e0 appeler le cabinet de Ma\u00eetre RIBEIRO DE CARVALHO,<strong> Avocat en droit immobilier \u00e0 Nice<\/strong>, pour plus de renseignements ou consulter ses actualit\u00e9s sur <a style=\"color: #000000;\" href=\"https:\/\/ribeiro-avocat.com\/index.php\/actualite-juridique\/\">son site<\/a> ou sur les <a style=\"color: #000000;\" href=\"https:\/\/www.linkedin.com\/in\/philippe-ribeiro-de-carvalho-593662110\/\">r\u00e9seaux sociaux.<\/a><\/span><\/p>\n","protected":false},"excerpt":{"rendered":"<p>Avocat en proc\u00e9dure d&rsquo;expulsion et droit locatif \u00e0 Nice Ma\u00eetre RIBEIRO DE CARVALHO, Avocat en droit immobilier \u00e0 Nice, vous assiste et vous conseille dans la proc\u00e9dure d&rsquo;expulsion que vous soyez locataire ou propri\u00e9taire. L&rsquo;assistance d&rsquo;un avocat est incontournable pour limier les risques d&rsquo;augmentation de la dette ou de d\u00e9gradation du bien. Me Ribeiro vous [&#8230;]\n","protected":false},"author":1,"featured_media":0,"parent":1125,"menu_order":0,"comment_status":"closed","ping_status":"closed","template":"","meta":{"footnotes":""},"class_list":["post-1171","page","type-page","status-publish","hentry"],"_links":{"self":[{"href":"https:\/\/ribeiro-avocat.com\/index.php\/wp-json\/wp\/v2\/pages\/1171","targetHints":{"allow":["GET"]}}],"collection":[{"href":"https:\/\/ribeiro-avocat.com\/index.php\/wp-json\/wp\/v2\/pages"}],"about":[{"href":"https:\/\/ribeiro-avocat.com\/index.php\/wp-json\/wp\/v2\/types\/page"}],"author":[{"embeddable":true,"href":"https:\/\/ribeiro-avocat.com\/index.php\/wp-json\/wp\/v2\/users\/1"}],"replies":[{"embeddable":true,"href":"https:\/\/ribeiro-avocat.com\/index.php\/wp-json\/wp\/v2\/comments?post=1171"}],"version-history":[{"count":26,"href":"https:\/\/ribeiro-avocat.com\/index.php\/wp-json\/wp\/v2\/pages\/1171\/revisions"}],"predecessor-version":[{"id":2903,"href":"https:\/\/ribeiro-avocat.com\/index.php\/wp-json\/wp\/v2\/pages\/1171\/revisions\/2903"}],"up":[{"embeddable":true,"href":"https:\/\/ribeiro-avocat.com\/index.php\/wp-json\/wp\/v2\/pages\/1125"}],"wp:attachment":[{"href":"https:\/\/ribeiro-avocat.com\/index.php\/wp-json\/wp\/v2\/media?parent=1171"}],"curies":[{"name":"wp","href":"https:\/\/api.w.org\/{rel}","templated":true}]}}